{"id":297520,"date":"2026-02-27T14:46:57","date_gmt":"2026-02-27T12:46:57","guid":{"rendered":"https:\/\/chulointeriors.com\/?post_type=product&#038;p=297520"},"modified":"2026-02-27T14:49:54","modified_gmt":"2026-02-27T12:49:54","slug":"figura-de-vaca-grete-porcelana-bone-china","status":"publish","type":"product","link":"https:\/\/chulointeriors.com\/es\/product\/figura-de-vaca-grete-porcelana-bone-china\/","title":{"rendered":"Figura de vaca GRETE \u2013 Porcelana Bone China"},"content":{"rendered":"<p><strong>Figura de vaca GRETE \u2013 Porcelana Bone China<\/strong><\/p>\n<p>GRETE es una celebraci\u00f3n de la fuerza serena, la autenticidad y la conexi\u00f3n profunda con la naturaleza. En muchas culturas, la vaca es s\u00edmbolo de cuidado, prosperidad, abundancia y paz \u2014 valores que se reflejan en este objeto decorativo de car\u00e1cter escult\u00f3rico. Inspirada en los animales reales que pastan en la finca de Klatt Objects en Louisendorf, GRETE ha sido dise\u00f1ada con un realismo y una presencia emocional excepcionales.<\/p>\n<p>Apoyada firmemente sobre sus cuatro patas y con la mirada relajada hacia el horizonte, la figura transmite estabilidad, serenidad y una elegancia terrenal. Su forma pura y minimalista le otorga un lenguaje contempor\u00e1neo sin perder la calidez de su modelo natural.<\/p>\n<p>Esta pieza exclusiva est\u00e1 elaborada a mano en porcelana Bone China blanca pura, producida de manera tradicional \u2014 el material distintivo de <strong>Klatt Objects<\/strong>, un fabricante alem\u00e1n de \u00e9lite y \u00fanico donde cada objeto se realiza completamente de forma artesanal. Su superficie suave y aterciopelada y los detalles refinados reflejan la m\u00e1xima calidad y un dise\u00f1o atemporal.<\/p>\n<p>GRETE no es solo un objeto decorativo, sino una pieza emocional que aporta calma, naturaleza y simbolismo a los interiores m\u00e1s sofisticados.<\/p>\n<p><strong>Dimensiones:<\/strong><br \/>\nLargo: 22 cm<br \/>\nAncho: 9 cm<br \/>\nAlto: 14,5 cm<\/p>\n<p><strong>Material:<\/strong> Porcelana fina Bone China<br \/>\n<strong>Color:<\/strong> Blanco<br \/>\n<strong>Producci\u00f3n:<\/strong> Hecho a mano en Alemania<\/p>\n","protected":false},"excerpt":{"rendered":"<p>Figura de vaca GRETE \u2013 Porcelana Bone China GRETE es una celebraci\u00f3n de la fuerza serena, la autenticidad y la conexi\u00f3n profunda con la naturaleza. En muchas culturas, la vaca es s\u00edmbolo de cuidado, prosperidad, abundancia y paz \u2014 valores que se reflejan en este objeto decorativo de car\u00e1cter escult\u00f3rico. Inspirada en los animales reales [&hellip;]<\/p>\n","protected":false},"featured_media":297525,"comment_status":"open","ping_status":"closed","template":"","meta":{"_et_pb_use_builder":"","_et_pb_old_content":"","_et_gb_content_width":""},"product_brand":[],"product_cat":[757,2036],"product_tag":[],"class_list":{"0":"post-297520","1":"product","2":"type-product","3":"status-publish","4":"has-post-thumbnail","6":"product_cat-esculturas","7":"product_cat-regalos-de-pascua","9":"first","10":"instock","11":"sale","12":"shipping-taxable","13":"purchasable","14":"product-type-simple"},"_links":{"self":[{"href":"https:\/\/chulointeriors.com\/es\/wp-json\/wp\/v2\/product\/297520","targetHints":{"allow":["GET"]}}],"collection":[{"href":"https:\/\/chulointeriors.com\/es\/wp-json\/wp\/v2\/product"}],"about":[{"href":"https:\/\/chulointeriors.com\/es\/wp-json\/wp\/v2\/types\/product"}],"replies":[{"embeddable":true,"href":"https:\/\/chulointeriors.com\/es\/wp-json\/wp\/v2\/comments?post=297520"}],"wp:featuredmedia":[{"embeddable":true,"href":"https:\/\/chulointeriors.com\/es\/wp-json\/wp\/v2\/media\/297525"}],"wp:attachment":[{"href":"https:\/\/chulointeriors.com\/es\/wp-json\/wp\/v2\/media?parent=297520"}],"wp:term":[{"taxonomy":"product_brand","embeddable":true,"href":"https:\/\/chulointeriors.com\/es\/wp-json\/wp\/v2\/product_brand?post=297520"},{"taxonomy":"product_cat","embeddable":true,"href":"https:\/\/chulointeriors.com\/es\/wp-json\/wp\/v2\/product_cat?post=297520"},{"taxonomy":"product_tag","embeddable":true,"href":"https:\/\/chulointeriors.com\/es\/wp-json\/wp\/v2\/product_tag?post=297520"}],"curies":[{"name":"wp","href":"https:\/\/api.w.org\/{rel}","templated":true}]}}