{"id":297278,"date":"2025-12-09T14:12:11","date_gmt":"2025-12-09T12:12:11","guid":{"rendered":"https:\/\/chulointeriors.com\/?post_type=product&#038;p=297278"},"modified":"2025-12-09T14:41:56","modified_gmt":"2025-12-09T12:41:56","slug":"spray-textil-de-te-y-hierba-de-limon-500ml","status":"publish","type":"product","link":"https:\/\/chulointeriors.com\/es\/product\/spray-textil-de-te-y-hierba-de-limon-500ml\/","title":{"rendered":"Spray Textil de T\u00e9 y Hierba de Lim\u00f3n \u2013 500ml"},"content":{"rendered":"<p>Transforma la atm\u00f3sfera de tu hogar con el aroma de T\u00e9 y Hierba de Lim\u00f3n.<\/p>\n<p>Esta encantadora fragancia es como una bocanada de aire fresco que revitaliza cada espacio, impregnando tus textiles y el ambiente con una sensaci\u00f3n de vitalidad y frescura.<\/p>\n<p>Con notas de c\u00edtricos, bergamota, lim\u00f3n y hierba de lim\u00f3n, este spray textil despierta los sentidos con una explosi\u00f3n de energ\u00eda y frescura. Las notas florales de verbena y hojas de t\u00e9 verde aportan una capa de suavidad y serenidad que completa la experiencia olfativa.<\/p>\n<p>Presentado en un pr\u00e1ctico envase de pl\u00e1stico de 500ml, este spray cuenta con un pulverizador manual que facilita su aplicaci\u00f3n sobre cualquier tejido. Ya sea para revitalizar tus prendas favoritas, perfumar tus cojines o simplemente realzar cualquier espacio del hogar, este producto es la elecci\u00f3n ideal.<\/p>\n<p>Adem\u00e1s, su f\u00f3rmula suave y segura es apta para todo tipo de tejidos, lo que garantiza que puedas disfrutar de su aroma sin preocupaciones. Su envase de pl\u00e1stico es completamente reciclable, lo que te permite disfrutar de sus beneficios mientras contribuyes a la conservaci\u00f3n del planeta.<\/p>\n","protected":false},"excerpt":{"rendered":"<p>Transforma la atm\u00f3sfera de tu hogar con el aroma de T\u00e9 y Hierba de Lim\u00f3n. Esta encantadora fragancia es como una bocanada de aire fresco que revitaliza cada espacio, impregnando tus textiles y el ambiente con una sensaci\u00f3n de vitalidad y frescura. Con notas de c\u00edtricos, bergamota, lim\u00f3n y hierba de lim\u00f3n, este spray textil [&hellip;]<\/p>\n","protected":false},"featured_media":297282,"comment_status":"open","ping_status":"closed","template":"","meta":{"_et_pb_use_builder":"","_et_pb_old_content":"","_et_gb_content_width":""},"product_brand":[],"product_cat":[764],"product_tag":[],"class_list":{"0":"post-297278","1":"product","2":"type-product","3":"status-publish","4":"has-post-thumbnail","6":"product_cat-pulverizador","8":"first","9":"instock","10":"shipping-taxable","11":"purchasable","12":"product-type-simple"},"_links":{"self":[{"href":"https:\/\/chulointeriors.com\/es\/wp-json\/wp\/v2\/product\/297278","targetHints":{"allow":["GET"]}}],"collection":[{"href":"https:\/\/chulointeriors.com\/es\/wp-json\/wp\/v2\/product"}],"about":[{"href":"https:\/\/chulointeriors.com\/es\/wp-json\/wp\/v2\/types\/product"}],"replies":[{"embeddable":true,"href":"https:\/\/chulointeriors.com\/es\/wp-json\/wp\/v2\/comments?post=297278"}],"wp:featuredmedia":[{"embeddable":true,"href":"https:\/\/chulointeriors.com\/es\/wp-json\/wp\/v2\/media\/297282"}],"wp:attachment":[{"href":"https:\/\/chulointeriors.com\/es\/wp-json\/wp\/v2\/media?parent=297278"}],"wp:term":[{"taxonomy":"product_brand","embeddable":true,"href":"https:\/\/chulointeriors.com\/es\/wp-json\/wp\/v2\/product_brand?post=297278"},{"taxonomy":"product_cat","embeddable":true,"href":"https:\/\/chulointeriors.com\/es\/wp-json\/wp\/v2\/product_cat?post=297278"},{"taxonomy":"product_tag","embeddable":true,"href":"https:\/\/chulointeriors.com\/es\/wp-json\/wp\/v2\/product_tag?post=297278"}],"curies":[{"name":"wp","href":"https:\/\/api.w.org\/{rel}","templated":true}]}}