{"id":297241,"date":"2026-02-26T14:23:17","date_gmt":"2026-02-26T12:23:17","guid":{"rendered":"https:\/\/chulointeriors.com\/?post_type=product&#038;p=297241"},"modified":"2025-11-12T14:26:19","modified_gmt":"2025-11-12T12:26:19","slug":"figura-decorativa-spatz-pajaro-blanco","status":"publish","type":"product","link":"https:\/\/chulointeriors.com\/es\/product\/figura-decorativa-spatz-pajaro-blanco\/","title":{"rendered":"Figura decorativa SPATZ \u2013 P\u00e1jaro \u2013 Blanco"},"content":{"rendered":"<p>El alegre gorri\u00f3n com\u00fan, conocido por su resistencia y car\u00e1cter sociable, simboliza la sencillez y la alegr\u00eda. Al igual que en la naturaleza, este peque\u00f1o p\u00e1jaro disfruta de la compa\u00f1\u00eda y se une con entusiasmo a la colecci\u00f3n de aves de KLATT junto al herrerillo, el choch\u00edn y el petirrojo. Fabricado en porcelana fina Bone China y acabado en color blanco puro, el p\u00e1jaro SPATZ aporta un delicado toque natural a cualquier espacio.<\/p>\n<p><strong>Detalles:<\/strong><br \/>\u2013 Material: Porcelana fina Bone China<br \/>\u2013 Color: Blanco<br \/>\u2013 Largo: 11,6 cm<br \/>\u2013 Ancho: 4,6 cm<br \/>\u2013 Alto: 5,5 cm<\/p>\n","protected":false},"excerpt":{"rendered":"<p>El alegre gorri\u00f3n com\u00fan, conocido por su resistencia y car\u00e1cter sociable, simboliza la sencillez y la alegr\u00eda. Al igual que en la naturaleza, este peque\u00f1o p\u00e1jaro disfruta de la compa\u00f1\u00eda y se une con entusiasmo a la colecci\u00f3n de aves de KLATT junto al herrerillo, el choch\u00edn y el petirrojo. Fabricado en porcelana fina Bone [&hellip;]<\/p>\n","protected":false},"featured_media":297246,"comment_status":"open","ping_status":"closed","template":"","meta":{"_et_pb_use_builder":"","_et_pb_old_content":"","_et_gb_content_width":""},"product_brand":[],"product_cat":[757,2036],"product_tag":[],"class_list":{"0":"post-297241","1":"product","2":"type-product","3":"status-publish","4":"has-post-thumbnail","6":"product_cat-esculturas","7":"product_cat-regalos-de-pascua","9":"first","10":"instock","11":"sale","12":"shipping-taxable","13":"purchasable","14":"product-type-simple"},"_links":{"self":[{"href":"https:\/\/chulointeriors.com\/es\/wp-json\/wp\/v2\/product\/297241","targetHints":{"allow":["GET"]}}],"collection":[{"href":"https:\/\/chulointeriors.com\/es\/wp-json\/wp\/v2\/product"}],"about":[{"href":"https:\/\/chulointeriors.com\/es\/wp-json\/wp\/v2\/types\/product"}],"replies":[{"embeddable":true,"href":"https:\/\/chulointeriors.com\/es\/wp-json\/wp\/v2\/comments?post=297241"}],"wp:featuredmedia":[{"embeddable":true,"href":"https:\/\/chulointeriors.com\/es\/wp-json\/wp\/v2\/media\/297246"}],"wp:attachment":[{"href":"https:\/\/chulointeriors.com\/es\/wp-json\/wp\/v2\/media?parent=297241"}],"wp:term":[{"taxonomy":"product_brand","embeddable":true,"href":"https:\/\/chulointeriors.com\/es\/wp-json\/wp\/v2\/product_brand?post=297241"},{"taxonomy":"product_cat","embeddable":true,"href":"https:\/\/chulointeriors.com\/es\/wp-json\/wp\/v2\/product_cat?post=297241"},{"taxonomy":"product_tag","embeddable":true,"href":"https:\/\/chulointeriors.com\/es\/wp-json\/wp\/v2\/product_tag?post=297241"}],"curies":[{"name":"wp","href":"https:\/\/api.w.org\/{rel}","templated":true}]}}