{"id":297200,"date":"2025-10-30T16:18:22","date_gmt":"2025-10-30T14:18:22","guid":{"rendered":"https:\/\/chulointeriors.com\/?post_type=product&#038;p=297200"},"modified":"2025-10-30T16:22:55","modified_gmt":"2025-10-30T14:22:55","slug":"mesita-auxiliar-otinia-o41-x-56-cm-travertino-arena","status":"publish","type":"product","link":"https:\/\/chulointeriors.com\/es\/product\/mesita-auxiliar-otinia-o41-x-56-cm-travertino-arena\/","title":{"rendered":"Mesita auxiliar OTINIA \u2013 \u00d841 x 56 cm \u2013 Travertino Arena"},"content":{"rendered":"<p>Elegante y escultural, la mesita OTINIA de <strong>Chulo<\/strong> est\u00e1 fabricada en piedra-cemento con acabado travertino en un c\u00e1lido tono arena. Su dise\u00f1o de patas cruzadas y textura natural aporta un toque atemporal y sofisticado a cualquier espacio. Ideal como mesa auxiliar o pieza decorativa en interiores modernos y de estilo org\u00e1nico.<\/p>\n<p><strong>Detalles:<\/strong><br \/>\u2013 Material: Cemento\/piedra con acabado travertino arena<br \/>\u2013 Color: Marr\u00f3n natural<br \/>\u2013 Forma: Redonda<br \/>\u2013 Di\u00e1metro: 41 cm<br \/>\u2013 Altura: 56 cm<br \/>\u2013 Peso: 19,76 kg<\/p>\n","protected":false},"excerpt":{"rendered":"<p>Elegante y escultural, la mesita OTINIA de Chulo est\u00e1 fabricada en piedra-cemento con acabado travertino en un c\u00e1lido tono arena. Su dise\u00f1o de patas cruzadas y textura natural aporta un toque atemporal y sofisticado a cualquier espacio. Ideal como mesa auxiliar o pieza decorativa en interiores modernos y de estilo org\u00e1nico. Detalles:\u2013 Material: Cemento\/piedra con [&hellip;]<\/p>\n","protected":false},"featured_media":297207,"comment_status":"open","ping_status":"closed","template":"","meta":{"_et_pb_use_builder":"","_et_pb_old_content":"","_et_gb_content_width":""},"product_brand":[],"product_cat":[773],"product_tag":[],"class_list":{"0":"post-297200","1":"product","2":"type-product","3":"status-publish","4":"has-post-thumbnail","6":"product_cat-tablas","8":"first","9":"instock","10":"shipping-taxable","11":"purchasable","12":"product-type-simple"},"_links":{"self":[{"href":"https:\/\/chulointeriors.com\/es\/wp-json\/wp\/v2\/product\/297200","targetHints":{"allow":["GET"]}}],"collection":[{"href":"https:\/\/chulointeriors.com\/es\/wp-json\/wp\/v2\/product"}],"about":[{"href":"https:\/\/chulointeriors.com\/es\/wp-json\/wp\/v2\/types\/product"}],"replies":[{"embeddable":true,"href":"https:\/\/chulointeriors.com\/es\/wp-json\/wp\/v2\/comments?post=297200"}],"wp:featuredmedia":[{"embeddable":true,"href":"https:\/\/chulointeriors.com\/es\/wp-json\/wp\/v2\/media\/297207"}],"wp:attachment":[{"href":"https:\/\/chulointeriors.com\/es\/wp-json\/wp\/v2\/media?parent=297200"}],"wp:term":[{"taxonomy":"product_brand","embeddable":true,"href":"https:\/\/chulointeriors.com\/es\/wp-json\/wp\/v2\/product_brand?post=297200"},{"taxonomy":"product_cat","embeddable":true,"href":"https:\/\/chulointeriors.com\/es\/wp-json\/wp\/v2\/product_cat?post=297200"},{"taxonomy":"product_tag","embeddable":true,"href":"https:\/\/chulointeriors.com\/es\/wp-json\/wp\/v2\/product_tag?post=297200"}],"curies":[{"name":"wp","href":"https:\/\/api.w.org\/{rel}","templated":true}]}}