{"id":297175,"date":"2025-10-30T12:00:41","date_gmt":"2025-10-30T10:00:41","guid":{"rendered":"https:\/\/chulointeriors.com\/?post_type=product&#038;p=297175"},"modified":"2025-10-30T12:05:24","modified_gmt":"2025-10-30T10:05:24","slug":"belo-inox-nomo-juego-de-cubiertos-de-24-piezas-con-estuche-en-forma-de-libro","status":"publish","type":"product","link":"https:\/\/chulointeriors.com\/es\/product\/belo-inox-nomo-juego-de-cubiertos-de-24-piezas-con-estuche-en-forma-de-libro\/","title":{"rendered":"BELO INOX \u2013 NOMO \u2013 Juego de Cubiertos de 24 Piezas con Estuche en Forma de Libro"},"content":{"rendered":"<p>Este elegante juego de cubiertos de 24 piezas de <strong>Belo Inox<\/strong> viene en un exclusivo estuche con forma de libro, combinando dise\u00f1o funcional con una presentaci\u00f3n refinada. Ideal como regalo o para ocasiones especiales.<\/p>\n<p><strong>Incluye:<\/strong><br \/>5 cuchillos de mesa<br \/>5 tenedores de mesa<br \/>5 cucharas soperas<br \/>5 cucharitas de postre<br \/>1 cuchillo trinchante<br \/>1 tenedor trinchante<br \/>1 cuchara para salsa<br \/>1 cuchara para ensalada<\/p>\n<p><strong>Instrucciones de cuidado<\/strong><\/p>\n<p><em>Limpieza a mano<\/em><br \/>Utilice agua caliente, un detergente neutro y una esponja o pa\u00f1o suave.<br \/>Para recuperar el brillo original o eliminar manchas causadas por un lavado inadecuado, utilice un pa\u00f1o suave con unas gotas de jugo de lim\u00f3n o un poco de alcohol et\u00edlico.<br \/>Preste especial atenci\u00f3n a las hojas de los cuchillos, ya que su alto poder de corte los hace m\u00e1s sensibles a la oxidaci\u00f3n. S\u00e9quelos bien despu\u00e9s de cada lavado.<br \/>Retire los restos de comida despu\u00e9s de cada uso para evitar el contacto prolongado.<\/p>\n<p><em>Lavavajillas<\/em><br \/>Evite detergentes abrasivos.<br \/>Coloque los cubiertos en la cesta con el mango hacia abajo, separando los cuchillos de los dem\u00e1s.<br \/>Se recomienda encarecidamente retirar los cubiertos del lavavajillas tras el ciclo y secarlos inmediatamente con un pa\u00f1o suave.<br \/>Evite lavarlos en contacto con otros objetos met\u00e1licos.<br \/>Para eliminar manchas y recuperar el brillo, use un pa\u00f1o suave con unas gotas de jugo de lim\u00f3n o un poco de alcohol et\u00edlico.<\/p>\n","protected":false},"excerpt":{"rendered":"<p>Este elegante juego de cubiertos de 24 piezas de Belo Inox viene en un exclusivo estuche con forma de libro, combinando dise\u00f1o funcional con una presentaci\u00f3n refinada. Ideal como regalo o para ocasiones especiales. Incluye:5 cuchillos de mesa5 tenedores de mesa5 cucharas soperas5 cucharitas de postre1 cuchillo trinchante1 tenedor trinchante1 cuchara para salsa1 cuchara para [&hellip;]<\/p>\n","protected":false},"featured_media":297177,"comment_status":"open","ping_status":"closed","template":"","meta":{"_et_pb_use_builder":"","_et_pb_old_content":"","_et_gb_content_width":""},"product_brand":[],"product_cat":[750],"product_tag":[],"class_list":{"0":"post-297175","1":"product","2":"type-product","3":"status-publish","4":"has-post-thumbnail","6":"product_cat-establece","8":"first","9":"instock","10":"shipping-taxable","11":"purchasable","12":"product-type-simple"},"_links":{"self":[{"href":"https:\/\/chulointeriors.com\/es\/wp-json\/wp\/v2\/product\/297175","targetHints":{"allow":["GET"]}}],"collection":[{"href":"https:\/\/chulointeriors.com\/es\/wp-json\/wp\/v2\/product"}],"about":[{"href":"https:\/\/chulointeriors.com\/es\/wp-json\/wp\/v2\/types\/product"}],"replies":[{"embeddable":true,"href":"https:\/\/chulointeriors.com\/es\/wp-json\/wp\/v2\/comments?post=297175"}],"wp:featuredmedia":[{"embeddable":true,"href":"https:\/\/chulointeriors.com\/es\/wp-json\/wp\/v2\/media\/297177"}],"wp:attachment":[{"href":"https:\/\/chulointeriors.com\/es\/wp-json\/wp\/v2\/media?parent=297175"}],"wp:term":[{"taxonomy":"product_brand","embeddable":true,"href":"https:\/\/chulointeriors.com\/es\/wp-json\/wp\/v2\/product_brand?post=297175"},{"taxonomy":"product_cat","embeddable":true,"href":"https:\/\/chulointeriors.com\/es\/wp-json\/wp\/v2\/product_cat?post=297175"},{"taxonomy":"product_tag","embeddable":true,"href":"https:\/\/chulointeriors.com\/es\/wp-json\/wp\/v2\/product_tag?post=297175"}],"curies":[{"name":"wp","href":"https:\/\/api.w.org\/{rel}","templated":true}]}}