{"id":296983,"date":"2025-11-26T15:33:05","date_gmt":"2025-11-26T13:33:05","guid":{"rendered":"https:\/\/chulointeriors.com\/?post_type=product&#038;p=296983"},"modified":"2025-08-26T15:41:51","modified_gmt":"2025-08-26T13:41:51","slug":"inicio-textil-ambientador-bergamotto-di-calabria-500-ml","status":"publish","type":"product","link":"https:\/\/chulointeriors.com\/es\/product\/inicio-textil-ambientador-bergamotto-di-calabria-500-ml\/","title":{"rendered":"Inicio Textil &#038; Ambientador Bergamotto di Calabria 500 ml"},"content":{"rendered":"<p>Transforma tu hogar con la <span class=\"s1\"><b>frescura y vitalidad<\/b><\/span> de <span class=\"s1\"><b>Bergamotto di Calabria<\/b><\/span>. Esta exquisita fragancia es como un <span class=\"s1\"><b>rayo de sol<\/b><\/span> que ilumina cada rinc\u00f3n, llenando tus textiles y espacios con <b>energ\u00eda revitalizante<\/b>.<\/p>\n<p>Con sus <span class=\"s1\"><b>notas c\u00edtricas<\/b><\/span> de <span class=\"s1\"><b>bergamota, lim\u00f3n y mandarina<\/b><\/span>, este spray textil <span class=\"s1\"><b>despierta los sentidos<\/b><\/span> y <span class=\"s1\"><b>refresca el ambiente<\/b><\/span> en cada aplicaci\u00f3n. Su toque afrutado a\u00f1ade un <span class=\"s1\"><b>matiz jugoso y delicioso<\/b><\/span>, ofreciendo una experiencia olfativa \u00fanica y envolvente.<\/p>\n<p class=\"p1\">Presentado en un <span class=\"s1\"><b>pr\u00e1ctico envase de 500ml de pl\u00e1stico reciclable<\/b><\/span>, incluye un <span class=\"s1\"><b>pulverizador manual<\/b><\/span> que facilita su aplicaci\u00f3n sobre cualquier tipo de textil. Ideal para <span class=\"s1\"><b>revitalizar prendas, perfumar cojines<\/b><\/span> o simplemente <span class=\"s1\"><b>crear un ambiente acogedor<\/b><\/span> en tu hogar.<\/p>\n<p class=\"p1\">Adem\u00e1s, su <span class=\"s1\"><b>f\u00f3rmula suave y segura<\/b><\/span> es apta para <span class=\"s1\"><b>todo tipo de tejidos<\/b><\/span>, garantizando una experiencia libre de preocupaciones. Su <span class=\"s1\"><b>envase ecol\u00f3gico<\/b><\/span> te permite <span class=\"s1\"><b>disfrutar de su aroma<\/b><\/span> mientras contribuyes al <span class=\"s1\"><b>cuidado del planeta<\/b><\/span>.<\/p>\n","protected":false},"excerpt":{"rendered":"<p>Transforma tu hogar con la frescura y vitalidad de Bergamotto di Calabria. Esta exquisita fragancia es como un rayo de sol que ilumina cada rinc\u00f3n, llenando tus textiles y espacios con energ\u00eda revitalizante. Con sus notas c\u00edtricas de bergamota, lim\u00f3n y mandarina, este spray textil despierta los sentidos y refresca el ambiente en cada aplicaci\u00f3n. [&hellip;]<\/p>\n","protected":false},"featured_media":296989,"comment_status":"open","ping_status":"closed","template":"","meta":{"_et_pb_use_builder":"","_et_pb_old_content":"","_et_gb_content_width":""},"product_brand":[],"product_cat":[764],"product_tag":[],"class_list":{"0":"post-296983","1":"product","2":"type-product","3":"status-publish","4":"has-post-thumbnail","6":"product_cat-pulverizador","8":"first","9":"instock","10":"shipping-taxable","11":"purchasable","12":"product-type-simple"},"_links":{"self":[{"href":"https:\/\/chulointeriors.com\/es\/wp-json\/wp\/v2\/product\/296983","targetHints":{"allow":["GET"]}}],"collection":[{"href":"https:\/\/chulointeriors.com\/es\/wp-json\/wp\/v2\/product"}],"about":[{"href":"https:\/\/chulointeriors.com\/es\/wp-json\/wp\/v2\/types\/product"}],"replies":[{"embeddable":true,"href":"https:\/\/chulointeriors.com\/es\/wp-json\/wp\/v2\/comments?post=296983"}],"wp:featuredmedia":[{"embeddable":true,"href":"https:\/\/chulointeriors.com\/es\/wp-json\/wp\/v2\/media\/296989"}],"wp:attachment":[{"href":"https:\/\/chulointeriors.com\/es\/wp-json\/wp\/v2\/media?parent=296983"}],"wp:term":[{"taxonomy":"product_brand","embeddable":true,"href":"https:\/\/chulointeriors.com\/es\/wp-json\/wp\/v2\/product_brand?post=296983"},{"taxonomy":"product_cat","embeddable":true,"href":"https:\/\/chulointeriors.com\/es\/wp-json\/wp\/v2\/product_cat?post=296983"},{"taxonomy":"product_tag","embeddable":true,"href":"https:\/\/chulointeriors.com\/es\/wp-json\/wp\/v2\/product_tag?post=296983"}],"curies":[{"name":"wp","href":"https:\/\/api.w.org\/{rel}","templated":true}]}}