{"id":296881,"date":"2025-07-07T18:04:08","date_gmt":"2025-07-07T16:04:08","guid":{"rendered":"https:\/\/chulointeriors.com\/?post_type=product&#038;p=296881"},"modified":"2025-07-07T18:07:11","modified_gmt":"2025-07-07T16:07:11","slug":"base-de-lampara-miley-negro-mate-115x115x31-cm","status":"publish","type":"product","link":"https:\/\/chulointeriors.com\/es\/product\/base-de-lampara-miley-negro-mate-115x115x31-cm\/","title":{"rendered":"Base de L\u00e1mpara MILEY \u2013 Negro Mate (11,5\u00d711,5\u00d731 cm)"},"content":{"rendered":"<p class=\"p1\">Compacta y elegante, la <span class=\"s1\"><b>base de l\u00e1mpara MILEY<\/b><\/span> en <span class=\"s1\"><b>negro mate<\/b><\/span> es el complemento perfecto para interiores modernos. Su dise\u00f1o limpio y silueta minimalista aportan un toque discreto y sofisticado, ideal para mesas peque\u00f1as, escritorios o mesitas de noche.<\/p>\n<p class=\"p1\">Fabricada con materiales duraderos, esta base vers\u00e1til se adapta a cualquier pantalla para que puedas personalizar tu iluminaci\u00f3n.<\/p>\n<p class=\"p3\"><b>Especificaciones:<\/b><b><\/b><\/p>\n<ul>\n<li>\n<p class=\"p1\">Dimensiones: 11,5 \u00d7 11,5 \u00d7 31 cm<\/p>\n<\/li>\n<li>\n<p class=\"p1\">Color: Negro mate<\/p>\n<\/li>\n<li>\n<p class=\"p1\">Material: Metal<\/p>\n<\/li>\n<li>\n<p class=\"p1\">Estilo: Moderno \/ Minimalista<\/p>\n<\/li>\n<li>\n<p class=\"p1\">Uso: Interior<\/p>\n<\/li>\n<\/ul>\n<p class=\"p3\"><span class=\"s3\">\ud83d\udda4 <\/span><b>Una base refinada para una iluminaci\u00f3n con estilo.<\/b><\/p>\n","protected":false},"excerpt":{"rendered":"<p>Compacta y elegante, la base de l\u00e1mpara MILEY en negro mate es el complemento perfecto para interiores modernos. Su dise\u00f1o limpio y silueta minimalista aportan un toque discreto y sofisticado, ideal para mesas peque\u00f1as, escritorios o mesitas de noche. Fabricada con materiales duraderos, esta base vers\u00e1til se adapta a cualquier pantalla para que puedas personalizar [&hellip;]<\/p>\n","protected":false},"featured_media":296883,"comment_status":"open","ping_status":"closed","template":"","meta":{"_et_pb_use_builder":"","_et_pb_old_content":"","_et_gb_content_width":""},"product_brand":[],"product_cat":[785],"product_tag":[],"class_list":{"0":"post-296881","1":"product","2":"type-product","3":"status-publish","4":"has-post-thumbnail","6":"product_cat-lamparas-de-mesa","8":"first","9":"outofstock","10":"shipping-taxable","11":"purchasable","12":"product-type-simple"},"_links":{"self":[{"href":"https:\/\/chulointeriors.com\/es\/wp-json\/wp\/v2\/product\/296881","targetHints":{"allow":["GET"]}}],"collection":[{"href":"https:\/\/chulointeriors.com\/es\/wp-json\/wp\/v2\/product"}],"about":[{"href":"https:\/\/chulointeriors.com\/es\/wp-json\/wp\/v2\/types\/product"}],"replies":[{"embeddable":true,"href":"https:\/\/chulointeriors.com\/es\/wp-json\/wp\/v2\/comments?post=296881"}],"wp:featuredmedia":[{"embeddable":true,"href":"https:\/\/chulointeriors.com\/es\/wp-json\/wp\/v2\/media\/296883"}],"wp:attachment":[{"href":"https:\/\/chulointeriors.com\/es\/wp-json\/wp\/v2\/media?parent=296881"}],"wp:term":[{"taxonomy":"product_brand","embeddable":true,"href":"https:\/\/chulointeriors.com\/es\/wp-json\/wp\/v2\/product_brand?post=296881"},{"taxonomy":"product_cat","embeddable":true,"href":"https:\/\/chulointeriors.com\/es\/wp-json\/wp\/v2\/product_cat?post=296881"},{"taxonomy":"product_tag","embeddable":true,"href":"https:\/\/chulointeriors.com\/es\/wp-json\/wp\/v2\/product_tag?post=296881"}],"curies":[{"name":"wp","href":"https:\/\/api.w.org\/{rel}","templated":true}]}}