{"id":296870,"date":"2025-07-07T17:39:17","date_gmt":"2025-07-07T15:39:17","guid":{"rendered":"https:\/\/chulointeriors.com\/?post_type=product&#038;p=296870"},"modified":"2025-07-07T17:42:54","modified_gmt":"2025-07-07T15:42:54","slug":"mesa-de-centro-samoa-negro-mate-o64x39-cm","status":"publish","type":"product","link":"https:\/\/chulointeriors.com\/es\/product\/mesa-de-centro-samoa-negro-mate-o64x39-cm\/","title":{"rendered":"Mesa de Centro SAMOA \u2013 Negro Mate (\u00d864\u00d739 cm)"},"content":{"rendered":"<p class=\"p1\">La <span class=\"s1\"><b>mesa de centro Samoa<\/b><\/span> destaca por su silueta redonda y elegante con un acabado en <span class=\"s1\"><b>negro mate<\/b><\/span>, aportando un toque moderno y minimalista a cualquier espacio. Con un di\u00e1metro de <span class=\"s1\"><b>64 cm<\/b><\/span> y una altura de <span class=\"s1\"><b>39 cm<\/b><\/span>, es el tama\u00f1o ideal para convertirse en el centro funcional de tu sala o zona de estar.<\/p>\n<p class=\"p1\">Fabricada con materiales resistentes y un dise\u00f1o de l\u00edneas limpias, esta mesa combina estilo y practicidad, perfecta para interiores contempor\u00e1neos.<\/p>\n<p class=\"p3\"><b>Especificaciones:<\/b><b><\/b><\/p>\n<ul>\n<li>\n<p class=\"p1\"><strong>Dimensiones<\/strong>: \u00d864 \u00d7 39 cm<\/p>\n<\/li>\n<li>\n<p class=\"p1\"><strong>Color<\/strong>: Negro mate<\/p>\n<\/li>\n<li>\n<p class=\"p1\"><strong>Material<\/strong>: Metal<\/p>\n<\/li>\n<li>\n<p class=\"p1\"><strong>Estilo<\/strong>: Moderno, minimalista<\/p>\n<\/li>\n<li>\n<p class=\"p1\"><strong>Uso<\/strong>: Interior<\/p>\n<\/li>\n<\/ul>\n<p class=\"p3\"><span class=\"s3\">\ud83d\udda4 <\/span><b>Una pieza elegante y funcional para realzar tu sal\u00f3n.<\/b><\/p>\n","protected":false},"excerpt":{"rendered":"<p>La mesa de centro Samoa destaca por su silueta redonda y elegante con un acabado en negro mate, aportando un toque moderno y minimalista a cualquier espacio. Con un di\u00e1metro de 64 cm y una altura de 39 cm, es el tama\u00f1o ideal para convertirse en el centro funcional de tu sala o zona de [&hellip;]<\/p>\n","protected":false},"featured_media":296872,"comment_status":"open","ping_status":"closed","template":"","meta":{"_et_pb_use_builder":"","_et_pb_old_content":"","_et_gb_content_width":""},"product_brand":[],"product_cat":[773],"product_tag":[],"class_list":{"0":"post-296870","1":"product","2":"type-product","3":"status-publish","4":"has-post-thumbnail","6":"product_cat-tablas","8":"first","9":"instock","10":"shipping-taxable","11":"purchasable","12":"product-type-simple"},"_links":{"self":[{"href":"https:\/\/chulointeriors.com\/es\/wp-json\/wp\/v2\/product\/296870","targetHints":{"allow":["GET"]}}],"collection":[{"href":"https:\/\/chulointeriors.com\/es\/wp-json\/wp\/v2\/product"}],"about":[{"href":"https:\/\/chulointeriors.com\/es\/wp-json\/wp\/v2\/types\/product"}],"replies":[{"embeddable":true,"href":"https:\/\/chulointeriors.com\/es\/wp-json\/wp\/v2\/comments?post=296870"}],"wp:featuredmedia":[{"embeddable":true,"href":"https:\/\/chulointeriors.com\/es\/wp-json\/wp\/v2\/media\/296872"}],"wp:attachment":[{"href":"https:\/\/chulointeriors.com\/es\/wp-json\/wp\/v2\/media?parent=296870"}],"wp:term":[{"taxonomy":"product_brand","embeddable":true,"href":"https:\/\/chulointeriors.com\/es\/wp-json\/wp\/v2\/product_brand?post=296870"},{"taxonomy":"product_cat","embeddable":true,"href":"https:\/\/chulointeriors.com\/es\/wp-json\/wp\/v2\/product_cat?post=296870"},{"taxonomy":"product_tag","embeddable":true,"href":"https:\/\/chulointeriors.com\/es\/wp-json\/wp\/v2\/product_tag?post=296870"}],"curies":[{"name":"wp","href":"https:\/\/api.w.org\/{rel}","templated":true}]}}