{"id":296860,"date":"2025-07-07T17:24:56","date_gmt":"2025-07-07T15:24:56","guid":{"rendered":"https:\/\/chulointeriors.com\/?post_type=product&#038;p=296860"},"modified":"2025-07-07T17:34:25","modified_gmt":"2025-07-07T15:34:25","slug":"base-de-lampara-shiva-negro-mate-20x10x41-cm","status":"publish","type":"product","link":"https:\/\/chulointeriors.com\/es\/product\/base-de-lampara-shiva-negro-mate-20x10x41-cm\/","title":{"rendered":"Base de L\u00e1mpara SHIVA \u2013 Negro Mate (20\u00d710\u00d741 cm)"},"content":{"rendered":"<p class=\"p1\">Ilumina tu espacio con la base de l\u00e1mpara <span class=\"s1\"><b>Shiva<\/b><\/span> en color <span class=\"s1\"><b>negro mate<\/b><\/span>, con unas medidas de <span class=\"s1\"><b>20\u00d710\u00d741 cm<\/b><\/span>. Su dise\u00f1o <span class=\"s1\"><b>minimalista y elegante<\/b><\/span> combina f\u00e1cilmente con una gran variedad de pantallas, permiti\u00e9ndote crear una l\u00e1mpara personalizada y con mucho estilo.<\/p>\n<p class=\"p1\">Fabricada con materiales duraderos y acabada en negro profundo, esta base aporta un toque sutil pero sofisticado a cualquier interior, ya sea cl\u00e1sico o contempor\u00e1neo. Shiva es el equilibrio perfecto entre funcionalidad y dise\u00f1o.<\/p>\n<p class=\"p3\"><b>Especificaciones:<\/b><b><\/b><\/p>\n<ul>\n<li>\n<p class=\"p1\"><strong>Dimensiones<\/strong>: 20 \u00d7 10 \u00d7 41 cm<\/p>\n<\/li>\n<li>\n<p class=\"p1\"><strong>Color<\/strong>: Negro mate<\/p>\n<\/li>\n<li>\n<p class=\"p1\"><strong>Material<\/strong>: Metal<\/p>\n<\/li>\n<li>\n<p class=\"p1\"><strong>Estilo<\/strong>: Minimalista, moderno<\/p>\n<\/li>\n<li>\n<p class=\"p1\"><strong>Uso<\/strong>: Compatible con distintas pantallas de l\u00e1mpara<\/p>\n<\/li>\n<\/ul>\n<p class=\"p3\"><span class=\"s3\">\ud83d\udca1 <\/span><b>Una base vers\u00e1til y estilizada para completar tu l\u00e1mpara ideal.<\/b><\/p>\n","protected":false},"excerpt":{"rendered":"<p>Ilumina tu espacio con la base de l\u00e1mpara Shiva en color negro mate, con unas medidas de 20\u00d710\u00d741 cm. Su dise\u00f1o minimalista y elegante combina f\u00e1cilmente con una gran variedad de pantallas, permiti\u00e9ndote crear una l\u00e1mpara personalizada y con mucho estilo. Fabricada con materiales duraderos y acabada en negro profundo, esta base aporta un toque [&hellip;]<\/p>\n","protected":false},"featured_media":296862,"comment_status":"open","ping_status":"closed","template":"","meta":{"_et_pb_use_builder":"","_et_pb_old_content":"","_et_gb_content_width":""},"product_brand":[],"product_cat":[785],"product_tag":[],"class_list":{"0":"post-296860","1":"product","2":"type-product","3":"status-publish","4":"has-post-thumbnail","6":"product_cat-lamparas-de-mesa","8":"first","9":"outofstock","10":"shipping-taxable","11":"purchasable","12":"product-type-simple"},"_links":{"self":[{"href":"https:\/\/chulointeriors.com\/es\/wp-json\/wp\/v2\/product\/296860","targetHints":{"allow":["GET"]}}],"collection":[{"href":"https:\/\/chulointeriors.com\/es\/wp-json\/wp\/v2\/product"}],"about":[{"href":"https:\/\/chulointeriors.com\/es\/wp-json\/wp\/v2\/types\/product"}],"replies":[{"embeddable":true,"href":"https:\/\/chulointeriors.com\/es\/wp-json\/wp\/v2\/comments?post=296860"}],"wp:featuredmedia":[{"embeddable":true,"href":"https:\/\/chulointeriors.com\/es\/wp-json\/wp\/v2\/media\/296862"}],"wp:attachment":[{"href":"https:\/\/chulointeriors.com\/es\/wp-json\/wp\/v2\/media?parent=296860"}],"wp:term":[{"taxonomy":"product_brand","embeddable":true,"href":"https:\/\/chulointeriors.com\/es\/wp-json\/wp\/v2\/product_brand?post=296860"},{"taxonomy":"product_cat","embeddable":true,"href":"https:\/\/chulointeriors.com\/es\/wp-json\/wp\/v2\/product_cat?post=296860"},{"taxonomy":"product_tag","embeddable":true,"href":"https:\/\/chulointeriors.com\/es\/wp-json\/wp\/v2\/product_tag?post=296860"}],"curies":[{"name":"wp","href":"https:\/\/api.w.org\/{rel}","templated":true}]}}