{"id":296825,"date":"2025-06-23T18:26:31","date_gmt":"2025-06-23T16:26:31","guid":{"rendered":"https:\/\/chulointeriors.com\/?post_type=product&#038;p=296825"},"modified":"2025-06-23T18:31:11","modified_gmt":"2025-06-23T16:31:11","slug":"lampara-metalica-cromada-38x50-cm","status":"publish","type":"product","link":"https:\/\/chulointeriors.com\/es\/product\/lampara-metalica-cromada-38x50-cm\/","title":{"rendered":"L\u00e1mpara Met\u00e1lica Cromada \u2013 38&#215;50 cm"},"content":{"rendered":"<p class=\"p1\">Dale un toque original y moderno a tu hogar con esta <span class=\"s1\"><b>l\u00e1mpara de sobremesa cromada<\/b><\/span>, ideal para ambientes contempor\u00e1neos. Con una base y pantalla met\u00e1lica de l\u00edneas limpias, esta l\u00e1mpara combina funcionalidad y dise\u00f1o. Su acabado cromado brillante aporta un aire de elegancia y sofisticaci\u00f3n, convirti\u00e9ndola en el complemento perfecto para salones, dormitorios o despachos.<\/p>\n<p class=\"p3\"><b>Caracter\u00edsticas clave:<\/b><b><\/b><\/p>\n<ul>\n<li>\n<p class=\"p1\"><span class=\"s1\"><b>Material<\/b><\/span>: Metal cromado<\/p>\n<\/li>\n<li>\n<p class=\"p1\"><span class=\"s1\"><b>Dise\u00f1o<\/b><\/span>: Estilo minimalista contempor\u00e1neo<\/p>\n<\/li>\n<li>\n<p class=\"p1\"><span class=\"s1\"><b>Tipo de bombilla<\/b><\/span>: 2 \u00d7 bombillas G9 5W (no incluidas)<\/p>\n<\/li>\n<li>\n<p class=\"p1\"><span class=\"s1\"><b>Dimensiones<\/b><\/span>: 38 \u00d7 50 cm<\/p>\n<\/li>\n<li>\n<p class=\"p1\"><span class=\"s1\"><b>Estilo<\/b><\/span>: Ideal para espacios modernos<\/p>\n<\/li>\n<li>\n<p class=\"p1\"><span class=\"s1\"><b>Funcionalidad<\/b><\/span>: Ilumina y decora al mismo tiempo<\/p>\n<\/li>\n<\/ul>\n","protected":false},"excerpt":{"rendered":"<p>Dale un toque original y moderno a tu hogar con esta l\u00e1mpara de sobremesa cromada, ideal para ambientes contempor\u00e1neos. Con una base y pantalla met\u00e1lica de l\u00edneas limpias, esta l\u00e1mpara combina funcionalidad y dise\u00f1o. Su acabado cromado brillante aporta un aire de elegancia y sofisticaci\u00f3n, convirti\u00e9ndola en el complemento perfecto para salones, dormitorios o despachos. [&hellip;]<\/p>\n","protected":false},"featured_media":296827,"comment_status":"open","ping_status":"closed","template":"","meta":{"_et_pb_use_builder":"","_et_pb_old_content":"","_et_gb_content_width":""},"product_brand":[],"product_cat":[785],"product_tag":[],"class_list":{"0":"post-296825","1":"product","2":"type-product","3":"status-publish","4":"has-post-thumbnail","6":"product_cat-lamparas-de-mesa","8":"first","9":"instock","10":"shipping-taxable","11":"purchasable","12":"product-type-simple"},"_links":{"self":[{"href":"https:\/\/chulointeriors.com\/es\/wp-json\/wp\/v2\/product\/296825","targetHints":{"allow":["GET"]}}],"collection":[{"href":"https:\/\/chulointeriors.com\/es\/wp-json\/wp\/v2\/product"}],"about":[{"href":"https:\/\/chulointeriors.com\/es\/wp-json\/wp\/v2\/types\/product"}],"replies":[{"embeddable":true,"href":"https:\/\/chulointeriors.com\/es\/wp-json\/wp\/v2\/comments?post=296825"}],"wp:featuredmedia":[{"embeddable":true,"href":"https:\/\/chulointeriors.com\/es\/wp-json\/wp\/v2\/media\/296827"}],"wp:attachment":[{"href":"https:\/\/chulointeriors.com\/es\/wp-json\/wp\/v2\/media?parent=296825"}],"wp:term":[{"taxonomy":"product_brand","embeddable":true,"href":"https:\/\/chulointeriors.com\/es\/wp-json\/wp\/v2\/product_brand?post=296825"},{"taxonomy":"product_cat","embeddable":true,"href":"https:\/\/chulointeriors.com\/es\/wp-json\/wp\/v2\/product_cat?post=296825"},{"taxonomy":"product_tag","embeddable":true,"href":"https:\/\/chulointeriors.com\/es\/wp-json\/wp\/v2\/product_tag?post=296825"}],"curies":[{"name":"wp","href":"https:\/\/api.w.org\/{rel}","templated":true}]}}