{"id":296819,"date":"2025-06-23T18:18:09","date_gmt":"2025-06-23T16:18:09","guid":{"rendered":"https:\/\/chulointeriors.com\/?post_type=product&#038;p=296819"},"modified":"2025-06-23T18:22:40","modified_gmt":"2025-06-23T16:22:40","slug":"silla-de-metal-color-titanio-con-cojin-negro-60x52x80-cm","status":"publish","type":"product","link":"https:\/\/chulointeriors.com\/es\/product\/silla-de-metal-color-titanio-con-cojin-negro-60x52x80-cm\/","title":{"rendered":"Silla de Metal Color Titanio con Coj\u00edn Negro \u2013 (60x52x80 cm)"},"content":{"rendered":"<p class=\"p1\">La elegancia y la artesan\u00eda se unen en esta <span class=\"s1\"><b>silla de metal<\/b><\/span>, creada para aportar frescura y sofisticaci\u00f3n a cualquier espacio. Su estructura de <span class=\"s1\"><b>metal de alta calidad<\/b><\/span>, pintada en elegante <span class=\"s1\"><b>negro titanio<\/b><\/span>, combina a la perfecci\u00f3n con el <span class=\"s1\"><b>coj\u00edn de polipiel marr\u00f3n<\/b><\/span>, brindando confort y un atractivo visual \u00fanico. El dise\u00f1o curvado del asiento est\u00e1 pensado para recoger el cuerpo del usuario de forma ergon\u00f3mica. Disponible en varios colores para adaptarse a tu estilo.<\/p>\n<p class=\"p3\"><b>Caracter\u00edsticas clave:<\/b><b><\/b><\/p>\n<ul>\n<li>\n<p class=\"p1\"><span class=\"s1\"><b>Material<\/b><\/span>: Estructura de metal de alta calidad<\/p>\n<\/li>\n<li>\n<p class=\"p1\"><span class=\"s1\"><b>Acabado<\/b><\/span>: Negro titanio con coj\u00edn de polipiel negro<\/p>\n<\/li>\n<li>\n<p class=\"p1\"><span class=\"s1\"><b>Dimensiones<\/b><\/span>: 60 \u00d7 52 \u00d7 80 cm<\/p>\n<\/li>\n<li>\n<p class=\"p1\"><span class=\"s1\"><b>Dise\u00f1o<\/b><\/span>: Asiento curvado para mayor confort<\/p>\n<\/li>\n<li>\n<p class=\"p1\"><span class=\"s1\"><b>Estilo<\/b><\/span>: Moderno, minimalista<\/p>\n<\/li>\n<li>\n<p class=\"p1\"><span class=\"s1\"><b>Versatilidad<\/b><\/span>: Perfecta para comedores, oficinas o rincones con estilo<\/p>\n<\/li>\n<\/ul>\n","protected":false},"excerpt":{"rendered":"<p>La elegancia y la artesan\u00eda se unen en esta silla de metal, creada para aportar frescura y sofisticaci\u00f3n a cualquier espacio. Su estructura de metal de alta calidad, pintada en elegante negro titanio, combina a la perfecci\u00f3n con el coj\u00edn de polipiel marr\u00f3n, brindando confort y un atractivo visual \u00fanico. El dise\u00f1o curvado del asiento [&hellip;]<\/p>\n","protected":false},"featured_media":296821,"comment_status":"open","ping_status":"closed","template":"","meta":{"_et_pb_use_builder":"","_et_pb_old_content":"","_et_gb_content_width":""},"product_brand":[],"product_cat":[769],"product_tag":[],"class_list":{"0":"post-296819","1":"product","2":"type-product","3":"status-publish","4":"has-post-thumbnail","6":"product_cat-sillas","8":"first","9":"instock","10":"shipping-taxable","11":"purchasable","12":"product-type-simple"},"_links":{"self":[{"href":"https:\/\/chulointeriors.com\/es\/wp-json\/wp\/v2\/product\/296819","targetHints":{"allow":["GET"]}}],"collection":[{"href":"https:\/\/chulointeriors.com\/es\/wp-json\/wp\/v2\/product"}],"about":[{"href":"https:\/\/chulointeriors.com\/es\/wp-json\/wp\/v2\/types\/product"}],"replies":[{"embeddable":true,"href":"https:\/\/chulointeriors.com\/es\/wp-json\/wp\/v2\/comments?post=296819"}],"wp:featuredmedia":[{"embeddable":true,"href":"https:\/\/chulointeriors.com\/es\/wp-json\/wp\/v2\/media\/296821"}],"wp:attachment":[{"href":"https:\/\/chulointeriors.com\/es\/wp-json\/wp\/v2\/media?parent=296819"}],"wp:term":[{"taxonomy":"product_brand","embeddable":true,"href":"https:\/\/chulointeriors.com\/es\/wp-json\/wp\/v2\/product_brand?post=296819"},{"taxonomy":"product_cat","embeddable":true,"href":"https:\/\/chulointeriors.com\/es\/wp-json\/wp\/v2\/product_cat?post=296819"},{"taxonomy":"product_tag","embeddable":true,"href":"https:\/\/chulointeriors.com\/es\/wp-json\/wp\/v2\/product_tag?post=296819"}],"curies":[{"name":"wp","href":"https:\/\/api.w.org\/{rel}","templated":true}]}}