{"id":296750,"date":"2025-06-18T12:35:14","date_gmt":"2025-06-18T10:35:14","guid":{"rendered":"https:\/\/chulointeriors.com\/?post_type=product&#038;p=296750"},"modified":"2025-06-18T12:38:59","modified_gmt":"2025-06-18T10:38:59","slug":"lampara-de-pie-koster-60-ip44-metal-negro-39x39x60-cm","status":"publish","type":"product","link":"https:\/\/chulointeriors.com\/es\/product\/lampara-de-pie-koster-60-ip44-metal-negro-39x39x60-cm\/","title":{"rendered":"L\u00e1mpara de Pie Koster 60 IP44 \u2013 Metal Negro (39\u00d739\u00d760 cm)"},"content":{"rendered":"<p class=\"p1\"><b>Dise\u00f1o Gr\u00e1fico \u2022 Resistente al Exterior \u2022 Funcional y Est\u00e9tica<\/b><b><\/b><\/p>\n<p class=\"p3\">La <span class=\"s1\"><b>l\u00e1mpara de pie Koster<\/b><\/span>, dise\u00f1ada por <span class=\"s1\"><b>Malin Lundmark<\/b><\/span>, combina un dise\u00f1o <span class=\"s1\"><b>gr\u00e1fico impactante<\/b><\/span> con gran resistencia, ideal para exteriores. Gracias a su <span class=\"s1\"><b>certificaci\u00f3n IP44<\/b><\/span>, soporta las inclemencias del tiempo mientras crea un m\u00e1gico juego de sombras que transforma terrazas, jardines o patios.<\/p>\n<p class=\"p3\">Fabricada en <span class=\"s1\"><b>metal negro<\/b><\/span>, Koster no solo es una l\u00e1mpara, sino que tambi\u00e9n puede usarse como <span class=\"s1\"><b>pedestal o taburete<\/b><\/span>, soportando hasta <span class=\"s1\"><b>85 kg<\/b><\/span>. Incorpora una <span class=\"s1\"><b>tira LED de 3 W<\/b><\/span> con una vida \u00fatil promedio de <span class=\"s1\"><b>35.000 horas<\/b><\/span>, y un <span class=\"s1\"><b>cable negro de 500 cm<\/b><\/span>, resistente hasta <span class=\"s1\"><b>-40\u00b0C<\/b><\/span>.<\/p>\n<p class=\"p1\"><b>Caracter\u00edsticas clave:<\/b><b><\/b><\/p>\n<ul>\n<li>\n<p class=\"p1\"><span class=\"s1\"><b>Material<\/b><\/span>: Metal negro<\/p>\n<\/li>\n<li>\n<p class=\"p1\"><span class=\"s1\"><b>Dimensiones<\/b><\/span>: 39 cm (D) \u00d7 39 cm (W) \u00d7 60 cm (H)<\/p>\n<\/li>\n<li>\n<p class=\"p1\"><span class=\"s1\"><b>Iluminaci\u00f3n<\/b><\/span>: Tira LED de 3W integrada (35.000 h de vida \u00fatil)<\/p>\n<\/li>\n<li>\n<p class=\"p1\"><span class=\"s1\"><b>Grado de protecci\u00f3n<\/b><\/span>: IP44 (apto para exterior)<\/p>\n<\/li>\n<li>\n<p class=\"p1\"><span class=\"s1\"><b>Funcionalidad<\/b><\/span>: Sirve como pedestal o taburete (hasta 85 kg)<\/p>\n<\/li>\n<li>\n<p class=\"p1\"><span class=\"s1\"><b>Cable<\/b><\/span>: 500 cm, resistente al fr\u00edo (-40\u00b0C)<\/p>\n<\/li>\n<li>\n<p class=\"p1\"><span class=\"s1\"><b>Dise\u00f1o<\/b><\/span>: Malin Lundmark<\/p>\n<\/li>\n<\/ul>\n<p class=\"p3\">Lleva el <span class=\"s1\"><b>dise\u00f1o y la versatilidad<\/b><\/span> a tu espacio exterior con la <span class=\"s1\"><b>l\u00e1mpara Koster<\/b><\/span>, una pieza funcional que es pura expresi\u00f3n art\u00edstica.<\/p>\n","protected":false},"excerpt":{"rendered":"<p>Dise\u00f1o Gr\u00e1fico \u2022 Resistente al Exterior \u2022 Funcional y Est\u00e9tica La l\u00e1mpara de pie Koster, dise\u00f1ada por Malin Lundmark, combina un dise\u00f1o gr\u00e1fico impactante con gran resistencia, ideal para exteriores. Gracias a su certificaci\u00f3n IP44, soporta las inclemencias del tiempo mientras crea un m\u00e1gico juego de sombras que transforma terrazas, jardines o patios. Fabricada en [&hellip;]<\/p>\n","protected":false},"featured_media":296752,"comment_status":"open","ping_status":"closed","template":"","meta":{"_et_pb_use_builder":"","_et_pb_old_content":"","_et_gb_content_width":""},"product_brand":[],"product_cat":[783,788],"product_tag":[],"class_list":{"0":"post-296750","1":"product","2":"type-product","3":"status-publish","4":"has-post-thumbnail","6":"product_cat-lamparas-de-pie","7":"product_cat-terraza","9":"first","10":"instock","11":"shipping-taxable","12":"purchasable","13":"product-type-simple"},"_links":{"self":[{"href":"https:\/\/chulointeriors.com\/es\/wp-json\/wp\/v2\/product\/296750","targetHints":{"allow":["GET"]}}],"collection":[{"href":"https:\/\/chulointeriors.com\/es\/wp-json\/wp\/v2\/product"}],"about":[{"href":"https:\/\/chulointeriors.com\/es\/wp-json\/wp\/v2\/types\/product"}],"replies":[{"embeddable":true,"href":"https:\/\/chulointeriors.com\/es\/wp-json\/wp\/v2\/comments?post=296750"}],"wp:featuredmedia":[{"embeddable":true,"href":"https:\/\/chulointeriors.com\/es\/wp-json\/wp\/v2\/media\/296752"}],"wp:attachment":[{"href":"https:\/\/chulointeriors.com\/es\/wp-json\/wp\/v2\/media?parent=296750"}],"wp:term":[{"taxonomy":"product_brand","embeddable":true,"href":"https:\/\/chulointeriors.com\/es\/wp-json\/wp\/v2\/product_brand?post=296750"},{"taxonomy":"product_cat","embeddable":true,"href":"https:\/\/chulointeriors.com\/es\/wp-json\/wp\/v2\/product_cat?post=296750"},{"taxonomy":"product_tag","embeddable":true,"href":"https:\/\/chulointeriors.com\/es\/wp-json\/wp\/v2\/product_tag?post=296750"}],"curies":[{"name":"wp","href":"https:\/\/api.w.org\/{rel}","templated":true}]}}