{"id":296712,"date":"2025-06-18T11:26:12","date_gmt":"2025-06-18T09:26:12","guid":{"rendered":"https:\/\/chulointeriors.com\/?post_type=product&#038;p=296712"},"modified":"2025-06-18T11:28:42","modified_gmt":"2025-06-18T09:28:42","slug":"chaise-longue-trena-madera-de-teak-reciclada-y-cuerda-96x180x70-cm-copy","status":"publish","type":"product","link":"https:\/\/chulointeriors.com\/es\/product\/chaise-longue-trena-madera-de-teak-reciclada-y-cuerda-96x180x70-cm-copy\/","title":{"rendered":"Chaise Longue TRENA \u2013 Madera de Teak Reciclada y Cuerda (96\u00d7180\u00d770 cm) (Copy)"},"content":{"rendered":"<p class=\"p1\"><b>Elegancia Exterior \u2022 Ligereza y Fuerza \u2022 Dise\u00f1o Sostenible<\/b><b><\/b><\/p>\n<p class=\"p3\">La <span class=\"s1\"><b>chaise longue TRENA<\/b><\/span> de la <span class=\"s1\"><b>colecci\u00f3n Trena<\/b><\/span> es una obra de arte del mobiliario exterior, donde el dise\u00f1o se une con la sostenibilidad y el confort. Su elegante forma combina la ligereza de la cuerda de <span class=\"s1\"><b>polipropileno reciclado en color beige<\/b><\/span>con la fuerza de la plataforma de <span class=\"s1\"><b>madera de teca reciclada de ferrocarril<\/b><\/span>.<\/p>\n<p class=\"p3\">El respaldo envuelve el asiento de manera delicada, creando un espacio \u00edntimo y acogedor, mientras que la base elevada otorga una sensaci\u00f3n de ligereza sutil. Dise\u00f1ada para exteriores, sus materiales son <span class=\"s1\"><b>repelentes al agua<\/b><\/span> y resistentes a la intemperie, aportando un toque natural con funcionalidad moderna.<\/p>\n<p class=\"p1\"><b>Caracter\u00edsticas clave:<\/b><b><\/b><\/p>\n<p class=\"p4\">\u00a0<\/p>\n<ul>\n<li>\n<p class=\"p1\"><span class=\"s1\"><b>Materiales<\/b><\/span>: Madera de teca reciclada (marr\u00f3n), cuerda de polipropileno reciclado (beige), espuma<\/p>\n<\/li>\n<li>\n<p class=\"p1\"><b>Dimensiones<\/b><span class=\"s1\">:<\/span><\/p>\n<ul>\n<li>\n<p class=\"p1\">Ancho: 96 cm<\/p>\n<\/li>\n<li>\n<p class=\"p1\">Fondo: 180 cm<\/p>\n<\/li>\n<li>\n<p class=\"p1\">Alto: 70 cm<\/p>\n<\/li>\n<\/ul>\n<p>&nbsp;<\/p>\n<\/li>\n<li>\n<p class=\"p1\"><span class=\"s1\"><b>Peso<\/b><\/span>: 50,4 kg<\/p>\n<\/li>\n<li>\n<p class=\"p1\"><span class=\"s1\"><b>Estilo<\/b><\/span>: Contempor\u00e1neo, org\u00e1nico, sostenible<\/p>\n<\/li>\n<li>\n<p class=\"p1\"><span class=\"s1\"><b>L\u00ednea<\/b><\/span>: Exterior<\/p>\n<\/li>\n<li>\n<p class=\"p1\"><span class=\"s1\"><b>Caracter\u00edsticas<\/b><\/span>: Repelente al agua, dise\u00f1o ecol\u00f3gico<\/p>\n<\/li>\n<\/ul>\n<p class=\"p3\">La <span class=\"s1\"><b>chaise longue TRENA<\/b><\/span> es la opci\u00f3n perfecta para dar un aire sofisticado y sostenible a tu zona exterior, uniendo <span class=\"s1\"><b>ligereza, fuerza y dise\u00f1o atemporal<\/b><\/span>.<\/p>\n","protected":false},"excerpt":{"rendered":"<p>Elegancia Exterior \u2022 Ligereza y Fuerza \u2022 Dise\u00f1o Sostenible La chaise longue TRENA de la colecci\u00f3n Trena es una obra de arte del mobiliario exterior, donde el dise\u00f1o se une con la sostenibilidad y el confort. Su elegante forma combina la ligereza de la cuerda de polipropileno reciclado en color beigecon la fuerza de la [&hellip;]<\/p>\n","protected":false},"featured_media":296714,"comment_status":"open","ping_status":"closed","template":"","meta":{"_et_pb_use_builder":"","_et_pb_old_content":"","_et_gb_content_width":""},"product_brand":[],"product_cat":[773],"product_tag":[],"class_list":{"0":"post-296712","1":"product","2":"type-product","3":"status-publish","4":"has-post-thumbnail","6":"product_cat-tablas","8":"first","9":"instock","10":"shipping-taxable","11":"purchasable","12":"product-type-simple"},"_links":{"self":[{"href":"https:\/\/chulointeriors.com\/es\/wp-json\/wp\/v2\/product\/296712","targetHints":{"allow":["GET"]}}],"collection":[{"href":"https:\/\/chulointeriors.com\/es\/wp-json\/wp\/v2\/product"}],"about":[{"href":"https:\/\/chulointeriors.com\/es\/wp-json\/wp\/v2\/types\/product"}],"replies":[{"embeddable":true,"href":"https:\/\/chulointeriors.com\/es\/wp-json\/wp\/v2\/comments?post=296712"}],"wp:featuredmedia":[{"embeddable":true,"href":"https:\/\/chulointeriors.com\/es\/wp-json\/wp\/v2\/media\/296714"}],"wp:attachment":[{"href":"https:\/\/chulointeriors.com\/es\/wp-json\/wp\/v2\/media?parent=296712"}],"wp:term":[{"taxonomy":"product_brand","embeddable":true,"href":"https:\/\/chulointeriors.com\/es\/wp-json\/wp\/v2\/product_brand?post=296712"},{"taxonomy":"product_cat","embeddable":true,"href":"https:\/\/chulointeriors.com\/es\/wp-json\/wp\/v2\/product_cat?post=296712"},{"taxonomy":"product_tag","embeddable":true,"href":"https:\/\/chulointeriors.com\/es\/wp-json\/wp\/v2\/product_tag?post=296712"}],"curies":[{"name":"wp","href":"https:\/\/api.w.org\/{rel}","templated":true}]}}