{"id":296636,"date":"2025-06-13T13:58:13","date_gmt":"2025-06-13T11:58:13","guid":{"rendered":"https:\/\/chulointeriors.com\/?post_type=product&#038;p=296636"},"modified":"2025-06-13T14:04:06","modified_gmt":"2025-06-13T12:04:06","slug":"jarron-antiguo-de-terracota-pequeno-o22-x-h20-cm","status":"publish","type":"product","link":"https:\/\/chulointeriors.com\/es\/product\/jarron-antiguo-de-terracota-pequeno-o22-x-h20-cm\/","title":{"rendered":"Jarr\u00f3n Antiguo de Terracota \u2013 Peque\u00f1o (\u00d822 x H20 cm)"},"content":{"rendered":"<p class=\"p1\"><b>Antiguo \u2022 Aut\u00e9ntico \u2022 Con Alma<\/b><b><\/b><\/p>\n<p class=\"p3\">Este <span class=\"s1\"><b>jarr\u00f3n de terracota antigua<\/b><\/span> es una aut\u00e9ntica joya artesanal con m\u00e1s de <span class=\"s1\"><b>120 a\u00f1os de historia<\/b><\/span>, originario de la provincia de <span class=\"s1\"><b>Shanxi, China<\/b><\/span>. Cada pieza es \u00fanica, con <span class=\"s1\"><b>tonos terrosos, detalles irregulares y huellas visibles del uso diario<\/b><\/span>, lo que le confiere un car\u00e1cter genuino y atemporal.<\/p>\n<p class=\"p3\">Gracias a su acabado envejecido y esmalte natural, es ideal para <span class=\"s1\"><b>decoraciones r\u00fasticas o contempor\u00e1neas<\/b><\/span>, ya sea como pieza decorativa independiente o para arreglos secos.<\/p>\n<p class=\"p1\"><b>Importante<\/b><span class=\"s2\">: Este jarr\u00f3n <\/span><b>no es impermeable<\/b><span class=\"s2\">, solo apto para <\/span><b>uso decorativo<\/b><span class=\"s2\">.<\/span><\/p>\n<p class=\"p1\"><b>Caracter\u00edsticas clave:<\/b><b><\/b><\/p>\n<ul>\n<li>\n<p class=\"p1\"><span class=\"s1\"><b>Material<\/b><\/span>: Terracota antigua<\/p>\n<\/li>\n<li>\n<p class=\"p1\"><span class=\"s1\"><b>Origen<\/b><\/span>: Shanxi, China<\/p>\n<\/li>\n<li>\n<p class=\"p1\"><span class=\"s1\"><b>Edad<\/b><\/span>: ~120 a\u00f1os<\/p>\n<\/li>\n<li>\n<p class=\"p1\"><span class=\"s1\"><b>Acabado<\/b><\/span>: Esmaltado a mano con p\u00e1tina natural y marcas de uso<\/p>\n<\/li>\n<li>\n<p class=\"p1\"><span class=\"s1\"><b>Color<\/b><\/span>: Tonos tierra (var\u00eda en cada pieza)<\/p>\n<\/li>\n<li>\n<p class=\"p1\"><b>Dimensiones<\/b><span class=\"s1\">:<\/span><\/p>\n<ul>\n<li>\n<p class=\"p1\">Ancho: 22 cm<\/p>\n<\/li>\n<li>\n<p class=\"p1\">Fondo: 22 cm<\/p>\n<\/li>\n<li>\n<p class=\"p1\">Alto: 20 cm<\/p>\n<\/li>\n<\/ul>\n<p>&nbsp;<\/p>\n<\/li>\n<li>\n<p class=\"p1\"><span class=\"s1\"><b>Peso<\/b><\/span>: 2 kg<\/p>\n<\/li>\n<li>\n<p class=\"p1\"><span class=\"s1\"><b>Volumen<\/b><\/span>: 0,0097 m\u00b3<\/p>\n<\/li>\n<li>\n<p class=\"p1\"><span class=\"s1\"><b>Uso<\/b><\/span>: Solo decorativo (no estanco)<\/p>\n<\/li>\n<\/ul>\n<p class=\"p3\">Una <span class=\"s1\"><b>pieza \u00fanica con historia<\/b><\/span>, perfecta para a\u00f1adir <span class=\"s1\"><b>calidez y autenticidad<\/b><\/span> a cualquier espacio.<\/p>\n","protected":false},"excerpt":{"rendered":"<p>Antiguo \u2022 Aut\u00e9ntico \u2022 Con Alma Este jarr\u00f3n de terracota antigua es una aut\u00e9ntica joya artesanal con m\u00e1s de 120 a\u00f1os de historia, originario de la provincia de Shanxi, China. Cada pieza es \u00fanica, con tonos terrosos, detalles irregulares y huellas visibles del uso diario, lo que le confiere un car\u00e1cter genuino y atemporal. Gracias [&hellip;]<\/p>\n","protected":false},"featured_media":296642,"comment_status":"open","ping_status":"closed","template":"","meta":{"_et_pb_use_builder":"","_et_pb_old_content":"","_et_gb_content_width":""},"product_brand":[],"product_cat":[758],"product_tag":[],"class_list":{"0":"post-296636","1":"product","2":"type-product","3":"status-publish","4":"has-post-thumbnail","6":"product_cat-jarrones","8":"first","9":"outofstock","10":"shipping-taxable","11":"purchasable","12":"product-type-simple"},"_links":{"self":[{"href":"https:\/\/chulointeriors.com\/es\/wp-json\/wp\/v2\/product\/296636","targetHints":{"allow":["GET"]}}],"collection":[{"href":"https:\/\/chulointeriors.com\/es\/wp-json\/wp\/v2\/product"}],"about":[{"href":"https:\/\/chulointeriors.com\/es\/wp-json\/wp\/v2\/types\/product"}],"replies":[{"embeddable":true,"href":"https:\/\/chulointeriors.com\/es\/wp-json\/wp\/v2\/comments?post=296636"}],"wp:featuredmedia":[{"embeddable":true,"href":"https:\/\/chulointeriors.com\/es\/wp-json\/wp\/v2\/media\/296642"}],"wp:attachment":[{"href":"https:\/\/chulointeriors.com\/es\/wp-json\/wp\/v2\/media?parent=296636"}],"wp:term":[{"taxonomy":"product_brand","embeddable":true,"href":"https:\/\/chulointeriors.com\/es\/wp-json\/wp\/v2\/product_brand?post=296636"},{"taxonomy":"product_cat","embeddable":true,"href":"https:\/\/chulointeriors.com\/es\/wp-json\/wp\/v2\/product_cat?post=296636"},{"taxonomy":"product_tag","embeddable":true,"href":"https:\/\/chulointeriors.com\/es\/wp-json\/wp\/v2\/product_tag?post=296636"}],"curies":[{"name":"wp","href":"https:\/\/api.w.org\/{rel}","templated":true}]}}