{"id":296626,"date":"2025-06-13T13:49:52","date_gmt":"2025-06-13T11:49:52","guid":{"rendered":"https:\/\/chulointeriors.com\/?post_type=product&#038;p=296626"},"modified":"2025-06-13T13:54:55","modified_gmt":"2025-06-13T11:54:55","slug":"banco-madison-tapizado-scape-sand-139x53x71-cm","status":"publish","type":"product","link":"https:\/\/chulointeriors.com\/es\/product\/banco-madison-tapizado-scape-sand-139x53x71-cm\/","title":{"rendered":"Banco Madison \u2013 Tapizado Scape Sand (139\u00d753\u00d771 cm)"},"content":{"rendered":"<p class=\"p1\">El <span class=\"s1\"><b>banco Madison en tela Scape Sand<\/b><\/span> es una pieza de dise\u00f1o contempor\u00e1neo que destaca por sus <span class=\"s1\"><b>formas geom\u00e9tricas suaves y su estructura arquitect\u00f3nica audaz<\/b><\/span>. Tapizado en un <span class=\"s1\"><b>tejido elegante y resistente<\/b><\/span>, ofrece comodidad y estilo, ideal para recibidores, dormitorios o como asiento auxiliar sofisticado en cualquier espacio.<\/p>\n<p class=\"p1\">La tela Scape Sand combina <span class=\"s1\"><b>textura, resistencia y tacto suave<\/b><\/span>, con una composici\u00f3n de alta calidad y una excelente resistencia al desgaste (<span class=\"s1\"><b>50.000 ciclos Martindale<\/b><\/span>).<\/p>\n<p class=\"p3\"><b>Caracter\u00edsticas clave:<\/b><b><\/b><\/p>\n<ul>\n<li>\n<p class=\"p1\"><span class=\"s1\"><b>Tapizado<\/b><\/span>: Scape Sand<\/p>\n<\/li>\n<li>\n<p class=\"p1\"><span class=\"s1\"><b>Composici\u00f3n de la tela<\/b><\/span>: 55% poli\u00e9ster, 26% viscosa, 11% lino, 7% acr\u00edlico, 1% lana<\/p>\n<\/li>\n<li>\n<p class=\"p1\"><b>Resistencia al desgaste<\/b><span class=\"s1\">: 50.000 Martindale<\/span><\/p>\n<\/li>\n<li>\n<p class=\"p1\"><b>Solidez a la luz<\/b><span class=\"s1\">: 5<\/span><\/p>\n<\/li>\n<li>\n<p class=\"p1\"><b>Dimensiones<\/b><span class=\"s1\">:<\/span><\/p>\n<ul>\n<li>\n<p class=\"p1\">Ancho: 139 cm<\/p>\n<\/li>\n<li>\n<p class=\"p1\">Fondo: 53 cm<\/p>\n<\/li>\n<li>\n<p class=\"p1\">Alto: 71 cm<\/p>\n<\/li>\n<li>\n<p class=\"p1\">Altura del asiento: 49 cm<\/p>\n<\/li>\n<li>\n<p class=\"p1\">Altura del brazo: 68 cm<\/p>\n<\/li>\n<li>\n<p class=\"p1\">Fondo del asiento: 47 cm<\/p>\n<\/li>\n<\/ul>\n<p>&nbsp;<\/p>\n<\/li>\n<li>\n<p class=\"p1\"><span class=\"s1\"><b>Peso neto<\/b><\/span>: 21,8 kg<\/p>\n<\/li>\n<li>\n<p class=\"p1\"><span class=\"s1\"><b>Volumen<\/b><\/span>: 0,6 m\u00b3<\/p>\n<\/li>\n<li>\n<p class=\"p1\"><span class=\"s1\"><b>Estilo<\/b><\/span>: Contempor\u00e1neo, Escultural, Art\u00edstico<\/p>\n<\/li>\n<\/ul>\n<p class=\"p1\">Aporta <span class=\"s1\"><b>elegancia moderna y personalidad<\/b><\/span> a tu decoraci\u00f3n con el <span class=\"s1\"><b>banco Madison<\/b><\/span>, una fusi\u00f3n perfecta entre dise\u00f1o funcional y forma art\u00edstica.<\/p>\n","protected":false},"excerpt":{"rendered":"<p>El banco Madison en tela Scape Sand es una pieza de dise\u00f1o contempor\u00e1neo que destaca por sus formas geom\u00e9tricas suaves y su estructura arquitect\u00f3nica audaz. Tapizado en un tejido elegante y resistente, ofrece comodidad y estilo, ideal para recibidores, dormitorios o como asiento auxiliar sofisticado en cualquier espacio. La tela Scape Sand combina textura, resistencia [&hellip;]<\/p>\n","protected":false},"featured_media":296634,"comment_status":"open","ping_status":"closed","template":"","meta":{"_et_pb_use_builder":"","_et_pb_old_content":"","_et_gb_content_width":""},"product_brand":[],"product_cat":[769,766,772],"product_tag":[],"class_list":{"0":"post-296626","1":"product","2":"type-product","3":"status-publish","4":"has-post-thumbnail","6":"product_cat-sillas","7":"product_cat-sillones","8":"product_cat-sofas-es","10":"first","11":"instock","12":"shipping-taxable","13":"purchasable","14":"product-type-simple"},"_links":{"self":[{"href":"https:\/\/chulointeriors.com\/es\/wp-json\/wp\/v2\/product\/296626","targetHints":{"allow":["GET"]}}],"collection":[{"href":"https:\/\/chulointeriors.com\/es\/wp-json\/wp\/v2\/product"}],"about":[{"href":"https:\/\/chulointeriors.com\/es\/wp-json\/wp\/v2\/types\/product"}],"replies":[{"embeddable":true,"href":"https:\/\/chulointeriors.com\/es\/wp-json\/wp\/v2\/comments?post=296626"}],"wp:featuredmedia":[{"embeddable":true,"href":"https:\/\/chulointeriors.com\/es\/wp-json\/wp\/v2\/media\/296634"}],"wp:attachment":[{"href":"https:\/\/chulointeriors.com\/es\/wp-json\/wp\/v2\/media?parent=296626"}],"wp:term":[{"taxonomy":"product_brand","embeddable":true,"href":"https:\/\/chulointeriors.com\/es\/wp-json\/wp\/v2\/product_brand?post=296626"},{"taxonomy":"product_cat","embeddable":true,"href":"https:\/\/chulointeriors.com\/es\/wp-json\/wp\/v2\/product_cat?post=296626"},{"taxonomy":"product_tag","embeddable":true,"href":"https:\/\/chulointeriors.com\/es\/wp-json\/wp\/v2\/product_tag?post=296626"}],"curies":[{"name":"wp","href":"https:\/\/api.w.org\/{rel}","templated":true}]}}