{"id":296469,"date":"2025-04-11T11:10:03","date_gmt":"2025-04-11T09:10:03","guid":{"rendered":"https:\/\/chulointeriors.com\/?post_type=product&#038;p=296469"},"modified":"2025-04-11T11:15:57","modified_gmt":"2025-04-11T09:15:57","slug":"farol-celano-s-laton-antiguo-cristal-transparente-soplado-a-mano","status":"publish","type":"product","link":"https:\/\/chulointeriors.com\/es\/product\/farol-celano-s-laton-antiguo-cristal-transparente-soplado-a-mano\/","title":{"rendered":"Farol CELANO S \u2013 Lat\u00f3n Antiguo, Cristal Transparente Soplado a Mano"},"content":{"rendered":"<p class=\"p1\">Ilumina tu hogar con estilo gracias al <span class=\"s1\"><b>farol CELANO S<\/b><\/span>, una pieza que combina <span class=\"s1\"><b>elegancia y resistencia<\/b><\/span>. Este <span class=\"s1\"><b>farol tipo tormenta<\/b><\/span> est\u00e1 fabricado con una <span class=\"s1\"><b>base met\u00e1lica robusta en acabado lat\u00f3n antiguo<\/b><\/span> y un <span class=\"s1\"><b>cilindro de cristal transparente soplado a mano<\/b><\/span>, creando un equilibrio perfecto entre lo cl\u00e1sico y lo artesanal.<\/p>\n<p class=\"p1\">Ideal para uso <span class=\"s1\"><b>decorativo y funcional<\/b><\/span>, es perfecto para <span class=\"s1\"><b>terrazas, salones, entradas o como centro de mesa<\/b><\/span>. Puedes usarlo con velas tradicionales o luces LED para generar un <span class=\"s1\"><b>ambiente c\u00e1lido y acogedor<\/b><\/span>.<\/p>\n<p class=\"p3\"><b>Caracter\u00edsticas clave:<\/b><b><\/b><\/p>\n<ul>\n<li class=\"p4\"><span class=\"s1\"><b>Material<\/b><\/span>: Base met\u00e1lica y cristal transparente soplado a mano<\/li>\n<li class=\"p4\"><span class=\"s1\"><b>Color<\/b><\/span>: Lat\u00f3n antiguo<\/li>\n<li class=\"p4\"><span class=\"s1\"><b>Altura<\/b><\/span>: 31,25 cm<\/li>\n<li class=\"p4\"><span class=\"s1\"><b>Di\u00e1metro<\/b><\/span>: 23 cm<\/li>\n<li class=\"p4\"><span class=\"s1\"><b>Peso<\/b><\/span>: 1 kg<\/li>\n<li class=\"p4\"><span class=\"s1\"><b>Estilo<\/b><\/span>: R\u00fastico elegante, Atemporal<\/li>\n<li class=\"p4\"><span class=\"s1\"><b>Uso<\/b><\/span>: Interior o exterior cubierto<\/li>\n<\/ul>\n<p class=\"p3\"><span class=\"s2\">A\u00f1ade un <\/span><b>toque sofisticado y acogedor<\/b><span class=\"s2\"> a tu decoraci\u00f3n con el <\/span><b>farol CELANO S<\/b><span class=\"s2\">, donde la <\/span><b>tradici\u00f3n artesanal se une con el dise\u00f1o elegante<\/b><span class=\"s2\">.<\/span><\/p>\n","protected":false},"excerpt":{"rendered":"<p>Ilumina tu hogar con estilo gracias al farol CELANO S, una pieza que combina elegancia y resistencia. Este farol tipo tormenta est\u00e1 fabricado con una base met\u00e1lica robusta en acabado lat\u00f3n antiguo y un cilindro de cristal transparente soplado a mano, creando un equilibrio perfecto entre lo cl\u00e1sico y lo artesanal. Ideal para uso decorativo [&hellip;]<\/p>\n","protected":false},"featured_media":296471,"comment_status":"open","ping_status":"closed","template":"","meta":{"_et_pb_use_builder":"","_et_pb_old_content":"","_et_gb_content_width":""},"product_brand":[],"product_cat":[752,755],"product_tag":[],"class_list":{"0":"post-296469","1":"product","2":"type-product","3":"status-publish","4":"has-post-thumbnail","6":"product_cat-accesorios","7":"product_cat-portavelas","9":"first","10":"outofstock","11":"sale","12":"shipping-taxable","13":"purchasable","14":"product-type-simple"},"_links":{"self":[{"href":"https:\/\/chulointeriors.com\/es\/wp-json\/wp\/v2\/product\/296469","targetHints":{"allow":["GET"]}}],"collection":[{"href":"https:\/\/chulointeriors.com\/es\/wp-json\/wp\/v2\/product"}],"about":[{"href":"https:\/\/chulointeriors.com\/es\/wp-json\/wp\/v2\/types\/product"}],"replies":[{"embeddable":true,"href":"https:\/\/chulointeriors.com\/es\/wp-json\/wp\/v2\/comments?post=296469"}],"wp:featuredmedia":[{"embeddable":true,"href":"https:\/\/chulointeriors.com\/es\/wp-json\/wp\/v2\/media\/296471"}],"wp:attachment":[{"href":"https:\/\/chulointeriors.com\/es\/wp-json\/wp\/v2\/media?parent=296469"}],"wp:term":[{"taxonomy":"product_brand","embeddable":true,"href":"https:\/\/chulointeriors.com\/es\/wp-json\/wp\/v2\/product_brand?post=296469"},{"taxonomy":"product_cat","embeddable":true,"href":"https:\/\/chulointeriors.com\/es\/wp-json\/wp\/v2\/product_cat?post=296469"},{"taxonomy":"product_tag","embeddable":true,"href":"https:\/\/chulointeriors.com\/es\/wp-json\/wp\/v2\/product_tag?post=296469"}],"curies":[{"name":"wp","href":"https:\/\/api.w.org\/{rel}","templated":true}]}}