{"id":296366,"date":"2025-03-24T16:44:50","date_gmt":"2025-03-24T14:44:50","guid":{"rendered":"https:\/\/chulointeriors.com\/?post_type=product&#038;p=296366"},"modified":"2025-03-24T16:50:16","modified_gmt":"2025-03-24T14:50:16","slug":"mesa-de-centro-kumalu-set-de-3-acabado-plata-antigua-120x60x45-cm","status":"publish","type":"product","link":"https:\/\/chulointeriors.com\/es\/product\/mesa-de-centro-kumalu-set-de-3-acabado-plata-antigua-120x60x45-cm\/","title":{"rendered":"Mesa de Centro KUMALU Set de 3 \u2013 Acabado Plata Antigua (120x60x45 cm)"},"content":{"rendered":"<p class=\"p1\">Decora tu terraza o sal\u00f3n con el <span class=\"s1\"><b>set de mesas de centro KUMALU<\/b><\/span>, un conjunto de <span class=\"s1\"><b>3 mesas<\/b><\/span> fabricadas en <span class=\"s1\"><b>aluminio y hierro<\/b><\/span> con un sofisticado <span class=\"s1\"><b>acabado en plata antigua<\/b><\/span>. Su forma <span class=\"s1\"><b>rectangular<\/b><\/span> y dise\u00f1o de estilo <span class=\"s1\"><b>industrial moderno<\/b><\/span> se adaptan perfectamente a espacios contempor\u00e1neos, tanto en interiores como en exteriores.<\/p>\n<p class=\"p1\">El set incluye una <span class=\"s1\"><b>mesa principal (120x60x45 cm)<\/b><\/span> y <span class=\"s1\"><b>dos mesas auxiliares encajables<\/b><\/span>, ideales para ahorrar espacio y ofrecer <span class=\"s1\"><b>versatilidad en el uso diario<\/b><\/span>. Inspirado en l\u00edneas org\u00e1nicas, el dise\u00f1o con tem\u00e1tica <span class=\"s1\"><b>\u201cMushroom\u201d<\/b><\/span> aporta un toque de originalidad a su estructura geom\u00e9trica.<\/p>\n<p class=\"p3\"><b>Especificaciones:<\/b><b><\/b><\/p>\n<ul>\n<li class=\"p4\"><span class=\"s1\"><b>Color<\/b><\/span>: Plata antigua<\/li>\n<li class=\"p4\"><span class=\"s1\"><b>Material<\/b><\/span>: Aluminio + Hierro<\/li>\n<li class=\"p4\"><span class=\"s1\"><b>Forma<\/b><\/span>: Rectangular<\/li>\n<li class=\"p4\"><span class=\"s1\"><b>Incluye<\/b><\/span>: 3 mesas (1 grande + 2 encajables)<\/li>\n<li class=\"p4\"><span class=\"s1\"><b>Tema<\/b><\/span>: Mushroom<\/li>\n<li class=\"p5\"><b>Dimensiones<\/b><span class=\"s2\">:<\/span>\n<ul>\n<li class=\"p6\">Largo: 120 cm<\/li>\n<li class=\"p6\">Ancho: 60 cm<\/li>\n<li class=\"p6\">Alto: 45 cm<\/li>\n<\/ul>\n<\/li>\n<li class=\"p4\"><span class=\"s1\"><b>Peso<\/b><\/span>: 40,7 kg<\/li>\n<li class=\"p4\"><span class=\"s1\"><b>Uso<\/b><\/span>: Interior y exterior<\/li>\n<\/ul>\n<p class=\"p3\"><span class=\"s2\">Elige el set <\/span><b>KUMALU<\/b><span class=\"s2\"> para a\u00f1adir <\/span><b>elegancia, funcionalidad y car\u00e1cter contempor\u00e1neo<\/b><span class=\"s2\"> a tu hogar.<\/span><\/p>\n","protected":false},"excerpt":{"rendered":"<p>Decora tu terraza o sal\u00f3n con el set de mesas de centro KUMALU, un conjunto de 3 mesas fabricadas en aluminio y hierro con un sofisticado acabado en plata antigua. Su forma rectangular y dise\u00f1o de estilo industrial moderno se adaptan perfectamente a espacios contempor\u00e1neos, tanto en interiores como en exteriores. El set incluye una [&hellip;]<\/p>\n","protected":false},"featured_media":296368,"comment_status":"open","ping_status":"closed","template":"","meta":{"_et_pb_use_builder":"","_et_pb_old_content":"","_et_gb_content_width":""},"product_brand":[],"product_cat":[2185],"product_tag":[],"class_list":{"0":"post-296366","1":"product","2":"type-product","3":"status-publish","4":"has-post-thumbnail","6":"product_cat-mesas","8":"first","9":"instock","10":"shipping-taxable","11":"purchasable","12":"product-type-simple"},"_links":{"self":[{"href":"https:\/\/chulointeriors.com\/es\/wp-json\/wp\/v2\/product\/296366","targetHints":{"allow":["GET"]}}],"collection":[{"href":"https:\/\/chulointeriors.com\/es\/wp-json\/wp\/v2\/product"}],"about":[{"href":"https:\/\/chulointeriors.com\/es\/wp-json\/wp\/v2\/types\/product"}],"replies":[{"embeddable":true,"href":"https:\/\/chulointeriors.com\/es\/wp-json\/wp\/v2\/comments?post=296366"}],"wp:featuredmedia":[{"embeddable":true,"href":"https:\/\/chulointeriors.com\/es\/wp-json\/wp\/v2\/media\/296368"}],"wp:attachment":[{"href":"https:\/\/chulointeriors.com\/es\/wp-json\/wp\/v2\/media?parent=296366"}],"wp:term":[{"taxonomy":"product_brand","embeddable":true,"href":"https:\/\/chulointeriors.com\/es\/wp-json\/wp\/v2\/product_brand?post=296366"},{"taxonomy":"product_cat","embeddable":true,"href":"https:\/\/chulointeriors.com\/es\/wp-json\/wp\/v2\/product_cat?post=296366"},{"taxonomy":"product_tag","embeddable":true,"href":"https:\/\/chulointeriors.com\/es\/wp-json\/wp\/v2\/product_tag?post=296366"}],"curies":[{"name":"wp","href":"https:\/\/api.w.org\/{rel}","templated":true}]}}