{"id":296249,"date":"2025-03-07T17:20:11","date_gmt":"2025-03-07T15:20:11","guid":{"rendered":"https:\/\/chulointeriors.com\/?post_type=product&#038;p=296249"},"modified":"2025-03-07T17:26:57","modified_gmt":"2025-03-07T15:26:57","slug":"cojin-tristan-acero-60x40","status":"publish","type":"product","link":"https:\/\/chulointeriors.com\/es\/product\/cojin-tristan-acero-60x40\/","title":{"rendered":"Coj\u00edn TRISTAN ACERO 60&#215;40"},"content":{"rendered":"<p class=\"p1\"><b>Coj\u00edn TRISTAN ACERO 60&#215;40 \u2013 Terciopelo de Algod\u00f3n de Alta Calidad<\/b><b><\/b><\/p>\n<p class=\"p3\">Aporta un toque de <span class=\"s1\"><b>lujo y confort<\/b><\/span> a tu hogar con el <span class=\"s1\"><b>coj\u00edn TRISTAN ACERO (60&#215;40)<\/b><\/span>, confeccionado en <span class=\"s1\"><b>terciopelo de algod\u00f3n de alta calidad<\/b><\/span>. Con un elegante <span class=\"s1\"><b>acabado de doble fleco<\/b><\/span> y una suave parte trasera de <span class=\"s1\"><b>lino<\/b><\/span>, este coj\u00edn irradia estilo y sofisticaci\u00f3n, siendo la opci\u00f3n perfecta para sof\u00e1s, sillones o camas.<\/p>\n<p class=\"p3\">Dise\u00f1ado con una <span class=\"s1\"><b>cremallera invisible<\/b><\/span> para un aspecto impecable, este coj\u00edn incluye un <span class=\"s1\"><b>relleno de popelina de algod\u00f3n y peque\u00f1as plumas del norte de Espa\u00f1a<\/b><\/span>, garantizando el m\u00e1ximo confort y una sensaci\u00f3n suave y mullida. Su rica textura y detalles refinados lo convierten en una elecci\u00f3n ideal tanto para interiores modernos como cl\u00e1sicos.<\/p>\n<p class=\"p1\"><b>Caracter\u00edsticas clave:<\/b><b><\/b><\/p>\n<ul>\n<li class=\"p4\"><span class=\"s1\"><b>Dimensiones<\/b><\/span>: 60&#215;40 cm<\/li>\n<li class=\"p4\"><span class=\"s1\"><b>Material<\/b><\/span>: Terciopelo de algod\u00f3n de alta calidad (frontal) y lino (trasera)<\/li>\n<li class=\"p4\"><span class=\"s1\"><b>Relleno<\/b><\/span>: Popelina de algod\u00f3n y peque\u00f1as plumas del norte de Espa\u00f1a<\/li>\n<li class=\"p4\"><span class=\"s1\"><b>Acabado<\/b><\/span>: Doble fleco y cremallera invisible<\/li>\n<li class=\"p4\"><span class=\"s1\"><b>Estilo<\/b><\/span>: Elegante, Lujoso, Moderno<\/li>\n<\/ul>\n<p class=\"p1\"><span class=\"s2\">Decora tu hogar con el <\/span><b>coj\u00edn TRISTAN ACERO<\/b><span class=\"s2\">, donde los <\/span><b>materiales suntuosos se fusionan con un dise\u00f1o sofisticado<\/b><span class=\"s2\"> para un atractivo atemporal.<\/span><\/p>\n","protected":false},"excerpt":{"rendered":"<p>Coj\u00edn TRISTAN ACERO 60&#215;40 \u2013 Terciopelo de Algod\u00f3n de Alta Calidad Aporta un toque de lujo y confort a tu hogar con el coj\u00edn TRISTAN ACERO (60&#215;40), confeccionado en terciopelo de algod\u00f3n de alta calidad. Con un elegante acabado de doble fleco y una suave parte trasera de lino, este coj\u00edn irradia estilo y sofisticaci\u00f3n, [&hellip;]<\/p>\n","protected":false},"featured_media":296251,"comment_status":"open","ping_status":"closed","template":"","meta":{"_et_pb_use_builder":"","_et_pb_old_content":"","_et_gb_content_width":""},"product_brand":[],"product_cat":[792],"product_tag":[],"class_list":{"0":"post-296249","1":"product","2":"type-product","3":"status-publish","4":"has-post-thumbnail","6":"product_cat-fundas-de-cojin","8":"first","9":"outofstock","10":"shipping-taxable","11":"purchasable","12":"product-type-simple"},"_links":{"self":[{"href":"https:\/\/chulointeriors.com\/es\/wp-json\/wp\/v2\/product\/296249","targetHints":{"allow":["GET"]}}],"collection":[{"href":"https:\/\/chulointeriors.com\/es\/wp-json\/wp\/v2\/product"}],"about":[{"href":"https:\/\/chulointeriors.com\/es\/wp-json\/wp\/v2\/types\/product"}],"replies":[{"embeddable":true,"href":"https:\/\/chulointeriors.com\/es\/wp-json\/wp\/v2\/comments?post=296249"}],"wp:featuredmedia":[{"embeddable":true,"href":"https:\/\/chulointeriors.com\/es\/wp-json\/wp\/v2\/media\/296251"}],"wp:attachment":[{"href":"https:\/\/chulointeriors.com\/es\/wp-json\/wp\/v2\/media?parent=296249"}],"wp:term":[{"taxonomy":"product_brand","embeddable":true,"href":"https:\/\/chulointeriors.com\/es\/wp-json\/wp\/v2\/product_brand?post=296249"},{"taxonomy":"product_cat","embeddable":true,"href":"https:\/\/chulointeriors.com\/es\/wp-json\/wp\/v2\/product_cat?post=296249"},{"taxonomy":"product_tag","embeddable":true,"href":"https:\/\/chulointeriors.com\/es\/wp-json\/wp\/v2\/product_tag?post=296249"}],"curies":[{"name":"wp","href":"https:\/\/api.w.org\/{rel}","templated":true}]}}