{"id":296140,"date":"2025-02-11T18:05:18","date_gmt":"2025-02-11T16:05:18","guid":{"rendered":"https:\/\/chulointeriors.com\/?post_type=product&#038;p=296140"},"modified":"2025-02-11T18:11:39","modified_gmt":"2025-02-11T16:11:39","slug":"picasso-the-self-portraits","status":"publish","type":"product","link":"https:\/\/chulointeriors.com\/es\/product\/picasso-the-self-portraits\/","title":{"rendered":"Picasso &#8211; The Self Portraits"},"content":{"rendered":"<p class=\"p1\"><b>Picasso \u2013 The Self Portraits: Un Estudio Revolucionario de los Autorretratos del Artista<\/b><b><\/b><\/p>\n<p class=\"p3\">Por primera vez, <i>Picasso \u2013 The Self Portraits<\/i> ofrece un estudio exhaustivo de los autorretratos de Pablo Picasso, muchos de los cuales han permanecido in\u00e9ditos hasta ahora. El historiador del arte Pascal Bonafoux, motivado por Jacqueline, la viuda del artista, pas\u00f3 m\u00e1s de cuarenta a\u00f1os investigando sus representaciones de s\u00ed mismo, reuniendo 170 dibujos, pinturas y fotograf\u00edas.<\/p>\n<p class=\"p3\">Esta extraordinaria colecci\u00f3n recorre toda la trayectoria de Picasso, desde su primer autorretrato atribuido a los trece a\u00f1os en 1894 hasta su \u00faltima y reflexiva obra en 1972, un a\u00f1o antes de su muerte. A lo largo de las p\u00e1ginas, Picasso se muestra como estudiante, joven bohemio en Par\u00eds, arlequ\u00edn, amante, esposo, padre y, finalmente, como un anciano enfrent\u00e1ndose a su propia mortalidad.<\/p>\n<p class=\"p3\">Ricamente ilustrado y profundamente revelador, <i>Picasso \u2013 The Self Portraits<\/i> es una obra imprescindible para amantes del arte, historiadores y cualquier persona interesada en la evoluci\u00f3n personal y art\u00edstica de uno de los m\u00e1s grandes genios del siglo XX.<\/p>\n<p class=\"p1\"><b>Caracter\u00edsticas Principales:<\/b><b><\/b><\/p>\n<ul>\n<li class=\"p4\"><span class=\"s1\"><b>Autor<\/b><\/span>: Pascal Bonafoux<\/li>\n<li class=\"p4\"><span class=\"s1\"><b>P\u00e1ginas<\/b><\/span>: 224<\/li>\n<li class=\"p4\"><span class=\"s1\"><b>Encuadernaci\u00f3n<\/b><\/span>: Tapa dura<\/li>\n<li class=\"p4\"><span class=\"s1\"><b>Idioma<\/b><\/span>: Ingl\u00e9s<\/li>\n<li class=\"p4\"><span class=\"s1\"><b>ISBN<\/b><\/span>: 9780500025833<\/li>\n<li class=\"p4\"><span class=\"s1\"><b>Dimensiones<\/b><\/span>: 20 x 2.5 x 26 cm<\/li>\n<li class=\"p4\"><span class=\"s1\"><b>Peso<\/b><\/span>: 1.1 kg<\/li>\n<li class=\"p4\"><span class=\"s1\"><b>Color<\/b><\/span>: Beige \/ Blanco<\/li>\n<\/ul>\n<p class=\"p3\">Un libro esencial para los entusiastas de Picasso, que re\u00fane toda una vida de autorrepresentaci\u00f3n art\u00edstica y revela la intimidad de un creador en constante reinvenci\u00f3n.<\/p>\n","protected":false},"excerpt":{"rendered":"<p>Picasso \u2013 The Self Portraits: Un Estudio Revolucionario de los Autorretratos del Artista Por primera vez, Picasso \u2013 The Self Portraits ofrece un estudio exhaustivo de los autorretratos de Pablo Picasso, muchos de los cuales han permanecido in\u00e9ditos hasta ahora. El historiador del arte Pascal Bonafoux, motivado por Jacqueline, la viuda del artista, pas\u00f3 m\u00e1s [&hellip;]<\/p>\n","protected":false},"featured_media":296150,"comment_status":"open","ping_status":"closed","template":"","meta":{"_et_pb_use_builder":"","_et_pb_old_content":"","_et_gb_content_width":""},"product_brand":[],"product_cat":[746],"product_tag":[],"class_list":{"0":"post-296140","1":"product","2":"type-product","3":"status-publish","4":"has-post-thumbnail","6":"product_cat-libros","8":"first","9":"instock","10":"sale","11":"shipping-taxable","12":"purchasable","13":"product-type-simple"},"_links":{"self":[{"href":"https:\/\/chulointeriors.com\/es\/wp-json\/wp\/v2\/product\/296140","targetHints":{"allow":["GET"]}}],"collection":[{"href":"https:\/\/chulointeriors.com\/es\/wp-json\/wp\/v2\/product"}],"about":[{"href":"https:\/\/chulointeriors.com\/es\/wp-json\/wp\/v2\/types\/product"}],"replies":[{"embeddable":true,"href":"https:\/\/chulointeriors.com\/es\/wp-json\/wp\/v2\/comments?post=296140"}],"wp:featuredmedia":[{"embeddable":true,"href":"https:\/\/chulointeriors.com\/es\/wp-json\/wp\/v2\/media\/296150"}],"wp:attachment":[{"href":"https:\/\/chulointeriors.com\/es\/wp-json\/wp\/v2\/media?parent=296140"}],"wp:term":[{"taxonomy":"product_brand","embeddable":true,"href":"https:\/\/chulointeriors.com\/es\/wp-json\/wp\/v2\/product_brand?post=296140"},{"taxonomy":"product_cat","embeddable":true,"href":"https:\/\/chulointeriors.com\/es\/wp-json\/wp\/v2\/product_cat?post=296140"},{"taxonomy":"product_tag","embeddable":true,"href":"https:\/\/chulointeriors.com\/es\/wp-json\/wp\/v2\/product_tag?post=296140"}],"curies":[{"name":"wp","href":"https:\/\/api.w.org\/{rel}","templated":true}]}}