{"id":296102,"date":"2025-02-11T16:56:05","date_gmt":"2025-02-11T14:56:05","guid":{"rendered":"https:\/\/chulointeriors.com\/?post_type=product&#038;p=296102"},"modified":"2025-02-11T17:03:57","modified_gmt":"2025-02-11T15:03:57","slug":"arranging-things-colin-king","status":"publish","type":"product","link":"https:\/\/chulointeriors.com\/es\/product\/arranging-things-colin-king\/","title":{"rendered":"Arranging Things &#8211; Colin King"},"content":{"rendered":"<p class=\"p1\"><b>Arranging Things \u2013 Colin King: El Arte de la Decoraci\u00f3n de Espacios<\/b><b><\/b><\/p>\n<p class=\"p3\"><i>Arranging Things<\/i> de Colin King es una gu\u00eda inspiradora sobre el arte de la decoraci\u00f3n, ayudando a los lectores a transformar sus espacios en reflejos de creatividad personal. Como uno de los estilistas m\u00e1s influyentes en el mundo del dise\u00f1o, King comparte su enfoque intuitivo para organizar objetos en mesas de caf\u00e9, estanter\u00edas, repisas y alf\u00e9izares.<\/p>\n<p class=\"p3\">A trav\u00e9s de ensayos visuales y an\u00e9cdotas personales, el libro explora principios clave del estilismo, como la escala, la proporci\u00f3n, la paleta de colores y la textura. King anima a redescubrir los objetos cotidianos, verlos con una nueva perspectiva y aceptar el azar como parte del proceso creativo.<\/p>\n<p class=\"p3\">Colaborador habitual de <i>Architectural Digest<\/i>, <i>T Magazine<\/i>, <i>Ark<\/i> y <i>Rum<\/i>, King ha trabajado con marcas como West Elm, Anthropologie, Zara Home y Crate &amp; Barrel. Su estilo caracter\u00edstico\u2014refinado pero espont\u00e1neo\u2014lo ha convertido en una referencia en el mundo del dise\u00f1o de interiores.<\/p>\n<p class=\"p1\"><b>Caracter\u00edsticas Principales:<\/b><b><\/b><\/p>\n<ul>\n<li class=\"p4\"><span class=\"s1\"><b>Autores<\/b><\/span>: Colin King, Samuel Cochran<\/li>\n<li class=\"p4\"><span class=\"s1\"><b>P\u00e1ginas<\/b><\/span>: 240<\/li>\n<li class=\"p4\"><span class=\"s1\"><b>Encuadernaci\u00f3n<\/b><\/span>: Tapa dura<\/li>\n<li class=\"p4\"><span class=\"s1\"><b>Idioma<\/b><\/span>: Ingl\u00e9s<\/li>\n<li class=\"p4\"><span class=\"s1\"><b>ISBN<\/b><\/span>: 9780847899104<\/li>\n<li class=\"p4\"><span class=\"s1\"><b>Dimensiones<\/b><\/span>: 24 x 2.8 x 27.5 cm<\/li>\n<li class=\"p4\"><span class=\"s1\"><b>Peso<\/b><\/span>: 0.6 kg<\/li>\n<li class=\"p4\"><span class=\"s1\"><b>Color<\/b><\/span>: Beige<\/li>\n<\/ul>\n<p class=\"p3\">Ideal para amantes del dise\u00f1o, decoradores y quienes buscan perfeccionar la est\u00e9tica de su hogar, <i>Arranging Things<\/i> es una obra imprescindible tanto para el aprendizaje pr\u00e1ctico como para la inspiraci\u00f3n visual.<\/p>\n","protected":false},"excerpt":{"rendered":"<p>Arranging Things \u2013 Colin King: El Arte de la Decoraci\u00f3n de Espacios Arranging Things de Colin King es una gu\u00eda inspiradora sobre el arte de la decoraci\u00f3n, ayudando a los lectores a transformar sus espacios en reflejos de creatividad personal. Como uno de los estilistas m\u00e1s influyentes en el mundo del dise\u00f1o, King comparte su [&hellip;]<\/p>\n","protected":false},"featured_media":296104,"comment_status":"open","ping_status":"closed","template":"","meta":{"_et_pb_use_builder":"","_et_pb_old_content":"","_et_gb_content_width":""},"product_brand":[],"product_cat":[746],"product_tag":[],"class_list":{"0":"post-296102","1":"product","2":"type-product","3":"status-publish","4":"has-post-thumbnail","6":"product_cat-libros","8":"first","9":"instock","10":"sale","11":"shipping-taxable","12":"purchasable","13":"product-type-simple"},"_links":{"self":[{"href":"https:\/\/chulointeriors.com\/es\/wp-json\/wp\/v2\/product\/296102","targetHints":{"allow":["GET"]}}],"collection":[{"href":"https:\/\/chulointeriors.com\/es\/wp-json\/wp\/v2\/product"}],"about":[{"href":"https:\/\/chulointeriors.com\/es\/wp-json\/wp\/v2\/types\/product"}],"replies":[{"embeddable":true,"href":"https:\/\/chulointeriors.com\/es\/wp-json\/wp\/v2\/comments?post=296102"}],"wp:featuredmedia":[{"embeddable":true,"href":"https:\/\/chulointeriors.com\/es\/wp-json\/wp\/v2\/media\/296104"}],"wp:attachment":[{"href":"https:\/\/chulointeriors.com\/es\/wp-json\/wp\/v2\/media?parent=296102"}],"wp:term":[{"taxonomy":"product_brand","embeddable":true,"href":"https:\/\/chulointeriors.com\/es\/wp-json\/wp\/v2\/product_brand?post=296102"},{"taxonomy":"product_cat","embeddable":true,"href":"https:\/\/chulointeriors.com\/es\/wp-json\/wp\/v2\/product_cat?post=296102"},{"taxonomy":"product_tag","embeddable":true,"href":"https:\/\/chulointeriors.com\/es\/wp-json\/wp\/v2\/product_tag?post=296102"}],"curies":[{"name":"wp","href":"https:\/\/api.w.org\/{rel}","templated":true}]}}