{"id":296088,"date":"2025-02-11T16:41:27","date_gmt":"2025-02-11T14:41:27","guid":{"rendered":"https:\/\/chulointeriors.com\/?post_type=product&#038;p=296088"},"modified":"2025-02-11T16:48:13","modified_gmt":"2025-02-11T14:48:13","slug":"the-monocle-handbook-espana","status":"publish","type":"product","link":"https:\/\/chulointeriors.com\/es\/product\/the-monocle-handbook-espana\/","title":{"rendered":"The Monocle Handbook \u2013 Espa\u00f1a"},"content":{"rendered":"<p class=\"p1\"><b>The Monocle Handbook \u2013 Espa\u00f1a: Una Gu\u00eda Sofisticada para Descubrir lo Mejor de Espa\u00f1a<\/b><b><\/b><\/p>\n<p class=\"p3\"><i>The Monocle Handbook \u2013 Espa\u00f1a<\/i> es la gu\u00eda definitiva para explorar Espa\u00f1a, ya sea para una escapada de fin de semana o una estancia m\u00e1s larga. Creado por los editores de <i>Monocle<\/i>, este libro de tapa dura presenta los mejores lugares para hospedarse, comer, comprar y descubrir en todo el pa\u00eds.<\/p>\n<p class=\"p3\">Desde las soleadas playas de la Costa Brava hasta los bares m\u00e1s vibrantes de Barcelona, la gu\u00eda destaca experiencias aut\u00e9nticas y con estilo. Descubre los restaurantes de tapas m\u00e1s tradicionales en Andaluc\u00eda, los centros culturales de Madrid, Bilbao y Valencia, y conoce a los artesanos, dise\u00f1adores y chefs que est\u00e1n revolucionando la escena creativa espa\u00f1ola.<\/p>\n<p class=\"p3\">Para aquellos que sue\u00f1an con mudarse a Espa\u00f1a, el libro tambi\u00e9n ofrece informaci\u00f3n sobre las mejores ciudades y barrios para invertir, adem\u00e1s de inspiraci\u00f3n en arquitectura y dise\u00f1o de interiores para tu hogar o casa de vacaciones. Ya sea que est\u00e9s planificando un viaje corto o una estancia prolongada, <i>The Monocle Handbook \u2013 Espa\u00f1a<\/i> es el compa\u00f1ero ideal para explorar la esencia del pa\u00eds.<\/p>\n<p class=\"p1\"><b>Caracter\u00edsticas Principales:<\/b><b><\/b><\/p>\n<ul>\n<li class=\"p4\"><span class=\"s1\"><b>Autores<\/b><\/span>: Tyler Br\u00fbl\u00e9, Andrew Tuck, Joe Pickard<\/li>\n<li class=\"p4\"><span class=\"s1\"><b>P\u00e1ginas<\/b><\/span>: 224<\/li>\n<li class=\"p4\"><span class=\"s1\"><b>Encuadernaci\u00f3n<\/b><\/span>: Tapa dura<\/li>\n<li class=\"p4\"><span class=\"s1\"><b>Idioma<\/b><\/span>: Ingl\u00e9s<\/li>\n<li class=\"p4\"><span class=\"s1\"><b>ISBN<\/b><\/span>: 9780500978672<\/li>\n<li class=\"p4\"><span class=\"s1\"><b>Dimensiones<\/b><\/span>: 18 x 2.3 x 24 cm<\/li>\n<li class=\"p4\"><span class=\"s1\"><b>Peso<\/b><\/span>: 0.8 kg<\/li>\n<li class=\"p4\"><span class=\"s1\"><b>Color<\/b><\/span>: Multicolor \/ Blanco<\/li>\n<\/ul>\n<p class=\"p3\">Ideal para viajeros, amantes del dise\u00f1o y quienes buscan conocer Espa\u00f1a desde una perspectiva fresca y sofisticada, esta gu\u00eda ofrece una visi\u00f3n moderna y aut\u00e9ntica del pa\u00eds.<\/p>\n","protected":false},"excerpt":{"rendered":"<p>The Monocle Handbook \u2013 Espa\u00f1a: Una Gu\u00eda Sofisticada para Descubrir lo Mejor de Espa\u00f1a The Monocle Handbook \u2013 Espa\u00f1a es la gu\u00eda definitiva para explorar Espa\u00f1a, ya sea para una escapada de fin de semana o una estancia m\u00e1s larga. Creado por los editores de Monocle, este libro de tapa dura presenta los mejores lugares [&hellip;]<\/p>\n","protected":false},"featured_media":296090,"comment_status":"open","ping_status":"closed","template":"","meta":{"_et_pb_use_builder":"","_et_pb_old_content":"","_et_gb_content_width":""},"product_brand":[],"product_cat":[746],"product_tag":[],"class_list":{"0":"post-296088","1":"product","2":"type-product","3":"status-publish","4":"has-post-thumbnail","6":"product_cat-libros","8":"first","9":"instock","10":"sale","11":"shipping-taxable","12":"purchasable","13":"product-type-simple"},"_links":{"self":[{"href":"https:\/\/chulointeriors.com\/es\/wp-json\/wp\/v2\/product\/296088","targetHints":{"allow":["GET"]}}],"collection":[{"href":"https:\/\/chulointeriors.com\/es\/wp-json\/wp\/v2\/product"}],"about":[{"href":"https:\/\/chulointeriors.com\/es\/wp-json\/wp\/v2\/types\/product"}],"replies":[{"embeddable":true,"href":"https:\/\/chulointeriors.com\/es\/wp-json\/wp\/v2\/comments?post=296088"}],"wp:featuredmedia":[{"embeddable":true,"href":"https:\/\/chulointeriors.com\/es\/wp-json\/wp\/v2\/media\/296090"}],"wp:attachment":[{"href":"https:\/\/chulointeriors.com\/es\/wp-json\/wp\/v2\/media?parent=296088"}],"wp:term":[{"taxonomy":"product_brand","embeddable":true,"href":"https:\/\/chulointeriors.com\/es\/wp-json\/wp\/v2\/product_brand?post=296088"},{"taxonomy":"product_cat","embeddable":true,"href":"https:\/\/chulointeriors.com\/es\/wp-json\/wp\/v2\/product_cat?post=296088"},{"taxonomy":"product_tag","embeddable":true,"href":"https:\/\/chulointeriors.com\/es\/wp-json\/wp\/v2\/product_tag?post=296088"}],"curies":[{"name":"wp","href":"https:\/\/api.w.org\/{rel}","templated":true}]}}