{"id":296074,"date":"2025-02-11T16:31:39","date_gmt":"2025-02-11T14:31:39","guid":{"rendered":"https:\/\/chulointeriors.com\/?post_type=product&#038;p=296074"},"modified":"2025-02-11T16:38:15","modified_gmt":"2025-02-11T14:38:15","slug":"living-in-morocco-40th-edt","status":"publish","type":"product","link":"https:\/\/chulointeriors.com\/es\/product\/living-in-morocco-40th-edt\/","title":{"rendered":"Living in Morocco. 40th Edt."},"content":{"rendered":"<p class=\"p1\"><b>Living in Morocco: 40\u00aa Edici\u00f3n \u2013 Un Viaje Visual al Estilo Marroqu\u00ed<\/b><b><\/b><\/p>\n<p class=\"p3\">Marruecos, aunque ubicado a pocos kil\u00f3metros de Europa, es un mundo completamente diferente, con paisajes impresionantes, una rica herencia cultural y un estilo inconfundible que fusiona tradici\u00f3n y lujo ex\u00f3tico. <i>Living in Morocco<\/i> de Barbara y Ren\u00e9 Stoeltie es una exploraci\u00f3n fascinante del dise\u00f1o marroqu\u00ed, con una cuidada selecci\u00f3n de hogares que reflejan la esencia y el encanto del pa\u00eds.<\/p>\n<p class=\"p3\">Desde intrincados mosaicos y muebles de madera tallada hasta exuberantes jardines y piscinas de azulejos turquesa, este libro captura la esencia del estilo de vida marroqu\u00ed. Con m\u00e1s de 500 p\u00e1ginas de impresionantes fotograf\u00edas, esta obra visualmente cautivadora es tanto una fuente de inspiraci\u00f3n como una invitaci\u00f3n a descubrir la belleza de los interiores marroqu\u00edes.<\/p>\n<p class=\"p1\"><b>Caracter\u00edsticas Principales:<\/b><b><\/b><\/p>\n<ul>\n<li class=\"p4\"><span class=\"s1\"><b>Autores<\/b><\/span>: Barbara &amp; Ren\u00e9 Stoeltie<\/li>\n<li class=\"p4\"><span class=\"s1\"><b>P\u00e1ginas<\/b><\/span>: 512<\/li>\n<li class=\"p4\"><span class=\"s1\"><b>Encuadernaci\u00f3n<\/b><\/span>: Tapa dura<\/li>\n<li class=\"p4\"><span class=\"s1\"><b>Idiomas<\/b><\/span>: Ingl\u00e9s, Franc\u00e9s y Alem\u00e1n (Edici\u00f3n Multiling\u00fce)<\/li>\n<li class=\"p4\"><span class=\"s1\"><b>ISBN<\/b><\/span>: 9783836590037<\/li>\n<li class=\"p4\"><span class=\"s1\"><b>Dimensiones<\/b><\/span>: 16.5 x 4 x 22.5 cm<\/li>\n<li class=\"p4\"><span class=\"s1\"><b>Peso<\/b><\/span>: 1.5 kg<\/li>\n<li class=\"p4\"><span class=\"s1\"><b>Color<\/b><\/span>: Azul<\/li>\n<\/ul>\n<p class=\"p3\">Ideal para amantes del dise\u00f1o, los viajes y la cultura, <i>Living in Morocco<\/i> es una pieza imprescindible que ofrece una ventana al fascinante mundo del arte y la arquitectura marroqu\u00ed.<\/p>\n","protected":false},"excerpt":{"rendered":"<p>Living in Morocco: 40\u00aa Edici\u00f3n \u2013 Un Viaje Visual al Estilo Marroqu\u00ed Marruecos, aunque ubicado a pocos kil\u00f3metros de Europa, es un mundo completamente diferente, con paisajes impresionantes, una rica herencia cultural y un estilo inconfundible que fusiona tradici\u00f3n y lujo ex\u00f3tico. Living in Morocco de Barbara y Ren\u00e9 Stoeltie es una exploraci\u00f3n fascinante del [&hellip;]<\/p>\n","protected":false},"featured_media":296076,"comment_status":"open","ping_status":"closed","template":"","meta":{"_et_pb_use_builder":"","_et_pb_old_content":"","_et_gb_content_width":""},"product_brand":[],"product_cat":[746],"product_tag":[],"class_list":{"0":"post-296074","1":"product","2":"type-product","3":"status-publish","4":"has-post-thumbnail","6":"product_cat-libros","8":"first","9":"instock","10":"sale","11":"shipping-taxable","12":"purchasable","13":"product-type-simple"},"_links":{"self":[{"href":"https:\/\/chulointeriors.com\/es\/wp-json\/wp\/v2\/product\/296074","targetHints":{"allow":["GET"]}}],"collection":[{"href":"https:\/\/chulointeriors.com\/es\/wp-json\/wp\/v2\/product"}],"about":[{"href":"https:\/\/chulointeriors.com\/es\/wp-json\/wp\/v2\/types\/product"}],"replies":[{"embeddable":true,"href":"https:\/\/chulointeriors.com\/es\/wp-json\/wp\/v2\/comments?post=296074"}],"wp:featuredmedia":[{"embeddable":true,"href":"https:\/\/chulointeriors.com\/es\/wp-json\/wp\/v2\/media\/296076"}],"wp:attachment":[{"href":"https:\/\/chulointeriors.com\/es\/wp-json\/wp\/v2\/media?parent=296074"}],"wp:term":[{"taxonomy":"product_brand","embeddable":true,"href":"https:\/\/chulointeriors.com\/es\/wp-json\/wp\/v2\/product_brand?post=296074"},{"taxonomy":"product_cat","embeddable":true,"href":"https:\/\/chulointeriors.com\/es\/wp-json\/wp\/v2\/product_cat?post=296074"},{"taxonomy":"product_tag","embeddable":true,"href":"https:\/\/chulointeriors.com\/es\/wp-json\/wp\/v2\/product_tag?post=296074"}],"curies":[{"name":"wp","href":"https:\/\/api.w.org\/{rel}","templated":true}]}}