{"id":296058,"date":"2025-02-11T16:24:05","date_gmt":"2025-02-11T14:24:05","guid":{"rendered":"https:\/\/chulointeriors.com\/?post_type=product&#038;p=296058"},"modified":"2025-02-11T16:28:50","modified_gmt":"2025-02-11T14:28:50","slug":"yayoi-kusama-x-louis-vuitton","status":"publish","type":"product","link":"https:\/\/chulointeriors.com\/es\/product\/yayoi-kusama-x-louis-vuitton\/","title":{"rendered":"Yayoi Kusama x Louis Vuitton"},"content":{"rendered":"<p class=\"p1\"><b>Yayoi Kusama x Louis Vuitton \u2013 Una Celebraci\u00f3n del Arte y la Moda<\/b><b><\/b><\/p>\n<p class=\"p3\">Este impresionante volumen explora la extraordinaria colaboraci\u00f3n entre la legendaria artista Yayoi Kusama y la casa de moda de lujo Louis Vuitton. Reuniendo la innovadora obra de Kusama y la colecci\u00f3n revolucionaria que dise\u00f1\u00f3 con Louis Vuitton, el libro est\u00e1 organizado en torno a los temas art\u00edsticos clave que inspiraron esta ic\u00f3nica asociaci\u00f3n.<\/p>\n<p class=\"p3\">Expertos de renombre en moda y arte, como la escritora Jo-Ann Furniss y la curadora especializada en Kusama, Mika Yoshitake, ofrecen un an\u00e1lisis profundo sobre la colaboraci\u00f3n. Adem\u00e1s, el libro incluye reflexiones de artistas contempor\u00e1neos, celebridades y figuras creativas sobre la influencia de Kusama\u2014su capacidad para crear mundos inmersivos y fant\u00e1sticos a trav\u00e9s de sus ic\u00f3nicos lunares y bolas de espejo, que reflejan su profunda filosof\u00eda art\u00edstica.<\/p>\n<p class=\"p3\">Con una cuidada selecci\u00f3n de ilustraciones y detalles exclusivos, esta edici\u00f3n de tapa dura es una pieza imprescindible para los amantes del arte, la moda y el dise\u00f1o.<\/p>\n<p class=\"p1\"><b>Caracter\u00edsticas Principales:<\/b><b><\/b><\/p>\n<ul>\n<li class=\"p4\"><span class=\"s1\"><b>Autor<\/b><\/span>: Jo-Ann Furniss<\/li>\n<li class=\"p4\"><span class=\"s1\"><b>P\u00e1ginas<\/b><\/span>: 240<\/li>\n<li class=\"p4\"><span class=\"s1\"><b>Encuadernaci\u00f3n<\/b><\/span>: Tapa dura<\/li>\n<li class=\"p4\"><span class=\"s1\"><b>Idioma<\/b><\/span>: Ingl\u00e9s<\/li>\n<li class=\"p4\"><span class=\"s1\"><b>ISBN<\/b><\/span>: 9780847873838<\/li>\n<li class=\"p4\"><span class=\"s1\"><b>Dimensiones<\/b><\/span>: 23.5 x 3 x 31 cm<\/li>\n<li class=\"p4\"><span class=\"s1\"><b>Peso<\/b><\/span>: 1.5 kg<\/li>\n<li class=\"p4\"><span class=\"s1\"><b>Color<\/b><\/span>: Rojo \/ Multicolor<\/li>\n<\/ul>\n<p class=\"p3\">Un imprescindible para los apasionados del arte y la moda, <i>Yayoi Kusama x Louis Vuitton<\/i> captura la esencia de esta ic\u00f3nica colaboraci\u00f3n donde el arte vanguardista se encuentra con la alta costura.<\/p>\n","protected":false},"excerpt":{"rendered":"<p>Yayoi Kusama x Louis Vuitton \u2013 Una Celebraci\u00f3n del Arte y la Moda Este impresionante volumen explora la extraordinaria colaboraci\u00f3n entre la legendaria artista Yayoi Kusama y la casa de moda de lujo Louis Vuitton. Reuniendo la innovadora obra de Kusama y la colecci\u00f3n revolucionaria que dise\u00f1\u00f3 con Louis Vuitton, el libro est\u00e1 organizado en [&hellip;]<\/p>\n","protected":false},"featured_media":296072,"comment_status":"open","ping_status":"closed","template":"","meta":{"_et_pb_use_builder":"","_et_pb_old_content":"","_et_gb_content_width":""},"product_brand":[],"product_cat":[746],"product_tag":[],"class_list":{"0":"post-296058","1":"product","2":"type-product","3":"status-publish","4":"has-post-thumbnail","6":"product_cat-libros","8":"first","9":"instock","10":"sale","11":"shipping-taxable","12":"purchasable","13":"product-type-simple"},"_links":{"self":[{"href":"https:\/\/chulointeriors.com\/es\/wp-json\/wp\/v2\/product\/296058","targetHints":{"allow":["GET"]}}],"collection":[{"href":"https:\/\/chulointeriors.com\/es\/wp-json\/wp\/v2\/product"}],"about":[{"href":"https:\/\/chulointeriors.com\/es\/wp-json\/wp\/v2\/types\/product"}],"replies":[{"embeddable":true,"href":"https:\/\/chulointeriors.com\/es\/wp-json\/wp\/v2\/comments?post=296058"}],"wp:featuredmedia":[{"embeddable":true,"href":"https:\/\/chulointeriors.com\/es\/wp-json\/wp\/v2\/media\/296072"}],"wp:attachment":[{"href":"https:\/\/chulointeriors.com\/es\/wp-json\/wp\/v2\/media?parent=296058"}],"wp:term":[{"taxonomy":"product_brand","embeddable":true,"href":"https:\/\/chulointeriors.com\/es\/wp-json\/wp\/v2\/product_brand?post=296058"},{"taxonomy":"product_cat","embeddable":true,"href":"https:\/\/chulointeriors.com\/es\/wp-json\/wp\/v2\/product_cat?post=296058"},{"taxonomy":"product_tag","embeddable":true,"href":"https:\/\/chulointeriors.com\/es\/wp-json\/wp\/v2\/product_tag?post=296058"}],"curies":[{"name":"wp","href":"https:\/\/api.w.org\/{rel}","templated":true}]}}