{"id":296054,"date":"2025-02-11T16:15:48","date_gmt":"2025-02-11T14:15:48","guid":{"rendered":"https:\/\/chulointeriors.com\/?post_type=product&#038;p=296054"},"modified":"2025-02-11T16:20:33","modified_gmt":"2025-02-11T14:20:33","slug":"slow-drinks","status":"publish","type":"product","link":"https:\/\/chulointeriors.com\/es\/product\/slow-drinks\/","title":{"rendered":"Slow Drinks"},"content":{"rendered":"<p class=\"p1\"><b>Slow Drinks \u2013 Una Gu\u00eda Estacional para Bebidas Bot\u00e1nicas<\/b><b><\/b><\/p>\n<p class=\"p3\"><i>Slow Drinks<\/i> de Danny Childs es una gu\u00eda inspiradora para crear bebidas bot\u00e1nicas \u00fanicas utilizando ingredientes de temporada. Ya seas un cocinero casero, mix\u00f3logo, cervecero aficionado o buscador de ingredientes naturales, este libro bellamente ilustrado te ense\u00f1ar\u00e1 a transformar la naturaleza en sodas, jarabes, vinos, cervezas y amargos.<\/p>\n<p class=\"p3\">Organizado por estaciones del a\u00f1o, el libro fomenta una conexi\u00f3n m\u00e1s profunda con el entorno, convirtiendo paseos, sesiones de jardiner\u00eda o excursiones de recolecci\u00f3n en oportunidades para elaborar bebidas distintivas. Desde hidromiel de diente de le\u00f3n hasta cerveza de abeto, <i>Slow Drinks<\/i> combina el arte de la fermentaci\u00f3n, la infusi\u00f3n y el encurtido con un enfoque sostenible y de vida lenta.<\/p>\n<p class=\"p3\">Con impresionantes fotograf\u00edas e ilustraciones a color, esta edici\u00f3n de tapa dura funciona tanto como gu\u00eda pr\u00e1ctica como pieza decorativa para la mesa de centro. Proporciona las t\u00e9cnicas esenciales para elaborar bebidas que cuentan una historia de tiempo y lugar, convirti\u00e9ndolo en un imprescindible para los amantes de la mixolog\u00eda natural.<\/p>\n<p class=\"p1\"><b>Caracter\u00edsticas Principales:<\/b><b><\/b><\/p>\n<ul>\n<li class=\"p4\"><span class=\"s1\"><b>Autor<\/b><\/span>: Danny Childs<\/li>\n<li class=\"p4\"><span class=\"s1\"><b>Editorial<\/b><\/span>: Hardie Grant Books<\/li>\n<li class=\"p4\"><span class=\"s1\"><b>P\u00e1ginas<\/b><\/span>: 320<\/li>\n<li class=\"p4\"><span class=\"s1\"><b>Encuadernaci\u00f3n<\/b><\/span>: Tapa dura<\/li>\n<li class=\"p4\"><span class=\"s1\"><b>Idioma<\/b><\/span>: Ingl\u00e9s<\/li>\n<li class=\"p4\"><span class=\"s1\"><b>ISBN<\/b><\/span>: 9781958417300<\/li>\n<\/ul>\n<p class=\"p3\"><i>Slow Drinks<\/i> es la gu\u00eda definitiva para la mixolog\u00eda natural, inspir\u00e1ndote a crear bebidas tan reflexivas como deliciosas.<\/p>\n","protected":false},"excerpt":{"rendered":"<p>Slow Drinks \u2013 Una Gu\u00eda Estacional para Bebidas Bot\u00e1nicas Slow Drinks de Danny Childs es una gu\u00eda inspiradora para crear bebidas bot\u00e1nicas \u00fanicas utilizando ingredientes de temporada. Ya seas un cocinero casero, mix\u00f3logo, cervecero aficionado o buscador de ingredientes naturales, este libro bellamente ilustrado te ense\u00f1ar\u00e1 a transformar la naturaleza en sodas, jarabes, vinos, cervezas [&hellip;]<\/p>\n","protected":false},"featured_media":296056,"comment_status":"open","ping_status":"closed","template":"","meta":{"_et_pb_use_builder":"","_et_pb_old_content":"","_et_gb_content_width":""},"product_brand":[],"product_cat":[746],"product_tag":[],"class_list":{"0":"post-296054","1":"product","2":"type-product","3":"status-publish","4":"has-post-thumbnail","6":"product_cat-libros","8":"first","9":"instock","10":"sale","11":"shipping-taxable","12":"purchasable","13":"product-type-simple"},"_links":{"self":[{"href":"https:\/\/chulointeriors.com\/es\/wp-json\/wp\/v2\/product\/296054","targetHints":{"allow":["GET"]}}],"collection":[{"href":"https:\/\/chulointeriors.com\/es\/wp-json\/wp\/v2\/product"}],"about":[{"href":"https:\/\/chulointeriors.com\/es\/wp-json\/wp\/v2\/types\/product"}],"replies":[{"embeddable":true,"href":"https:\/\/chulointeriors.com\/es\/wp-json\/wp\/v2\/comments?post=296054"}],"wp:featuredmedia":[{"embeddable":true,"href":"https:\/\/chulointeriors.com\/es\/wp-json\/wp\/v2\/media\/296056"}],"wp:attachment":[{"href":"https:\/\/chulointeriors.com\/es\/wp-json\/wp\/v2\/media?parent=296054"}],"wp:term":[{"taxonomy":"product_brand","embeddable":true,"href":"https:\/\/chulointeriors.com\/es\/wp-json\/wp\/v2\/product_brand?post=296054"},{"taxonomy":"product_cat","embeddable":true,"href":"https:\/\/chulointeriors.com\/es\/wp-json\/wp\/v2\/product_cat?post=296054"},{"taxonomy":"product_tag","embeddable":true,"href":"https:\/\/chulointeriors.com\/es\/wp-json\/wp\/v2\/product_tag?post=296054"}],"curies":[{"name":"wp","href":"https:\/\/api.w.org\/{rel}","templated":true}]}}