{"id":296042,"date":"2025-02-11T14:33:49","date_gmt":"2025-02-11T12:33:49","guid":{"rendered":"https:\/\/chulointeriors.com\/?post_type=product&#038;p=296042"},"modified":"2025-02-11T14:40:38","modified_gmt":"2025-02-11T12:40:38","slug":"libro-porsche-911-50-anos","status":"publish","type":"product","link":"https:\/\/chulointeriors.com\/es\/product\/libro-porsche-911-50-anos\/","title":{"rendered":"Porsche 911 &#8211; 50 A\u00f1os"},"content":{"rendered":"<p class=\"p1\"><b>Porsche 911: 50 A\u00f1os \u2013 Un Libro Esencial para los Amantes de Porsche<\/b><b><\/b><\/p>\n<p class=\"p3\">En <i>Porsche 911: 50 A\u00f1os<\/i>, el reconocido autor Randy Leffingwell celebra cinco d\u00e9cadas de uno de los autos deportivos m\u00e1s ic\u00f3nicos del mundo. Este impresionante libro de tapa dura, ricamente ilustrado, explora los principales aspectos que han definido al Porsche 911: su dise\u00f1o, evoluci\u00f3n tecnol\u00f3gica, historia en las competencias y su impacto en la cultura automovil\u00edstica.<\/p>\n<p class=\"p3\">Leffingwell detalla cada modelo legendario, desde el innovador prototipo 901 hasta los modelos RS que conquistaron las pistas, el revolucionario Turbo de los a\u00f1os 70 y el m\u00edtico 959 que redefini\u00f3 la industria. Tambi\u00e9n cubre la transici\u00f3n de los motores refrigerados por aire a los refrigerados por agua, destacando modelos como el 993, 996, 997 y 991, que llevaron al 911 a la era moderna.<\/p>\n<p class=\"p3\">M\u00e1s all\u00e1 de los autos, <i>Porsche 911: 50 A\u00f1os<\/i> resalta a las mentes maestras detr\u00e1s de la marca, como Ferdinand \u201cButzi\u201d Porsche, Peter W. Schutz y el Dr. Helmuth Bott, responsables de muchas de las innovaciones clave del 911. Adem\u00e1s, el libro explora la vibrante comunidad de entusiastas y clubes que rodean a este ic\u00f3nico autom\u00f3vil.<\/p>\n<p class=\"p1\"><b>Caracter\u00edsticas Principales:<\/b><b><\/b><\/p>\n<ul>\n<li class=\"p4\"><span class=\"s1\"><b>Autor<\/b><\/span>: Randy Leffingwell<\/li>\n<li class=\"p4\"><span class=\"s1\"><b>P\u00e1ginas<\/b><\/span>: 256<\/li>\n<li class=\"p4\"><span class=\"s1\"><b>Encuadernaci\u00f3n<\/b><\/span>: Tapa dura<\/li>\n<li class=\"p4\"><span class=\"s1\"><b>Idioma<\/b><\/span>: Ingl\u00e9s<\/li>\n<li class=\"p4\"><span class=\"s1\"><b>ISBN<\/b><\/span>: 9780760344019<\/li>\n<li class=\"p4\"><span class=\"s1\"><b>Dimensiones<\/b><\/span>: 25.5 x 2.5 x 31 cm<\/li>\n<li class=\"p4\"><span class=\"s1\"><b>Peso<\/b><\/span>: 2.0 kg<\/li>\n<li class=\"p4\"><span class=\"s1\"><b>Color<\/b><\/span>: Negro<\/li>\n<\/ul>\n<p class=\"p3\">Un libro imprescindible para coleccionistas, amantes de los autos deportivos y apasionados de Porsche, <i>Porsche 911: 50 A\u00f1os<\/i> es el homenaje definitivo a este legendario modelo.<\/p>\n","protected":false},"excerpt":{"rendered":"<p>Porsche 911: 50 A\u00f1os \u2013 Un Libro Esencial para los Amantes de Porsche En Porsche 911: 50 A\u00f1os, el reconocido autor Randy Leffingwell celebra cinco d\u00e9cadas de uno de los autos deportivos m\u00e1s ic\u00f3nicos del mundo. Este impresionante libro de tapa dura, ricamente ilustrado, explora los principales aspectos que han definido al Porsche 911: su [&hellip;]<\/p>\n","protected":false},"featured_media":296044,"comment_status":"open","ping_status":"closed","template":"","meta":{"_et_pb_use_builder":"","_et_pb_old_content":"","_et_gb_content_width":""},"product_brand":[],"product_cat":[746],"product_tag":[],"class_list":{"0":"post-296042","1":"product","2":"type-product","3":"status-publish","4":"has-post-thumbnail","6":"product_cat-libros","8":"first","9":"outofstock","10":"sale","11":"shipping-taxable","12":"purchasable","13":"product-type-simple"},"_links":{"self":[{"href":"https:\/\/chulointeriors.com\/es\/wp-json\/wp\/v2\/product\/296042","targetHints":{"allow":["GET"]}}],"collection":[{"href":"https:\/\/chulointeriors.com\/es\/wp-json\/wp\/v2\/product"}],"about":[{"href":"https:\/\/chulointeriors.com\/es\/wp-json\/wp\/v2\/types\/product"}],"replies":[{"embeddable":true,"href":"https:\/\/chulointeriors.com\/es\/wp-json\/wp\/v2\/comments?post=296042"}],"wp:featuredmedia":[{"embeddable":true,"href":"https:\/\/chulointeriors.com\/es\/wp-json\/wp\/v2\/media\/296044"}],"wp:attachment":[{"href":"https:\/\/chulointeriors.com\/es\/wp-json\/wp\/v2\/media?parent=296042"}],"wp:term":[{"taxonomy":"product_brand","embeddable":true,"href":"https:\/\/chulointeriors.com\/es\/wp-json\/wp\/v2\/product_brand?post=296042"},{"taxonomy":"product_cat","embeddable":true,"href":"https:\/\/chulointeriors.com\/es\/wp-json\/wp\/v2\/product_cat?post=296042"},{"taxonomy":"product_tag","embeddable":true,"href":"https:\/\/chulointeriors.com\/es\/wp-json\/wp\/v2\/product_tag?post=296042"}],"curies":[{"name":"wp","href":"https:\/\/api.w.org\/{rel}","templated":true}]}}