{"id":296038,"date":"2025-02-11T14:25:26","date_gmt":"2025-02-11T12:25:26","guid":{"rendered":"https:\/\/chulointeriors.com\/?post_type=product&#038;p=296038"},"modified":"2025-02-11T14:30:49","modified_gmt":"2025-02-11T12:30:49","slug":"the-bucket-list-wine","status":"publish","type":"product","link":"https:\/\/chulointeriors.com\/es\/product\/the-bucket-list-wine\/","title":{"rendered":"The Bucket List &#8211; Wine"},"content":{"rendered":"<p class=\"p1\"><b>The Bucket List: Wine \u2013 Una Gu\u00eda Esencial para Amantes del Vino y Viajeros<\/b><b><\/b><\/p>\n<p class=\"p3\"><i>The Bucket List: Wine<\/i> de Simon J. Woolf es la gu\u00eda definitiva para los entusiastas del vino con alma viajera. Dise\u00f1ado para amantes del vino que exploran el mundo, este libro inspirador destaca los destinos vin\u00edcolas m\u00e1s fascinantes, desde vi\u00f1edos tradicionales hasta experiencias \u00fanicas y originales.<\/p>\n<p class=\"p3\">Este hermoso libro de tapa dura explora visitas a vi\u00f1edos, recomendaciones de temporada, catas de vino y eventos imprescindibles, como festivales de cosecha, picnics en vi\u00f1edos y escapadas a regiones vin\u00edcolas. Incluye una combinaci\u00f3n de experiencias cl\u00e1sicas y aventureras: desde un almuerzo en Burdeos hasta un recorrido en bicicleta por la regi\u00f3n de Champagne o una vendimia en la campi\u00f1a italiana. Tambi\u00e9n cubre experiencias urbanas, como los jardines de vino en verano en Viena o las ic\u00f3nicas enotecas de Roma.<\/p>\n<p class=\"p3\">Los recuadros informativos a lo largo del libro resaltan qu\u00e9 hace especial a cada regi\u00f3n y sugieren los cinco vinos imprescindibles para probar en cada destino. Ya seas un experto en vinos o est\u00e9s comenzando a descubrir este apasionante mundo, este libro tiene algo para todos los niveles y paladares.<\/p>\n<p class=\"p1\"><b>Caracter\u00edsticas Principales:<\/b><b><\/b><\/p>\n<ul>\n<li class=\"p4\"><span class=\"s1\"><b>Autor<\/b><\/span>: Simon J. Woolf<\/li>\n<li class=\"p4\"><span class=\"s1\"><b>P\u00e1ginas<\/b><\/span>: 416<\/li>\n<li class=\"p4\"><span class=\"s1\"><b>Encuadernaci\u00f3n<\/b><\/span>: Tapa dura<\/li>\n<li class=\"p4\"><span class=\"s1\"><b>Idioma<\/b><\/span>: Ingl\u00e9s<\/li>\n<li class=\"p4\"><span class=\"s1\"><b>ISBN<\/b><\/span>: 9780789339010<\/li>\n<li class=\"p4\"><span class=\"s1\"><b>Dimensiones<\/b><\/span>: 18 x 3.5 x 23.5 cm<\/li>\n<li class=\"p4\"><span class=\"s1\"><b>Peso<\/b><\/span>: 1.35 kg<\/li>\n<li class=\"p4\"><span class=\"s1\"><b>Color<\/b><\/span>: Azul \/ Multicolor<\/li>\n<\/ul>\n<p class=\"p3\">Un regalo perfecto para amantes del vino y viajeros, <i>The Bucket List: Wine<\/i> es un compa\u00f1ero inspirador para planificar tu pr\u00f3xima aventura en el mundo del vino.<\/p>\n","protected":false},"excerpt":{"rendered":"<p>The Bucket List: Wine \u2013 Una Gu\u00eda Esencial para Amantes del Vino y Viajeros The Bucket List: Wine de Simon J. Woolf es la gu\u00eda definitiva para los entusiastas del vino con alma viajera. Dise\u00f1ado para amantes del vino que exploran el mundo, este libro inspirador destaca los destinos vin\u00edcolas m\u00e1s fascinantes, desde vi\u00f1edos tradicionales [&hellip;]<\/p>\n","protected":false},"featured_media":296040,"comment_status":"open","ping_status":"closed","template":"","meta":{"_et_pb_use_builder":"","_et_pb_old_content":"","_et_gb_content_width":""},"product_brand":[],"product_cat":[746],"product_tag":[],"class_list":{"0":"post-296038","1":"product","2":"type-product","3":"status-publish","4":"has-post-thumbnail","6":"product_cat-libros","8":"first","9":"instock","10":"sale","11":"shipping-taxable","12":"purchasable","13":"product-type-simple"},"_links":{"self":[{"href":"https:\/\/chulointeriors.com\/es\/wp-json\/wp\/v2\/product\/296038","targetHints":{"allow":["GET"]}}],"collection":[{"href":"https:\/\/chulointeriors.com\/es\/wp-json\/wp\/v2\/product"}],"about":[{"href":"https:\/\/chulointeriors.com\/es\/wp-json\/wp\/v2\/types\/product"}],"replies":[{"embeddable":true,"href":"https:\/\/chulointeriors.com\/es\/wp-json\/wp\/v2\/comments?post=296038"}],"wp:featuredmedia":[{"embeddable":true,"href":"https:\/\/chulointeriors.com\/es\/wp-json\/wp\/v2\/media\/296040"}],"wp:attachment":[{"href":"https:\/\/chulointeriors.com\/es\/wp-json\/wp\/v2\/media?parent=296038"}],"wp:term":[{"taxonomy":"product_brand","embeddable":true,"href":"https:\/\/chulointeriors.com\/es\/wp-json\/wp\/v2\/product_brand?post=296038"},{"taxonomy":"product_cat","embeddable":true,"href":"https:\/\/chulointeriors.com\/es\/wp-json\/wp\/v2\/product_cat?post=296038"},{"taxonomy":"product_tag","embeddable":true,"href":"https:\/\/chulointeriors.com\/es\/wp-json\/wp\/v2\/product_tag?post=296038"}],"curies":[{"name":"wp","href":"https:\/\/api.w.org\/{rel}","templated":true}]}}