{"id":295811,"date":"2025-01-24T12:12:48","date_gmt":"2025-01-24T10:12:48","guid":{"rendered":"https:\/\/chulointeriors.com\/?post_type=product&#038;p=295811"},"modified":"2025-01-24T12:23:37","modified_gmt":"2025-01-24T10:23:37","slug":"aplique-astrid-laton-cepillado-con-pantalla-sigrid-19-beige","status":"publish","type":"product","link":"https:\/\/chulointeriors.com\/es\/product\/aplique-astrid-laton-cepillado-con-pantalla-sigrid-19-beige\/","title":{"rendered":"Aplique Astrid Lat\u00f3n Cepillado con Pantalla Sigrid 19 Beige"},"content":{"rendered":"<p class=\"p1\"><b>Aplique de Pared Astrid \u2013 Lat\u00f3n Cepillado<\/b><b><\/b><\/p>\n<p class=\"p3\">El <b>Aplique de Pared Astrid<\/b> combina simplicidad y elegancia para crear una soluci\u00f3n de iluminaci\u00f3n sofisticada. Su acabado en lat\u00f3n cepillado y dise\u00f1o minimalista lo convierten en un complemento ideal para diversos estilos de interiores. El detalle destacado de esta l\u00e1mpara es su esfera met\u00e1lica redonda, que a\u00f1ade un toque refinado a su est\u00e9tica general.<\/p>\n<p class=\"p3\">Fabricada completamente en metal con color lat\u00f3n cepillado, la l\u00e1mpara Astrid incluye un cable transparente de 200 cm con interruptor, lo que brinda comodidad y flexibilidad. Ten en cuenta que la pantalla no est\u00e1 incluida, permiti\u00e9ndote personalizar la l\u00e1mpara seg\u00fan tu estilo personal.<\/p>\n<p class=\"p3\"><b>Especificaciones<\/b>:<\/p>\n<ul>\n<li class=\"p4\"><b>Dimensiones<\/b>: D: 13 cm, W: 14 cm, H: 50 cm<\/li>\n<li class=\"p4\"><b>Casquillo<\/b>: 1 x E14, m\u00e1x. 40W<\/li>\n<li class=\"p4\"><b>Clasificaci\u00f3n IP<\/b>: IP20 \u2013 apta para uso en interiores<\/li>\n<li class=\"p4\"><b>Longitud del Cable<\/b>: 200 cm, transparente con interruptor<\/li>\n<li class=\"p4\"><b>Clase de Aislamiento<\/b>: II<\/li>\n<\/ul>\n<p class=\"p3\">El aplique de pared Astrid aporta elegancia atemporal y practicidad a tu hogar, siendo una excelente opci\u00f3n para dormitorios, salones o pasillos. Haz tu pedido ahora y eleva tus espacios con esta elegante soluci\u00f3n de iluminaci\u00f3n.<\/p>\n","protected":false},"excerpt":{"rendered":"<p>Aplique de Pared Astrid \u2013 Lat\u00f3n Cepillado El Aplique de Pared Astrid combina simplicidad y elegancia para crear una soluci\u00f3n de iluminaci\u00f3n sofisticada. Su acabado en lat\u00f3n cepillado y dise\u00f1o minimalista lo convierten en un complemento ideal para diversos estilos de interiores. El detalle destacado de esta l\u00e1mpara es su esfera met\u00e1lica redonda, que a\u00f1ade [&hellip;]<\/p>\n","protected":false},"featured_media":295813,"comment_status":"open","ping_status":"closed","template":"","meta":{"_et_pb_use_builder":"","_et_pb_old_content":"","_et_gb_content_width":""},"product_brand":[],"product_cat":[786],"product_tag":[],"class_list":{"0":"post-295811","1":"product","2":"type-product","3":"status-publish","4":"has-post-thumbnail","6":"product_cat-lamparas-de-pared","8":"first","9":"outofstock","10":"shipping-taxable","11":"purchasable","12":"product-type-simple"},"_links":{"self":[{"href":"https:\/\/chulointeriors.com\/es\/wp-json\/wp\/v2\/product\/295811","targetHints":{"allow":["GET"]}}],"collection":[{"href":"https:\/\/chulointeriors.com\/es\/wp-json\/wp\/v2\/product"}],"about":[{"href":"https:\/\/chulointeriors.com\/es\/wp-json\/wp\/v2\/types\/product"}],"replies":[{"embeddable":true,"href":"https:\/\/chulointeriors.com\/es\/wp-json\/wp\/v2\/comments?post=295811"}],"wp:featuredmedia":[{"embeddable":true,"href":"https:\/\/chulointeriors.com\/es\/wp-json\/wp\/v2\/media\/295813"}],"wp:attachment":[{"href":"https:\/\/chulointeriors.com\/es\/wp-json\/wp\/v2\/media?parent=295811"}],"wp:term":[{"taxonomy":"product_brand","embeddable":true,"href":"https:\/\/chulointeriors.com\/es\/wp-json\/wp\/v2\/product_brand?post=295811"},{"taxonomy":"product_cat","embeddable":true,"href":"https:\/\/chulointeriors.com\/es\/wp-json\/wp\/v2\/product_cat?post=295811"},{"taxonomy":"product_tag","embeddable":true,"href":"https:\/\/chulointeriors.com\/es\/wp-json\/wp\/v2\/product_tag?post=295811"}],"curies":[{"name":"wp","href":"https:\/\/api.w.org\/{rel}","templated":true}]}}