{"id":295717,"date":"2024-12-05T18:18:18","date_gmt":"2024-12-05T16:18:18","guid":{"rendered":"https:\/\/chulointeriors.com\/?post_type=product&#038;p=295717"},"modified":"2025-03-21T16:55:40","modified_gmt":"2025-03-21T14:55:40","slug":"huevera-peking-duck-foot-blanca","status":"publish","type":"product","link":"https:\/\/chulointeriors.com\/es\/product\/huevera-peking-duck-foot-blanca\/","title":{"rendered":"Huevera Peking Duck Foot Blanca"},"content":{"rendered":"<p class=\"p1\"><b>Huevera Peking Duck Foot Blanca: Colecci\u00f3n Perfect Imperfection de Roos van de Velde<\/b><b><\/b><\/p>\n<p class=\"p1\">La huevera Peking Duck Foot es una adici\u00f3n impresionante a la colecci\u00f3n <i>Perfect Imperfection<\/i> de Roos van de Velde, que celebra la belleza de la irregularidad en el dise\u00f1o. Fabricadas en fina porcelana bone china y terminadas con un esmalte transparente, estas hueveras presentan una forma org\u00e1nica \u00fanica que aporta car\u00e1cter a tu vajilla. Resaltando el encanto de las imperfecciones, cada pieza encarna artesan\u00eda art\u00edstica y originalidad.<\/p>\n<p class=\"p1\">Dise\u00f1adas para la funcionalidad moderna, las hueveras son aptas para lavavajillas y microondas, combinando estilo y practicidad. Sin embargo, no son aptas para el horno ni el uso bajo salamandra. Estas piezas hechas a mano pueden mostrar ligeras irregularidades, subrayando su car\u00e1cter artesanal y \u00fanico.<\/p>\n<p class=\"p1\"><b>Caracter\u00edsticas Principales:<\/b><b><\/b><\/p>\n<ul>\n<li class=\"p3\"><b>Colecci\u00f3n<\/b>: Perfect Imperfection de Roos van de Velde<\/li>\n<li class=\"p3\"><b>Material<\/b>: Fina porcelana bone china<\/li>\n<li class=\"p3\"><b>Acabado<\/b>: Esmalte transparente<\/li>\n<li class=\"p3\"><b>Dimensiones<\/b>: 9 cm (Largo) x 5.5 cm (Ancho) x 8.5 cm (Alto)<\/li>\n<li class=\"p3\"><b>Caracter\u00edsticas<\/b>:\n<ul>\n<li class=\"p4\">Apta para lavavajillas<\/li>\n<li class=\"p4\">Apta para microondas<\/li>\n<li class=\"p4\">Apta para uso alimentario<\/li>\n<\/ul>\n<\/li>\n<li class=\"p3\"><b>Exclusividad<\/b>: Acabada a mano con irregularidades artesanales<\/li>\n<\/ul>\n<p class=\"p1\">A\u00f1ade un toque de arte y elegancia a tu mesa con la huevera Peking Duck Foot \u2014 donde el dise\u00f1o se encuentra con la funcionalidad.<\/p>\n","protected":false},"excerpt":{"rendered":"<p>Huevera Peking Duck Foot Blanca: Colecci\u00f3n Perfect Imperfection de Roos van de Velde La huevera Peking Duck Foot es una adici\u00f3n impresionante a la colecci\u00f3n Perfect Imperfection de Roos van de Velde, que celebra la belleza de la irregularidad en el dise\u00f1o. Fabricadas en fina porcelana bone china y terminadas con un esmalte transparente, estas [&hellip;]<\/p>\n","protected":false},"featured_media":295719,"comment_status":"open","ping_status":"closed","template":"","meta":{"_et_pb_use_builder":"","_et_pb_old_content":"","_et_gb_content_width":""},"product_brand":[],"product_cat":[752],"product_tag":[],"class_list":{"0":"post-295717","1":"product","2":"type-product","3":"status-publish","4":"has-post-thumbnail","6":"product_cat-accesorios","8":"first","9":"instock","10":"shipping-taxable","11":"purchasable","12":"product-type-simple"},"_links":{"self":[{"href":"https:\/\/chulointeriors.com\/es\/wp-json\/wp\/v2\/product\/295717","targetHints":{"allow":["GET"]}}],"collection":[{"href":"https:\/\/chulointeriors.com\/es\/wp-json\/wp\/v2\/product"}],"about":[{"href":"https:\/\/chulointeriors.com\/es\/wp-json\/wp\/v2\/types\/product"}],"replies":[{"embeddable":true,"href":"https:\/\/chulointeriors.com\/es\/wp-json\/wp\/v2\/comments?post=295717"}],"wp:featuredmedia":[{"embeddable":true,"href":"https:\/\/chulointeriors.com\/es\/wp-json\/wp\/v2\/media\/295719"}],"wp:attachment":[{"href":"https:\/\/chulointeriors.com\/es\/wp-json\/wp\/v2\/media?parent=295717"}],"wp:term":[{"taxonomy":"product_brand","embeddable":true,"href":"https:\/\/chulointeriors.com\/es\/wp-json\/wp\/v2\/product_brand?post=295717"},{"taxonomy":"product_cat","embeddable":true,"href":"https:\/\/chulointeriors.com\/es\/wp-json\/wp\/v2\/product_cat?post=295717"},{"taxonomy":"product_tag","embeddable":true,"href":"https:\/\/chulointeriors.com\/es\/wp-json\/wp\/v2\/product_tag?post=295717"}],"curies":[{"name":"wp","href":"https:\/\/api.w.org\/{rel}","templated":true}]}}