{"id":295524,"date":"2024-11-18T13:51:30","date_gmt":"2024-11-18T11:51:30","guid":{"rendered":"https:\/\/chulointeriors.com\/?post_type=product&#038;p=295524"},"modified":"2024-11-18T13:56:06","modified_gmt":"2024-11-18T11:56:06","slug":"mesa-de-centro-durban-90-elegancia-artesanal-con-chapa-de-eucalipto-ahumado","status":"publish","type":"product","link":"https:\/\/chulointeriors.com\/es\/product\/mesa-de-centro-durban-90-elegancia-artesanal-con-chapa-de-eucalipto-ahumado\/","title":{"rendered":"Mesa de Centro Durban 90: Elegancia Artesanal con Chapa de Eucalipto Ahumado"},"content":{"rendered":"<p>La mesa de centro Durban combina un dise\u00f1o atemporal con una meticulosa artesan\u00eda, perfecta para a\u00f1adir un toque de sofisticaci\u00f3n a cualquier interior. Fabricada con chapa de eucalipto ahumado, cada mesa es \u00fanica debido a la variaci\u00f3n natural en la veta y los patrones de la madera. Nuestros artesanos seleccionan cuidadosamente la chapa para lograr la mejor combinaci\u00f3n de color y patr\u00f3n, garantizando una pieza exclusiva.<\/p>\n<p>La superficie de la mesa est\u00e1 protegida con un resistente acabado de laca PU de 2 componentes, lo que la hace resistente a manchas y rayones. Esto asegura una belleza duradera sin perder la textura y calidez natural de la madera. El dise\u00f1o robusto se ve acentuado por sus patas gruesas y la s\u00f3lida tapa, haciendo de esta mesa un elemento elegante y funcional para tu espacio.<\/p>\n<p><b>Caracter\u00edsticas Principales:<\/b><b><\/b><\/p>\n<ul>\n<li><b>Material<\/b>: Chapa de Eucalipto Ahumado<\/li>\n<li><b>Acabado<\/b>: Laca PU de 2 componentes para resistencia a las manchas<\/li>\n<li><b>Dimensiones<\/b>: 90 cm (Largo) x 45 cm (Ancho) x 30 cm (Alto)<\/li>\n<li><b>Grosor de la Tapa<\/b>: 5.5 cm<\/li>\n<li><b>Grosor de las Patas<\/b>: 8 cm<\/li>\n<li><b>Peso<\/b>: 17 kg<\/li>\n<\/ul>\n<p>Embellece tu hogar con la belleza natural y la elegancia de la mesa de centro Durban. Cada pieza est\u00e1 cuidadosamente elaborada para garantizar que perdure en el tiempo.<\/p>\n","protected":false},"excerpt":{"rendered":"<p>La mesa de centro Durban combina un dise\u00f1o atemporal con una meticulosa artesan\u00eda, perfecta para a\u00f1adir un toque de sofisticaci\u00f3n a cualquier interior. Fabricada con chapa de eucalipto ahumado, cada mesa es \u00fanica debido a la variaci\u00f3n natural en la veta y los patrones de la madera. Nuestros artesanos seleccionan cuidadosamente la chapa para lograr [&hellip;]<\/p>\n","protected":false},"featured_media":295526,"comment_status":"open","ping_status":"closed","template":"","meta":{"_et_pb_use_builder":"","_et_pb_old_content":"","_et_gb_content_width":""},"product_brand":[],"product_cat":[773],"product_tag":[],"class_list":{"0":"post-295524","1":"product","2":"type-product","3":"status-publish","4":"has-post-thumbnail","6":"product_cat-tablas","8":"first","9":"instock","10":"shipping-taxable","11":"purchasable","12":"product-type-simple"},"_links":{"self":[{"href":"https:\/\/chulointeriors.com\/es\/wp-json\/wp\/v2\/product\/295524","targetHints":{"allow":["GET"]}}],"collection":[{"href":"https:\/\/chulointeriors.com\/es\/wp-json\/wp\/v2\/product"}],"about":[{"href":"https:\/\/chulointeriors.com\/es\/wp-json\/wp\/v2\/types\/product"}],"replies":[{"embeddable":true,"href":"https:\/\/chulointeriors.com\/es\/wp-json\/wp\/v2\/comments?post=295524"}],"wp:featuredmedia":[{"embeddable":true,"href":"https:\/\/chulointeriors.com\/es\/wp-json\/wp\/v2\/media\/295526"}],"wp:attachment":[{"href":"https:\/\/chulointeriors.com\/es\/wp-json\/wp\/v2\/media?parent=295524"}],"wp:term":[{"taxonomy":"product_brand","embeddable":true,"href":"https:\/\/chulointeriors.com\/es\/wp-json\/wp\/v2\/product_brand?post=295524"},{"taxonomy":"product_cat","embeddable":true,"href":"https:\/\/chulointeriors.com\/es\/wp-json\/wp\/v2\/product_cat?post=295524"},{"taxonomy":"product_tag","embeddable":true,"href":"https:\/\/chulointeriors.com\/es\/wp-json\/wp\/v2\/product_tag?post=295524"}],"curies":[{"name":"wp","href":"https:\/\/api.w.org\/{rel}","templated":true}]}}