{"id":295362,"date":"2024-10-25T11:01:59","date_gmt":"2024-10-25T09:01:59","guid":{"rendered":"https:\/\/chulointeriors.com\/?post_type=product&#038;p=295362"},"modified":"2024-10-25T11:08:12","modified_gmt":"2024-10-25T09:08:12","slug":"sofa-edimburg","status":"publish","type":"product","link":"https:\/\/chulointeriors.com\/es\/product\/sofa-edimburg\/","title":{"rendered":"Sof\u00e1 Edimburg"},"content":{"rendered":"<p>El <b>sof\u00e1 Edimburg<\/b>\u00a0combina la elegancia moderna con el m\u00e1ximo confort, lo que lo convierte en la adici\u00f3n ideal para cualquier espacio habitable. Tapizado en tela texturizada de alta calidad en un suave tono beige, este sof\u00e1 est\u00e1 dise\u00f1ado para integrarse a la perfecci\u00f3n en una variedad de estilos de interiores. Su silueta elegante, complementada con cojines traseros y de asiento mullidos, ofrece tanto estilo como comodidad.<\/p>\n<p>Con sus <b>brazos anchos<\/b> y <b>cojines decorativos<\/b> con ribetes contrastantes, el <b>sof\u00e1 Edimburg<\/b>\u00a0ofrece un aspecto refinado y a medida que agrega profundidad y sofisticaci\u00f3n a tu habitaci\u00f3n. La forma estructurada de los cojines asegura un soporte y confort duraderos, perfecto tanto para relajarse como para recibir invitados.<\/p>\n<ul>\n<li><b>Dimensiones<\/b>: Tama\u00f1os personalizados disponibles<\/li>\n<li><b>Tela<\/b>: Tela texturizada de alta calidad en color beige<\/li>\n<li><b>Caracter\u00edsticas<\/b>: Incluye cojines decorativos con ribetes contrastantes<\/li>\n<li><b>Estilo<\/b>: Elegancia moderna con un dise\u00f1o estructurado y a medida<\/li>\n<li><b>Cuidado<\/b>: F\u00e1cil de mantener, limpiar con un limpiador de telas suave<\/li>\n<\/ul>\n<p>Eleva la est\u00e9tica de tu hogar con el <b>sof\u00e1 Edimburg<\/b>, la combinaci\u00f3n perfecta de estilo, comodidad y funcionalidad.<\/p>\n","protected":false},"excerpt":{"rendered":"<p>El sof\u00e1 Edimburg\u00a0combina la elegancia moderna con el m\u00e1ximo confort, lo que lo convierte en la adici\u00f3n ideal para cualquier espacio habitable. Tapizado en tela texturizada de alta calidad en un suave tono beige, este sof\u00e1 est\u00e1 dise\u00f1ado para integrarse a la perfecci\u00f3n en una variedad de estilos de interiores. Su silueta elegante, complementada con [&hellip;]<\/p>\n","protected":false},"featured_media":295366,"comment_status":"open","ping_status":"closed","template":"","meta":{"_et_pb_use_builder":"","_et_pb_old_content":"","_et_gb_content_width":""},"product_brand":[],"product_cat":[772],"product_tag":[],"class_list":{"0":"post-295362","1":"product","2":"type-product","3":"status-publish","4":"has-post-thumbnail","6":"product_cat-sofas-es","8":"first","9":"instock","10":"shipping-taxable","11":"purchasable","12":"product-type-simple"},"_links":{"self":[{"href":"https:\/\/chulointeriors.com\/es\/wp-json\/wp\/v2\/product\/295362","targetHints":{"allow":["GET"]}}],"collection":[{"href":"https:\/\/chulointeriors.com\/es\/wp-json\/wp\/v2\/product"}],"about":[{"href":"https:\/\/chulointeriors.com\/es\/wp-json\/wp\/v2\/types\/product"}],"replies":[{"embeddable":true,"href":"https:\/\/chulointeriors.com\/es\/wp-json\/wp\/v2\/comments?post=295362"}],"wp:featuredmedia":[{"embeddable":true,"href":"https:\/\/chulointeriors.com\/es\/wp-json\/wp\/v2\/media\/295366"}],"wp:attachment":[{"href":"https:\/\/chulointeriors.com\/es\/wp-json\/wp\/v2\/media?parent=295362"}],"wp:term":[{"taxonomy":"product_brand","embeddable":true,"href":"https:\/\/chulointeriors.com\/es\/wp-json\/wp\/v2\/product_brand?post=295362"},{"taxonomy":"product_cat","embeddable":true,"href":"https:\/\/chulointeriors.com\/es\/wp-json\/wp\/v2\/product_cat?post=295362"},{"taxonomy":"product_tag","embeddable":true,"href":"https:\/\/chulointeriors.com\/es\/wp-json\/wp\/v2\/product_tag?post=295362"}],"curies":[{"name":"wp","href":"https:\/\/api.w.org\/{rel}","templated":true}]}}