{"id":295354,"date":"2024-10-22T15:45:29","date_gmt":"2024-10-22T13:45:29","guid":{"rendered":"https:\/\/chulointeriors.com\/?post_type=product&#038;p=295354"},"modified":"2024-10-22T15:49:32","modified_gmt":"2024-10-22T13:49:32","slug":"copa-de-vino-blanco-dune","status":"publish","type":"product","link":"https:\/\/chulointeriors.com\/es\/product\/copa-de-vino-blanco-dune\/","title":{"rendered":"Copa de Vino Blanco Dune"},"content":{"rendered":"<p><b>Copa de Vino Blanco Dune \u2013 Colecci\u00f3n de Cristaler\u00eda Dune de Kelly Wearstler<\/b><b><\/b><\/p>\n<p>Mejora tu experiencia al beber vino con la <b>copa de vino blanco Dune<\/b> de la <b>colecci\u00f3n de cristaler\u00eda Dune<\/b> dise\u00f1ada por <b>Kelly Wearstler<\/b>. Esta elegante copa <b>soplada a mano<\/b> combina arte y funcionalidad, lo que hace que cada pieza sea \u00fanica. El <b>vidrio de potasio<\/b> claro realza maravillosamente el color brillante de los vinos blancos, haci\u00e9ndolos a\u00fan m\u00e1s atractivos para disfrutar.<\/p>\n<p>Con unas dimensiones de <b>9 cm de largo y ancho, y 21 cm de alto<\/b>, y una capacidad de <b>42 cl<\/b>, la <b>copa de vino blanco Dune<\/b> es perfecta para disfrutar de tus vinos favoritos con estilo. Adem\u00e1s, es <b>apta para lavavajillas<\/b>, lo que garantiza tanto practicidad como durabilidad para el uso diario o para ocasiones especiales. Debido a la naturaleza artesanal de cada pieza, pueden presentarse peque\u00f1as irregularidades, que a\u00f1aden encanto e individualidad a cada copa.<\/p>\n<ul>\n<li><b>Dimensiones<\/b>: Largo \u2013 9 cm, Ancho \u2013 9 cm, Alto \u2013 21 cm<\/li>\n<li><b>Capacidad<\/b>: 42 cl<\/li>\n<li><b>Material<\/b>: Vidrio de Potasio<\/li>\n<li><b>Caracter\u00edsticas<\/b>: Apta para Lavavajillas, Hecha a Mano<\/li>\n<li><b>Nota<\/b>: Las piezas terminadas a mano pueden presentar ligeras irregularidades, lo que a\u00f1ade car\u00e1cter \u00fanico.<\/li>\n<\/ul>\n<p>Aporta un toque de elegancia artesanal a tu mesa con la <b>copa de vino blanco Dune<\/b>, donde el arte se encuentra con el dise\u00f1o moderno para una experiencia inolvidable.<\/p>\n","protected":false},"excerpt":{"rendered":"<p>Copa de Vino Blanco Dune \u2013 Colecci\u00f3n de Cristaler\u00eda Dune de Kelly Wearstler Mejora tu experiencia al beber vino con la copa de vino blanco Dune de la colecci\u00f3n de cristaler\u00eda Dune dise\u00f1ada por Kelly Wearstler. Esta elegante copa soplada a mano combina arte y funcionalidad, lo que hace que cada pieza sea \u00fanica. El [&hellip;]<\/p>\n","protected":false},"featured_media":295356,"comment_status":"open","ping_status":"closed","template":"","meta":{"_et_pb_use_builder":"","_et_pb_old_content":"","_et_gb_content_width":""},"product_brand":[],"product_cat":[777],"product_tag":[],"class_list":{"0":"post-295354","1":"product","2":"type-product","3":"status-publish","4":"has-post-thumbnail","6":"product_cat-gafas","8":"first","9":"instock","10":"shipping-taxable","11":"purchasable","12":"product-type-simple"},"_links":{"self":[{"href":"https:\/\/chulointeriors.com\/es\/wp-json\/wp\/v2\/product\/295354","targetHints":{"allow":["GET"]}}],"collection":[{"href":"https:\/\/chulointeriors.com\/es\/wp-json\/wp\/v2\/product"}],"about":[{"href":"https:\/\/chulointeriors.com\/es\/wp-json\/wp\/v2\/types\/product"}],"replies":[{"embeddable":true,"href":"https:\/\/chulointeriors.com\/es\/wp-json\/wp\/v2\/comments?post=295354"}],"wp:featuredmedia":[{"embeddable":true,"href":"https:\/\/chulointeriors.com\/es\/wp-json\/wp\/v2\/media\/295356"}],"wp:attachment":[{"href":"https:\/\/chulointeriors.com\/es\/wp-json\/wp\/v2\/media?parent=295354"}],"wp:term":[{"taxonomy":"product_brand","embeddable":true,"href":"https:\/\/chulointeriors.com\/es\/wp-json\/wp\/v2\/product_brand?post=295354"},{"taxonomy":"product_cat","embeddable":true,"href":"https:\/\/chulointeriors.com\/es\/wp-json\/wp\/v2\/product_cat?post=295354"},{"taxonomy":"product_tag","embeddable":true,"href":"https:\/\/chulointeriors.com\/es\/wp-json\/wp\/v2\/product_tag?post=295354"}],"curies":[{"name":"wp","href":"https:\/\/api.w.org\/{rel}","templated":true}]}}