{"id":295350,"date":"2024-10-22T15:33:39","date_gmt":"2024-10-22T13:33:39","guid":{"rendered":"https:\/\/chulointeriors.com\/?post_type=product&#038;p=295350"},"modified":"2024-10-22T15:37:16","modified_gmt":"2024-10-22T13:37:16","slug":"vaso-universal-bajo-25cl-verde-claro-dora","status":"publish","type":"product","link":"https:\/\/chulointeriors.com\/es\/product\/vaso-universal-bajo-25cl-verde-claro-dora\/","title":{"rendered":"Vaso Universal Bajo 25cl Verde Claro Dora"},"content":{"rendered":"<p><b>Vaso Universal Bajo 25cl Verde Claro Dora \u2013 Colecci\u00f3n Dora de Ann Demeulemeester<\/b><b><\/b><\/p>\n<p>El <b>vaso universal bajo Dora de 25cl<\/b> en <b>verde claro<\/b>, de la <b>colecci\u00f3n Dora<\/b> dise\u00f1ada por <b>Ann Demeulemeester<\/b>, es un ejemplo impresionante de dise\u00f1o escult\u00f3rico. Este vaso presenta una forma pura y redondeada que descansa sobre una s\u00f3lida <b>base en forma de cruz<\/b>, cuyas venas desaparecen elegantemente hacia arriba, fusion\u00e1ndose en uno solo. El sutil tono verde claro realza la elegancia del vaso, haci\u00e9ndolo ideal para cualquier colecci\u00f3n de cristaler\u00eda.<\/p>\n<p>Con unas dimensiones de <b>8.2 cm de largo y ancho, y 10 cm de alto<\/b>, y una capacidad de <b>25 cl<\/b>, este vaso es perfecto para servir una variedad de bebidas. Fabricado en <b>vidrio de alta calidad<\/b>, tambi\u00e9n es <b>apto para lavavajillas<\/b>, lo que garantiza facilidad de cuidado y un uso duradero. Cada pieza est\u00e1 <b>terminada a mano<\/b>, lo que puede llevar a peque\u00f1as irregularidades que a\u00f1aden un car\u00e1cter \u00fanico a cada vaso.<\/p>\n<ul>\n<li><b>Dimensiones<\/b>: Largo \u2013 8.2 cm, Ancho \u2013 8.2 cm, Alto \u2013 10 cm<\/li>\n<li><b>Capacidad<\/b>: 25 cl<\/li>\n<li><b>Material<\/b>: Vidrio de Alta Calidad<\/li>\n<li><b>Caracter\u00edsticas<\/b>: Apto para Lavavajillas, Hecho a Mano<\/li>\n<li><b>Nota<\/b>: Las piezas terminadas a mano pueden presentar ligeras irregularidades, lo que contribuye a su encanto \u00fanico.<\/li>\n<\/ul>\n<p>Aporta arte refinado y funcionalidad a tu mesa con el <b>vaso universal bajo Dora de 25cl<\/b>, donde la belleza escult\u00f3rica se une a la practicidad diaria.<\/p>\n","protected":false},"excerpt":{"rendered":"<p>Vaso Universal Bajo 25cl Verde Claro Dora \u2013 Colecci\u00f3n Dora de Ann Demeulemeester El vaso universal bajo Dora de 25cl en verde claro, de la colecci\u00f3n Dora dise\u00f1ada por Ann Demeulemeester, es un ejemplo impresionante de dise\u00f1o escult\u00f3rico. Este vaso presenta una forma pura y redondeada que descansa sobre una s\u00f3lida base en forma de [&hellip;]<\/p>\n","protected":false},"featured_media":295352,"comment_status":"open","ping_status":"closed","template":"","meta":{"_et_pb_use_builder":"","_et_pb_old_content":"","_et_gb_content_width":""},"product_brand":[],"product_cat":[777],"product_tag":[],"class_list":{"0":"post-295350","1":"product","2":"type-product","3":"status-publish","4":"has-post-thumbnail","6":"product_cat-gafas","8":"first","9":"outofstock","10":"shipping-taxable","11":"purchasable","12":"product-type-simple"},"_links":{"self":[{"href":"https:\/\/chulointeriors.com\/es\/wp-json\/wp\/v2\/product\/295350","targetHints":{"allow":["GET"]}}],"collection":[{"href":"https:\/\/chulointeriors.com\/es\/wp-json\/wp\/v2\/product"}],"about":[{"href":"https:\/\/chulointeriors.com\/es\/wp-json\/wp\/v2\/types\/product"}],"replies":[{"embeddable":true,"href":"https:\/\/chulointeriors.com\/es\/wp-json\/wp\/v2\/comments?post=295350"}],"wp:featuredmedia":[{"embeddable":true,"href":"https:\/\/chulointeriors.com\/es\/wp-json\/wp\/v2\/media\/295352"}],"wp:attachment":[{"href":"https:\/\/chulointeriors.com\/es\/wp-json\/wp\/v2\/media?parent=295350"}],"wp:term":[{"taxonomy":"product_brand","embeddable":true,"href":"https:\/\/chulointeriors.com\/es\/wp-json\/wp\/v2\/product_brand?post=295350"},{"taxonomy":"product_cat","embeddable":true,"href":"https:\/\/chulointeriors.com\/es\/wp-json\/wp\/v2\/product_cat?post=295350"},{"taxonomy":"product_tag","embeddable":true,"href":"https:\/\/chulointeriors.com\/es\/wp-json\/wp\/v2\/product_tag?post=295350"}],"curies":[{"name":"wp","href":"https:\/\/api.w.org\/{rel}","templated":true}]}}