{"id":295346,"date":"2024-10-22T15:27:29","date_gmt":"2024-10-22T13:27:29","guid":{"rendered":"https:\/\/chulointeriors.com\/?post_type=product&#038;p=295346"},"modified":"2024-10-22T15:31:24","modified_gmt":"2024-10-22T13:31:24","slug":"vaso-universal-alto-15cl-verde-claro-dora","status":"publish","type":"product","link":"https:\/\/chulointeriors.com\/es\/product\/vaso-universal-alto-15cl-verde-claro-dora\/","title":{"rendered":"Vaso Universal Alto 15cl Verde Claro Dora"},"content":{"rendered":"<p><b>Vaso Universal Alto 15cl Verde Claro Dora \u2013 Colecci\u00f3n Dora de Ann Demeulemeester<\/b><b><\/b><\/p>\n<p>El <b>vaso universal alto Dora de 15cl<\/b> en <b>verde claro<\/b>, de la <b>colecci\u00f3n Dora<\/b> dise\u00f1ada por <b>Ann Demeulemeester<\/b>, es una mezcla impactante de fuerza y elegancia. Este <b>vaso escultural<\/b> se define por su forma pura y redondeada que descansa sobre una s\u00f3lida <b>base en forma de cruz<\/b>, cuyas venas desaparecen elegantemente hacia arriba, fusion\u00e1ndose en uno solo. El tono verde claro a\u00f1ade un toque sutil y sofisticado a cualquier decoraci\u00f3n de mesa, siendo perfecto para una variedad de bebidas.<\/p>\n<p>Con unas dimensiones de <b>6.2 cm de largo y ancho, y 13.2 cm de alto<\/b>, y una capacidad de <b>15 cl<\/b>, este vaso ofrece tanto funcionalidad como atractivo est\u00e9tico. Fabricado con vidrio de alta calidad, tambi\u00e9n es <b>apto para lavavajillas<\/b>, lo que garantiza durabilidad y facilidad de uso. Cada pieza est\u00e1 <b>terminada a mano<\/b>, lo que puede llevar a peque\u00f1as irregularidades, a\u00f1adiendo car\u00e1cter \u00fanico al vaso.<\/p>\n<ul>\n<li><b>Dimensiones<\/b>: Largo \u2013 6.2 cm, Ancho \u2013 6.2 cm, Alto \u2013 13.2 cm<\/li>\n<li><b>Capacidad<\/b>: 15 cl<\/li>\n<li><b>Material<\/b>: Vidrio de Alta Calidad<\/li>\n<li><b>Caracter\u00edsticas<\/b>: Apto para Lavavajillas, Hecho a Mano<\/li>\n<li><b>Nota<\/b>: Las piezas terminadas a mano pueden presentar ligeras irregularidades, lo que contribuye a su encanto \u00fanico.<\/li>\n<\/ul>\n<p>Aporta un toque de arte refinado a tu mesa con el <b>vaso universal alto Dora de 15cl<\/b>, donde el dise\u00f1o escultural se encuentra con la funcionalidad diaria.<\/p>\n","protected":false},"excerpt":{"rendered":"<p>Vaso Universal Alto 15cl Verde Claro Dora \u2013 Colecci\u00f3n Dora de Ann Demeulemeester El vaso universal alto Dora de 15cl en verde claro, de la colecci\u00f3n Dora dise\u00f1ada por Ann Demeulemeester, es una mezcla impactante de fuerza y elegancia. Este vaso escultural se define por su forma pura y redondeada que descansa sobre una s\u00f3lida [&hellip;]<\/p>\n","protected":false},"featured_media":295348,"comment_status":"open","ping_status":"closed","template":"","meta":{"_et_pb_use_builder":"","_et_pb_old_content":"","_et_gb_content_width":""},"product_brand":[],"product_cat":[777],"product_tag":[],"class_list":{"0":"post-295346","1":"product","2":"type-product","3":"status-publish","4":"has-post-thumbnail","6":"product_cat-gafas","8":"first","9":"instock","10":"shipping-taxable","11":"purchasable","12":"product-type-simple"},"_links":{"self":[{"href":"https:\/\/chulointeriors.com\/es\/wp-json\/wp\/v2\/product\/295346","targetHints":{"allow":["GET"]}}],"collection":[{"href":"https:\/\/chulointeriors.com\/es\/wp-json\/wp\/v2\/product"}],"about":[{"href":"https:\/\/chulointeriors.com\/es\/wp-json\/wp\/v2\/types\/product"}],"replies":[{"embeddable":true,"href":"https:\/\/chulointeriors.com\/es\/wp-json\/wp\/v2\/comments?post=295346"}],"wp:featuredmedia":[{"embeddable":true,"href":"https:\/\/chulointeriors.com\/es\/wp-json\/wp\/v2\/media\/295348"}],"wp:attachment":[{"href":"https:\/\/chulointeriors.com\/es\/wp-json\/wp\/v2\/media?parent=295346"}],"wp:term":[{"taxonomy":"product_brand","embeddable":true,"href":"https:\/\/chulointeriors.com\/es\/wp-json\/wp\/v2\/product_brand?post=295346"},{"taxonomy":"product_cat","embeddable":true,"href":"https:\/\/chulointeriors.com\/es\/wp-json\/wp\/v2\/product_cat?post=295346"},{"taxonomy":"product_tag","embeddable":true,"href":"https:\/\/chulointeriors.com\/es\/wp-json\/wp\/v2\/product_tag?post=295346"}],"curies":[{"name":"wp","href":"https:\/\/api.w.org\/{rel}","templated":true}]}}