{"id":295336,"date":"2024-10-22T13:26:13","date_gmt":"2024-10-22T11:26:13","guid":{"rendered":"https:\/\/chulointeriors.com\/?post_type=product&#038;p=295336"},"modified":"2024-10-22T13:30:20","modified_gmt":"2024-10-22T11:30:20","slug":"vaso-l-dune","status":"publish","type":"product","link":"https:\/\/chulointeriors.com\/es\/product\/vaso-l-dune\/","title":{"rendered":"Vaso L Dune"},"content":{"rendered":"<p><b>Vaso L Dune \u2013 Colecci\u00f3n de Cristaler\u00eda Dune de Kelly Wearstler<\/b><b><\/b><\/p>\n<p>El <b>vaso L Dune<\/b>, de la <b>colecci\u00f3n de cristaler\u00eda Dune<\/b> dise\u00f1ada por <b>Kelly Wearstler<\/b>, es un vaso elegantemente elaborado a mano que aporta un toque atemporal a tu cristaler\u00eda. El vaso presenta un elegante <b>detalle acanalado<\/b>, meticulosamente alineado a la misma altura en todos los modelos, creando una apariencia armoniosa y refinada. Perfecto para el uso diario o para ocasiones especiales, el <b>vaso Dune<\/b> es tanto funcional como est\u00e9ticamente atractivo.<\/p>\n<p>Con unas dimensiones de <b>8.5 cm de largo y ancho, y 12 cm de alto<\/b>, y una capacidad de <b>40 cl<\/b>, este vaso de <b>vidrio de potasio<\/b> es duradero y ligero, ideal para una variedad de bebidas. Adem\u00e1s, es <b>apto para lavavajillas<\/b>, lo que facilita su mantenimiento. Cada vaso est\u00e1 <b>terminado a mano<\/b>, lo que puede dar lugar a peque\u00f1as irregularidades, que a\u00f1aden singularidad y car\u00e1cter a cada pieza.<\/p>\n<ul>\n<li><b>Dimensiones<\/b>: Largo \u2013 8.5 cm, Ancho \u2013 8.5 cm, Alto \u2013 12 cm<\/li>\n<li><b>Capacidad<\/b>: 40 cl<\/li>\n<li><b>Material<\/b>: Vidrio de Potasio<\/li>\n<li><b>Caracter\u00edsticas<\/b>: Apto para Lavavajillas, Hecho a Mano<\/li>\n<li><b>Nota<\/b>: Las piezas terminadas a mano pueden presentar ligeras irregularidades, lo que a\u00f1ade un encanto \u00fanico.<\/li>\n<\/ul>\n<p>Aporta elegancia a tu mesa con el <b>vaso L Dune<\/b>, una combinaci\u00f3n atemporal de artesan\u00eda artesanal y dise\u00f1o moderno.<\/p>\n","protected":false},"excerpt":{"rendered":"<p>Vaso L Dune \u2013 Colecci\u00f3n de Cristaler\u00eda Dune de Kelly Wearstler El vaso L Dune, de la colecci\u00f3n de cristaler\u00eda Dune dise\u00f1ada por Kelly Wearstler, es un vaso elegantemente elaborado a mano que aporta un toque atemporal a tu cristaler\u00eda. El vaso presenta un elegante detalle acanalado, meticulosamente alineado a la misma altura en todos [&hellip;]<\/p>\n","protected":false},"featured_media":295338,"comment_status":"open","ping_status":"closed","template":"","meta":{"_et_pb_use_builder":"","_et_pb_old_content":"","_et_gb_content_width":""},"product_brand":[],"product_cat":[777],"product_tag":[],"class_list":{"0":"post-295336","1":"product","2":"type-product","3":"status-publish","4":"has-post-thumbnail","6":"product_cat-gafas","8":"first","9":"instock","10":"shipping-taxable","11":"purchasable","12":"product-type-simple"},"_links":{"self":[{"href":"https:\/\/chulointeriors.com\/es\/wp-json\/wp\/v2\/product\/295336","targetHints":{"allow":["GET"]}}],"collection":[{"href":"https:\/\/chulointeriors.com\/es\/wp-json\/wp\/v2\/product"}],"about":[{"href":"https:\/\/chulointeriors.com\/es\/wp-json\/wp\/v2\/types\/product"}],"replies":[{"embeddable":true,"href":"https:\/\/chulointeriors.com\/es\/wp-json\/wp\/v2\/comments?post=295336"}],"wp:featuredmedia":[{"embeddable":true,"href":"https:\/\/chulointeriors.com\/es\/wp-json\/wp\/v2\/media\/295338"}],"wp:attachment":[{"href":"https:\/\/chulointeriors.com\/es\/wp-json\/wp\/v2\/media?parent=295336"}],"wp:term":[{"taxonomy":"product_brand","embeddable":true,"href":"https:\/\/chulointeriors.com\/es\/wp-json\/wp\/v2\/product_brand?post=295336"},{"taxonomy":"product_cat","embeddable":true,"href":"https:\/\/chulointeriors.com\/es\/wp-json\/wp\/v2\/product_cat?post=295336"},{"taxonomy":"product_tag","embeddable":true,"href":"https:\/\/chulointeriors.com\/es\/wp-json\/wp\/v2\/product_tag?post=295336"}],"curies":[{"name":"wp","href":"https:\/\/api.w.org\/{rel}","templated":true}]}}