{"id":295327,"date":"2024-10-22T13:10:30","date_gmt":"2024-10-22T11:10:30","guid":{"rendered":"https:\/\/chulointeriors.com\/?post_type=product&#038;p=295327"},"modified":"2025-04-04T11:21:48","modified_gmt":"2025-04-04T09:21:48","slug":"cuchillo-de-mesa-serax-zoe","status":"publish","type":"product","link":"https:\/\/chulointeriors.com\/es\/product\/cuchillo-de-mesa-serax-zoe\/","title":{"rendered":"Cuchillo de Mesa Serax Zo\u00eb"},"content":{"rendered":"<p><b>Cuchillo de Mesa Serax Zo\u00eb \u2013 Dise\u00f1ado por Ann Demeulemeester<\/b><b><\/b><\/p>\n<p>Chulointeriors presenta el <b>cuchillo de mesa Serax Zo\u00eb<\/b>, una pieza bellamente dise\u00f1ada de la <b>colecci\u00f3n Zo\u00eb<\/b>, creada por la estilista y dise\u00f1adora belga <b>Ann Demeulemeester<\/b> para la marca <b>Serax<\/b>. La <b>colecci\u00f3n Zo\u00eb<\/b> es conocida por su <b>dise\u00f1o elegante e innovador<\/b>, en el que los cubiertos presentan una <b>forma at\u00edpica y sinuosa<\/b>, combinando la forma y la funci\u00f3n de manera verdaderamente art\u00edstica. El <b>cuchillo de mesa Serax Zo\u00eb<\/b> es perfecto para a\u00f1adir un toque refinado a tu mesa, ofreciendo una combinaci\u00f3n \u00fanica de artesan\u00eda y dise\u00f1o moderno.<\/p>\n<p>Con una longitud de <b>23.9 cm<\/b> y un ancho de <b>1.9 cm<\/b>, este <b>cuchillo de acero<\/b> tiene un elegante <b>acabado en acero mate de Serax<\/b>, lo que lo hace duradero y estiloso para cualquier ocasi\u00f3n gastron\u00f3mica. Adem\u00e1s, es <b>apto para lavavajillas<\/b>, lo que garantiza una limpieza y mantenimiento f\u00e1ciles. Ya sea para una cena formal o una comida casual, el <b>cuchillo de mesa Zo\u00eb<\/b> a\u00f1ade un elemento sofisticado a la decoraci\u00f3n de tu mesa.<\/p>\n<ul>\n<li><b>Dimensiones<\/b>: Largo \u2013 23.9 cm, Ancho \u2013 1.9 cm, Peso \u2013 0.12 kg<\/li>\n<li><b>Material<\/b>: Acero de Alta Calidad<\/li>\n<li><b>Color<\/b>: Acero Mate Serax<\/li>\n<li><b>Caracter\u00edsticas<\/b>: Apto para Lavavajillas, Uso Alimentario<\/li>\n<li><b>Dise\u00f1o<\/b>: Forma At\u00edpica y Sinuosa<\/li>\n<\/ul>\n<p>Explora el <b>cuchillo de mesa Serax Zo\u00eb<\/b> y descubre la adici\u00f3n perfecta para la decoraci\u00f3n de tu mesa, donde la elegancia se encuentra con el dise\u00f1o moderno.<\/p>\n","protected":false},"excerpt":{"rendered":"<p>Cuchillo de Mesa Serax Zo\u00eb \u2013 Dise\u00f1ado por Ann Demeulemeester Chulointeriors presenta el cuchillo de mesa Serax Zo\u00eb, una pieza bellamente dise\u00f1ada de la colecci\u00f3n Zo\u00eb, creada por la estilista y dise\u00f1adora belga Ann Demeulemeester para la marca Serax. La colecci\u00f3n Zo\u00eb es conocida por su dise\u00f1o elegante e innovador, en el que los cubiertos [&hellip;]<\/p>\n","protected":false},"featured_media":295329,"comment_status":"open","ping_status":"closed","template":"","meta":{"_et_pb_use_builder":"","_et_pb_old_content":"","_et_gb_content_width":""},"product_brand":[],"product_cat":[2357],"product_tag":[],"class_list":{"0":"post-295327","1":"product","2":"type-product","3":"status-publish","4":"has-post-thumbnail","6":"product_cat-cuchillo","8":"first","9":"instock","10":"shipping-taxable","11":"purchasable","12":"product-type-simple"},"_links":{"self":[{"href":"https:\/\/chulointeriors.com\/es\/wp-json\/wp\/v2\/product\/295327","targetHints":{"allow":["GET"]}}],"collection":[{"href":"https:\/\/chulointeriors.com\/es\/wp-json\/wp\/v2\/product"}],"about":[{"href":"https:\/\/chulointeriors.com\/es\/wp-json\/wp\/v2\/types\/product"}],"replies":[{"embeddable":true,"href":"https:\/\/chulointeriors.com\/es\/wp-json\/wp\/v2\/comments?post=295327"}],"wp:featuredmedia":[{"embeddable":true,"href":"https:\/\/chulointeriors.com\/es\/wp-json\/wp\/v2\/media\/295329"}],"wp:attachment":[{"href":"https:\/\/chulointeriors.com\/es\/wp-json\/wp\/v2\/media?parent=295327"}],"wp:term":[{"taxonomy":"product_brand","embeddable":true,"href":"https:\/\/chulointeriors.com\/es\/wp-json\/wp\/v2\/product_brand?post=295327"},{"taxonomy":"product_cat","embeddable":true,"href":"https:\/\/chulointeriors.com\/es\/wp-json\/wp\/v2\/product_cat?post=295327"},{"taxonomy":"product_tag","embeddable":true,"href":"https:\/\/chulointeriors.com\/es\/wp-json\/wp\/v2\/product_tag?post=295327"}],"curies":[{"name":"wp","href":"https:\/\/api.w.org\/{rel}","templated":true}]}}