{"id":295303,"date":"2024-10-22T12:23:43","date_gmt":"2024-10-22T10:23:43","guid":{"rendered":"https:\/\/chulointeriors.com\/?post_type=product&#038;p=295303"},"modified":"2024-10-22T12:29:19","modified_gmt":"2024-10-22T10:29:19","slug":"fuente-de-servir-salt-zuma","status":"publish","type":"product","link":"https:\/\/chulointeriors.com\/es\/product\/fuente-de-servir-salt-zuma\/","title":{"rendered":"Fuente de Servir Salt Zuma"},"content":{"rendered":"<p><b>Fuente de Servir Salt Zuma \u2013 Colecci\u00f3n Zuma de Kelly Wearstler<\/b><b><\/b><\/p>\n<p>Eleva la presentaci\u00f3n de tus comidas con la <b>fuente de servir Salt Zuma<\/b>, de la <b>colecci\u00f3n Zuma<\/b>, dise\u00f1ada por <b>Kelly Wearstler<\/b>. Fabricada con <b>porcelana blanca<\/b> de alta calidad, esta fuente de servir est\u00e1 estampada con patrones \u00fanicos que ofrecen la sensaci\u00f3n de estar pintada a mano. Despu\u00e9s de estamparla, la pieza se finaliza con un <b>esmaltado<\/b>, que a\u00f1ade durabilidad y un acabado pulido. Perfecta para servir una variedad de platos, esta fuente es una declaraci\u00f3n elegante en cualquier mesa.<\/p>\n<p>Con unas dimensiones de <b>46 cm de largo, 27 cm de ancho, y 2 cm de alto<\/b>, la <b>fuente de servir Salt Zuma<\/b> es una adici\u00f3n vers\u00e1til a tu colecci\u00f3n de vajilla. Esta pieza no solo es visualmente impresionante, sino tambi\u00e9n altamente pr\u00e1ctica, ya que es <b>apta para lavavajillas<\/b>, <b>apta para microondas<\/b>, y <b>resistente al horno<\/b> hasta <b>200\u00b0C<\/b>. El proceso de acabado a mano significa que pueden presentarse peque\u00f1as irregularidades, lo que contribuye a la individualidad y singularidad de cada pieza.<\/p>\n<ul>\n<li><b>Dimensiones<\/b>: Largo \u2013 46 cm, Ancho \u2013 27 cm, Alto \u2013 2 cm<\/li>\n<li><b>Material<\/b>: Porcelana de Alta Calidad<\/li>\n<li><b>Acabado<\/b>: Esmaltado<\/li>\n<li><b>Caracter\u00edsticas<\/b>: Apta para Lavavajillas, Apta para Microondas, Resistente al Horno (hasta 200\u00b0C), Apta para Alimentos<\/li>\n<li><b>Nota<\/b>: Las piezas terminadas a mano pueden presentar ligeras irregularidades, lo que a\u00f1ade car\u00e1cter \u00fanico a cada una.<\/li>\n<\/ul>\n<p>Mejora la decoraci\u00f3n de tu mesa con la <b>fuente de servir Salt Zuma<\/b>, donde la artesan\u00eda tradicional se encuentra con el dise\u00f1o moderno para crear una experiencia gastron\u00f3mica verdaderamente memorable.<\/p>\n","protected":false},"excerpt":{"rendered":"<p>Fuente de Servir Salt Zuma \u2013 Colecci\u00f3n Zuma de Kelly Wearstler Eleva la presentaci\u00f3n de tus comidas con la fuente de servir Salt Zuma, de la colecci\u00f3n Zuma, dise\u00f1ada por Kelly Wearstler. Fabricada con porcelana blanca de alta calidad, esta fuente de servir est\u00e1 estampada con patrones \u00fanicos que ofrecen la sensaci\u00f3n de estar pintada [&hellip;]<\/p>\n","protected":false},"featured_media":295311,"comment_status":"open","ping_status":"closed","template":"","meta":{"_et_pb_use_builder":"","_et_pb_old_content":"","_et_gb_content_width":""},"product_brand":[],"product_cat":[779],"product_tag":[],"class_list":{"0":"post-295303","1":"product","2":"type-product","3":"status-publish","4":"has-post-thumbnail","6":"product_cat-placas","8":"first","9":"instock","10":"shipping-taxable","11":"purchasable","12":"product-type-simple"},"_links":{"self":[{"href":"https:\/\/chulointeriors.com\/es\/wp-json\/wp\/v2\/product\/295303","targetHints":{"allow":["GET"]}}],"collection":[{"href":"https:\/\/chulointeriors.com\/es\/wp-json\/wp\/v2\/product"}],"about":[{"href":"https:\/\/chulointeriors.com\/es\/wp-json\/wp\/v2\/types\/product"}],"replies":[{"embeddable":true,"href":"https:\/\/chulointeriors.com\/es\/wp-json\/wp\/v2\/comments?post=295303"}],"wp:featuredmedia":[{"embeddable":true,"href":"https:\/\/chulointeriors.com\/es\/wp-json\/wp\/v2\/media\/295311"}],"wp:attachment":[{"href":"https:\/\/chulointeriors.com\/es\/wp-json\/wp\/v2\/media?parent=295303"}],"wp:term":[{"taxonomy":"product_brand","embeddable":true,"href":"https:\/\/chulointeriors.com\/es\/wp-json\/wp\/v2\/product_brand?post=295303"},{"taxonomy":"product_cat","embeddable":true,"href":"https:\/\/chulointeriors.com\/es\/wp-json\/wp\/v2\/product_cat?post=295303"},{"taxonomy":"product_tag","embeddable":true,"href":"https:\/\/chulointeriors.com\/es\/wp-json\/wp\/v2\/product_tag?post=295303"}],"curies":[{"name":"wp","href":"https:\/\/api.w.org\/{rel}","templated":true}]}}