{"id":295295,"date":"2024-10-22T12:13:02","date_gmt":"2024-10-22T10:13:02","guid":{"rendered":"https:\/\/chulointeriors.com\/?post_type=product&#038;p=295295"},"modified":"2024-10-22T12:19:16","modified_gmt":"2024-10-22T10:19:16","slug":"copa-de-vino-tinto-dune","status":"publish","type":"product","link":"https:\/\/chulointeriors.com\/es\/product\/copa-de-vino-tinto-dune\/","title":{"rendered":"Copa de Vino Tinto Dune"},"content":{"rendered":"<p><b>Copa de Vino Tinto Dune \u2013 Colecci\u00f3n de Cristaler\u00eda Dune de Kelly Wearstler<\/b><b><\/b><\/p>\n<p>La <b>copa de vino tinto Dune<\/b>, de la <b>colecci\u00f3n de cristaler\u00eda Dune<\/b>, dise\u00f1ada por <b>Kelly Wearstler<\/b>, aporta un toque de elegancia artesanal a tu experiencia de beber vino. Cada copa es <b>soplada a mano<\/b>, lo que le otorga una calidad artesanal que hace que cada pieza sea \u00fanica. El vidrio claro de <b>potasio<\/b> realza el brillo natural de tu vino, permitiendo que el color intenso de los vinos tintos brille hermosamente en cualquier entorno.<\/p>\n<p>Con unas dimensiones de <b>10 cm de largo y ancho, y 20 cm de alto<\/b>, y una capacidad de <b>55 cl<\/b>, la <b>copa de vino tinto Dune<\/b> ofrece un equilibrio perfecto entre estilo y funcionalidad. La copa tambi\u00e9n es <b>apta para lavavajillas<\/b>, lo que la hace tanto pr\u00e1ctica como refinada. Debido a la naturaleza artesanal de cada pieza, pueden presentarse peque\u00f1as irregularidades, lo que a\u00f1ade car\u00e1cter y singularidad a cada copa.<\/p>\n<ul>\n<li><b>Dimensiones<\/b>: Largo \u2013 10 cm, Ancho \u2013 10 cm, Alto \u2013 20 cm<\/li>\n<li><b>Capacidad<\/b>: 55 cl<\/li>\n<li><b>Material<\/b>: Vidrio de Potasio<\/li>\n<li><b>Caracter\u00edsticas<\/b>: Apta para Lavavajillas, Hecha a Mano<\/li>\n<li><b>Nota<\/b>: Las piezas terminadas a mano pueden presentar ligeras irregularidades, lo que a\u00f1ade car\u00e1cter \u00fanico a cada una.<\/li>\n<\/ul>\n<p>Disfruta de tus vinos tintos favoritos con estilo con la <b>copa de vino tinto Dune<\/b>, donde la artesan\u00eda artesanal y la elegancia moderna se encuentran para ofrecer una experiencia de bebida verdaderamente excepcional.<\/p>\n","protected":false},"excerpt":{"rendered":"<p>Copa de Vino Tinto Dune \u2013 Colecci\u00f3n de Cristaler\u00eda Dune de Kelly Wearstler La copa de vino tinto Dune, de la colecci\u00f3n de cristaler\u00eda Dune, dise\u00f1ada por Kelly Wearstler, aporta un toque de elegancia artesanal a tu experiencia de beber vino. Cada copa es soplada a mano, lo que le otorga una calidad artesanal que [&hellip;]<\/p>\n","protected":false},"featured_media":295299,"comment_status":"open","ping_status":"closed","template":"","meta":{"_et_pb_use_builder":"","_et_pb_old_content":"","_et_gb_content_width":""},"product_brand":[],"product_cat":[777],"product_tag":[],"class_list":{"0":"post-295295","1":"product","2":"type-product","3":"status-publish","4":"has-post-thumbnail","6":"product_cat-gafas","8":"first","9":"instock","10":"shipping-taxable","11":"purchasable","12":"product-type-simple"},"_links":{"self":[{"href":"https:\/\/chulointeriors.com\/es\/wp-json\/wp\/v2\/product\/295295","targetHints":{"allow":["GET"]}}],"collection":[{"href":"https:\/\/chulointeriors.com\/es\/wp-json\/wp\/v2\/product"}],"about":[{"href":"https:\/\/chulointeriors.com\/es\/wp-json\/wp\/v2\/types\/product"}],"replies":[{"embeddable":true,"href":"https:\/\/chulointeriors.com\/es\/wp-json\/wp\/v2\/comments?post=295295"}],"wp:featuredmedia":[{"embeddable":true,"href":"https:\/\/chulointeriors.com\/es\/wp-json\/wp\/v2\/media\/295299"}],"wp:attachment":[{"href":"https:\/\/chulointeriors.com\/es\/wp-json\/wp\/v2\/media?parent=295295"}],"wp:term":[{"taxonomy":"product_brand","embeddable":true,"href":"https:\/\/chulointeriors.com\/es\/wp-json\/wp\/v2\/product_brand?post=295295"},{"taxonomy":"product_cat","embeddable":true,"href":"https:\/\/chulointeriors.com\/es\/wp-json\/wp\/v2\/product_cat?post=295295"},{"taxonomy":"product_tag","embeddable":true,"href":"https:\/\/chulointeriors.com\/es\/wp-json\/wp\/v2\/product_tag?post=295295"}],"curies":[{"name":"wp","href":"https:\/\/api.w.org\/{rel}","templated":true}]}}