{"id":295285,"date":"2024-10-22T11:42:56","date_gmt":"2024-10-22T09:42:56","guid":{"rendered":"https:\/\/chulointeriors.com\/?post_type=product&#038;p=295285"},"modified":"2024-10-22T11:48:17","modified_gmt":"2024-10-22T09:48:17","slug":"plato-de-desayuno-pacific-zuma","status":"publish","type":"product","link":"https:\/\/chulointeriors.com\/es\/product\/plato-de-desayuno-pacific-zuma\/","title":{"rendered":"Plato de Desayuno Pacific Zuma"},"content":{"rendered":"<p><b>Plato de Desayuno Pacific Zuma \u2013 Colecci\u00f3n Zuma de Kelly Wearstler<\/b><b><\/b><\/p>\n<p>El <b>plato de desayuno Pacific Zuma<\/b>, de la <b>colecci\u00f3n Zuma<\/b>, dise\u00f1ada por <b>Kelly Wearstler<\/b>, aporta un toque moderno y artesanal a tu mesa. Estos <b>platos de porcelana gris oscuro<\/b> combinan la apariencia de piezas pintadas a mano con la precisi\u00f3n de las t\u00e9cnicas de impresi\u00f3n digital. El resultado es un plato bellamente elaborado que eleva cada comida con su mezcla \u00fanica de artesan\u00eda y tecnolog\u00eda moderna.<\/p>\n<p>Con unas dimensiones de <b>18 cm de largo y ancho, y 1.2 cm de alto<\/b>, el <b>plato Pacific Zuma<\/b> es perfecto para servir desayunos o platos peque\u00f1os. Su <b>acabado esmaltado<\/b> a\u00f1ade un toque refinado, mientras que la durabilidad del plato asegura que sea <b>apto para lavavajillas<\/b>, <b>apto para microondas<\/b> y <b>resistente al horno<\/b> hasta <b>200\u00b0C<\/b>. Como cada pieza est\u00e1 <b>terminada a mano<\/b>, pueden presentarse peque\u00f1as irregularidades, lo que a\u00f1ade un car\u00e1cter especial y \u00fanico a cada plato.<\/p>\n<ul>\n<li><b>Dimensiones<\/b>: Largo \u2013 18 cm, Ancho \u2013 18 cm, Alto \u2013 1.2 cm<\/li>\n<li><b>Material<\/b>: Porcelana de Alta Calidad<\/li>\n<li><b>Acabado<\/b>: Esmaltado<\/li>\n<li><b>Caracter\u00edsticas<\/b>: Apto para Lavavajillas, Apto para Microondas, Resistente al Horno (hasta 200\u00b0C), Apto para Alimentos<\/li>\n<li><b>Nota<\/b>: Las piezas terminadas a mano pueden presentar ligeras irregularidades, lo que contribuye a su car\u00e1cter \u00fanico.<\/li>\n<\/ul>\n<p>Mejora tu experiencia gastron\u00f3mica con el <b>plato de desayuno Pacific Zuma<\/b>, donde la belleza del dise\u00f1o artesanal se encuentra con la eficiencia de las t\u00e9cnicas de producci\u00f3n modernas.<\/p>\n","protected":false},"excerpt":{"rendered":"<p>Plato de Desayuno Pacific Zuma \u2013 Colecci\u00f3n Zuma de Kelly Wearstler El plato de desayuno Pacific Zuma, de la colecci\u00f3n Zuma, dise\u00f1ada por Kelly Wearstler, aporta un toque moderno y artesanal a tu mesa. Estos platos de porcelana gris oscuro combinan la apariencia de piezas pintadas a mano con la precisi\u00f3n de las t\u00e9cnicas de [&hellip;]<\/p>\n","protected":false},"featured_media":295293,"comment_status":"open","ping_status":"closed","template":"","meta":{"_et_pb_use_builder":"","_et_pb_old_content":"","_et_gb_content_width":""},"product_brand":[],"product_cat":[779],"product_tag":[],"class_list":{"0":"post-295285","1":"product","2":"type-product","3":"status-publish","4":"has-post-thumbnail","6":"product_cat-placas","8":"first","9":"instock","10":"shipping-taxable","11":"purchasable","12":"product-type-simple"},"_links":{"self":[{"href":"https:\/\/chulointeriors.com\/es\/wp-json\/wp\/v2\/product\/295285","targetHints":{"allow":["GET"]}}],"collection":[{"href":"https:\/\/chulointeriors.com\/es\/wp-json\/wp\/v2\/product"}],"about":[{"href":"https:\/\/chulointeriors.com\/es\/wp-json\/wp\/v2\/types\/product"}],"replies":[{"embeddable":true,"href":"https:\/\/chulointeriors.com\/es\/wp-json\/wp\/v2\/comments?post=295285"}],"wp:featuredmedia":[{"embeddable":true,"href":"https:\/\/chulointeriors.com\/es\/wp-json\/wp\/v2\/media\/295293"}],"wp:attachment":[{"href":"https:\/\/chulointeriors.com\/es\/wp-json\/wp\/v2\/media?parent=295285"}],"wp:term":[{"taxonomy":"product_brand","embeddable":true,"href":"https:\/\/chulointeriors.com\/es\/wp-json\/wp\/v2\/product_brand?post=295285"},{"taxonomy":"product_cat","embeddable":true,"href":"https:\/\/chulointeriors.com\/es\/wp-json\/wp\/v2\/product_cat?post=295285"},{"taxonomy":"product_tag","embeddable":true,"href":"https:\/\/chulointeriors.com\/es\/wp-json\/wp\/v2\/product_tag?post=295285"}],"curies":[{"name":"wp","href":"https:\/\/api.w.org\/{rel}","templated":true}]}}