{"id":295255,"date":"2024-10-22T11:02:36","date_gmt":"2024-10-22T09:02:36","guid":{"rendered":"https:\/\/chulointeriors.com\/?post_type=product&#038;p=295255"},"modified":"2024-10-22T11:06:53","modified_gmt":"2024-10-22T09:06:53","slug":"plato-de-cena-sienna-zuma","status":"publish","type":"product","link":"https:\/\/chulointeriors.com\/es\/product\/plato-de-cena-sienna-zuma\/","title":{"rendered":"Plato de Cena Sienna Zuma"},"content":{"rendered":"<p><b>Plato de Cena Sienna Zuma \u2013 Colecci\u00f3n Zuma de Kelly Wearstler<\/b><b><\/b><\/p>\n<p>Descubre el <b>plato de cena Sienna Zuma<\/b>, una impresionante fusi\u00f3n de artesan\u00eda y arte digital de la <b>colecci\u00f3n de vajilla Zuma<\/b> de la reconocida dise\u00f1adora <b>Kelly Wearstler<\/b>. Estos suaves <b>platos de porcelana en color naranja Sienna<\/b> dan vida a tu experiencia gastron\u00f3mica con una armoniosa combinaci\u00f3n de texturas pintadas a mano y influencias digitales modernas. El aspecto pintado a mano mejora la sensaci\u00f3n de artesan\u00eda tradicional, mientras que las <b>rejillas vectoriales en 3D<\/b> y los <b>motivos de cristaler\u00eda antigua<\/b> a\u00f1aden un toque art\u00edstico contempor\u00e1neo.<\/p>\n<p>Con unas dimensiones de <b>28 cm de largo y ancho, y 1.7 cm de alto<\/b>, el <b>plato de cena Sienna Zuma<\/b> est\u00e1 dise\u00f1ado tanto para la funcionalidad como para la elegancia. Su <b>acabado esmaltado<\/b> garantiza un aspecto pulido y elegante, adem\u00e1s de hacer que el plato sea <b>apto para lavavajillas, microondas y resistente al horno<\/b> (hasta <b>200\u00b0C<\/b>). Cada plato est\u00e1 <b>terminado a mano<\/b>, lo que puede dar lugar a peque\u00f1as irregularidades que a\u00f1aden car\u00e1cter y singularidad a cada pieza.<\/p>\n<ul>\n<li><b>Dimensiones<\/b>: Largo \u2013 28 cm, Ancho \u2013 28 cm, Alto \u2013 1.7 cm<\/li>\n<li><b>Material<\/b>: Porcelana de Alta Calidad<\/li>\n<li><b>Acabado<\/b>: Esmaltado<\/li>\n<li><b>Caracter\u00edsticas<\/b>: Apto para Lavavajillas, Apto para Microondas, Resistente al Horno (hasta 200\u00b0C), Apto para Alimentos<\/li>\n<li><b>Nota<\/b>: Las piezas terminadas a mano pueden presentar ligeras irregularidades, lo que forma parte de su car\u00e1cter \u00fanico.<\/li>\n<\/ul>\n<p>Eleva la decoraci\u00f3n de tu mesa con el <b>plato de cena Sienna Zuma<\/b>, donde la artesan\u00eda atemporal se encuentra con el dise\u00f1o moderno para crear una experiencia gastron\u00f3mica incomparable.<\/p>\n","protected":false},"excerpt":{"rendered":"<p>Plato de Cena Sienna Zuma \u2013 Colecci\u00f3n Zuma de Kelly Wearstler Descubre el plato de cena Sienna Zuma, una impresionante fusi\u00f3n de artesan\u00eda y arte digital de la colecci\u00f3n de vajilla Zuma de la reconocida dise\u00f1adora Kelly Wearstler. Estos suaves platos de porcelana en color naranja Sienna dan vida a tu experiencia gastron\u00f3mica con una [&hellip;]<\/p>\n","protected":false},"featured_media":295257,"comment_status":"open","ping_status":"closed","template":"","meta":{"_et_pb_use_builder":"","_et_pb_old_content":"","_et_gb_content_width":""},"product_brand":[],"product_cat":[779],"product_tag":[],"class_list":{"0":"post-295255","1":"product","2":"type-product","3":"status-publish","4":"has-post-thumbnail","6":"product_cat-placas","8":"first","9":"instock","10":"shipping-taxable","11":"purchasable","12":"product-type-simple"},"_links":{"self":[{"href":"https:\/\/chulointeriors.com\/es\/wp-json\/wp\/v2\/product\/295255","targetHints":{"allow":["GET"]}}],"collection":[{"href":"https:\/\/chulointeriors.com\/es\/wp-json\/wp\/v2\/product"}],"about":[{"href":"https:\/\/chulointeriors.com\/es\/wp-json\/wp\/v2\/types\/product"}],"replies":[{"embeddable":true,"href":"https:\/\/chulointeriors.com\/es\/wp-json\/wp\/v2\/comments?post=295255"}],"wp:featuredmedia":[{"embeddable":true,"href":"https:\/\/chulointeriors.com\/es\/wp-json\/wp\/v2\/media\/295257"}],"wp:attachment":[{"href":"https:\/\/chulointeriors.com\/es\/wp-json\/wp\/v2\/media?parent=295255"}],"wp:term":[{"taxonomy":"product_brand","embeddable":true,"href":"https:\/\/chulointeriors.com\/es\/wp-json\/wp\/v2\/product_brand?post=295255"},{"taxonomy":"product_cat","embeddable":true,"href":"https:\/\/chulointeriors.com\/es\/wp-json\/wp\/v2\/product_cat?post=295255"},{"taxonomy":"product_tag","embeddable":true,"href":"https:\/\/chulointeriors.com\/es\/wp-json\/wp\/v2\/product_tag?post=295255"}],"curies":[{"name":"wp","href":"https:\/\/api.w.org\/{rel}","templated":true}]}}