{"id":295249,"date":"2024-10-21T16:41:15","date_gmt":"2024-10-21T14:41:15","guid":{"rendered":"https:\/\/chulointeriors.com\/?post_type=product&#038;p=295249"},"modified":"2024-10-21T16:47:53","modified_gmt":"2024-10-21T14:47:53","slug":"plato-de-entrada-blanco-negro-variacion-3-de","status":"publish","type":"product","link":"https:\/\/chulointeriors.com\/es\/product\/plato-de-entrada-blanco-negro-variacion-3-de\/","title":{"rendered":"Plato de Entrada Blanco\/Negro Variaci\u00f3n 3 D\u00e9"},"content":{"rendered":"<p><b>Plato de Entrada Blanco\/Negro Variaci\u00f3n 3 D\u00e9 \u2013 Dise\u00f1ado por Ann Demeulemeester para Serax<\/b><b><\/b><\/p>\n<p>Lleva una declaraci\u00f3n art\u00edstica impactante a tu mesa con el <b>plato de entrada Blanco\/Negro Variaci\u00f3n 3 D\u00e9<\/b>, de la <b>colecci\u00f3n In D\u00e9<\/b>, dise\u00f1ada por la estilista belga <b>Ann Demeulemeester<\/b> para <b>Serax<\/b>. Inspirado en la t\u00e9cnica del <b>claroscuro<\/b>, que juega con la luz y la sombra, este plato refleja el estilo caracter\u00edstico de Demeulemeester a trav\u00e9s de un dram\u00e1tico contraste entre <b>blanco y negro<\/b>. El resultado es una impresionante <b>pintura de sombras en porcelana<\/b>, perfecta para elevar tus entradas o peque\u00f1os platos.<\/p>\n<p>Con unas dimensiones de <b>24 cm de largo y ancho, y 1.1 cm de alto<\/b>, este plato ofrece un perfil elegante y delgado, lo que lo convierte en una adici\u00f3n perfecta a cualquier mesa moderna o art\u00edstica. Fabricado en <b>porcelana de alta calidad<\/b> con un <b>acabado esmaltado<\/b>, el plato es <b>apto para lavavajillas<\/b>, <b>apto para microondas<\/b> y <b>resistente al horno<\/b> hasta <b>200\u00b0C<\/b>, garantizando practicidad sin sacrificar estilo. Cada pieza est\u00e1 <b>terminada a mano<\/b>, lo que puede dar lugar a peque\u00f1as irregularidades que a\u00f1aden encanto y hacen que cada plato sea \u00fanico.<\/p>\n<ul>\n<li><b>Dimensiones<\/b>: Largo \u2013 24 cm, Ancho \u2013 24 cm, Alto \u2013 1.1 cm<\/li>\n<li><b>Material<\/b>: Porcelana de Alta Calidad<\/li>\n<li><b>Acabado<\/b>: Esmaltado<\/li>\n<li><b>Caracter\u00edsticas<\/b>: Apto para Lavavajillas, Apto para Microondas, Resistente al Horno (hasta 200\u00b0C), Apto para Alimentos<\/li>\n<li><b>Nota<\/b>: Las piezas terminadas a mano pueden presentar ligeras irregularidades, lo que forma parte de su car\u00e1cter \u00fanico.<\/li>\n<\/ul>\n<p>Celebra el arte de la gastronom\u00eda con el <b>plato de entrada Blanco\/Negro Variaci\u00f3n 3 D\u00e9<\/b>, donde cada plato se enmarca en un exquisito juego de luz y sombra.<\/p>\n","protected":false},"excerpt":{"rendered":"<p>Plato de Entrada Blanco\/Negro Variaci\u00f3n 3 D\u00e9 \u2013 Dise\u00f1ado por Ann Demeulemeester para Serax Lleva una declaraci\u00f3n art\u00edstica impactante a tu mesa con el plato de entrada Blanco\/Negro Variaci\u00f3n 3 D\u00e9, de la colecci\u00f3n In D\u00e9, dise\u00f1ada por la estilista belga Ann Demeulemeester para Serax. Inspirado en la t\u00e9cnica del claroscuro, que juega con la [&hellip;]<\/p>\n","protected":false},"featured_media":295251,"comment_status":"open","ping_status":"closed","template":"","meta":{"_et_pb_use_builder":"","_et_pb_old_content":"","_et_gb_content_width":""},"product_brand":[],"product_cat":[779],"product_tag":[],"class_list":{"0":"post-295249","1":"product","2":"type-product","3":"status-publish","4":"has-post-thumbnail","6":"product_cat-placas","8":"first","9":"instock","10":"shipping-taxable","11":"purchasable","12":"product-type-simple"},"_links":{"self":[{"href":"https:\/\/chulointeriors.com\/es\/wp-json\/wp\/v2\/product\/295249","targetHints":{"allow":["GET"]}}],"collection":[{"href":"https:\/\/chulointeriors.com\/es\/wp-json\/wp\/v2\/product"}],"about":[{"href":"https:\/\/chulointeriors.com\/es\/wp-json\/wp\/v2\/types\/product"}],"replies":[{"embeddable":true,"href":"https:\/\/chulointeriors.com\/es\/wp-json\/wp\/v2\/comments?post=295249"}],"wp:featuredmedia":[{"embeddable":true,"href":"https:\/\/chulointeriors.com\/es\/wp-json\/wp\/v2\/media\/295251"}],"wp:attachment":[{"href":"https:\/\/chulointeriors.com\/es\/wp-json\/wp\/v2\/media?parent=295249"}],"wp:term":[{"taxonomy":"product_brand","embeddable":true,"href":"https:\/\/chulointeriors.com\/es\/wp-json\/wp\/v2\/product_brand?post=295249"},{"taxonomy":"product_cat","embeddable":true,"href":"https:\/\/chulointeriors.com\/es\/wp-json\/wp\/v2\/product_cat?post=295249"},{"taxonomy":"product_tag","embeddable":true,"href":"https:\/\/chulointeriors.com\/es\/wp-json\/wp\/v2\/product_tag?post=295249"}],"curies":[{"name":"wp","href":"https:\/\/api.w.org\/{rel}","templated":true}]}}