{"id":295243,"date":"2024-10-21T16:26:39","date_gmt":"2024-10-21T14:26:39","guid":{"rendered":"https:\/\/chulointeriors.com\/?post_type=product&#038;p=295243"},"modified":"2024-10-21T16:38:36","modified_gmt":"2024-10-21T14:38:36","slug":"placa-alta-xl-variacion-blanco-negro-c-de","status":"publish","type":"product","link":"https:\/\/chulointeriors.com\/es\/product\/placa-alta-xl-variacion-blanco-negro-c-de\/","title":{"rendered":"Placa alta XL variaci\u00f3n blanco\/negro c D\u00e9"},"content":{"rendered":"<p><b>Plato In D\u00e9 de Ann Demeulemeester para Serax \u2013 Colecci\u00f3n de Claroscuro en Porcelana<\/b><b><\/b><\/p>\n<p>Experimenta la fascinante mezcla de luz y sombra con el <b>plato In D\u00e9<\/b>, de la innovadora <b>colecci\u00f3n de claroscuro<\/b> creada por <b>Ann Demeulemeester<\/b> para <b>Serax<\/b>. Este elegante <b>plato de porcelana<\/b> traduce el juego de claroscuro\u2014luz y sombra\u2014en vajilla, creando una impresionante declaraci\u00f3n art\u00edstica para tu mesa. Cada pieza presenta un <b>acabado esmaltado<\/b> que realza la dram\u00e1tica interacci\u00f3n de la luz, otorgando al plato una apariencia refinada y sofisticada.<\/p>\n<p>Con unas dimensiones de <b>27 cm de largo y ancho, y 4.2 cm de alto<\/b>, este <b>plato de porcelana terminado a mano<\/b> no solo es una obra maestra visual, sino que tambi\u00e9n est\u00e1 dise\u00f1ado para el uso diario. Es <b>apto para lavavajillas<\/b>, <b>apto para microondas<\/b> y <b>resistente al horno<\/b> hasta <b>200\u00b0C<\/b>, lo que garantiza practicidad y durabilidad. Debido al exclusivo proceso de acabado a mano, cada plato puede presentar peque\u00f1as irregularidades, lo que a\u00f1ade encanto y convierte cada pieza en algo \u00fanico.<\/p>\n<ul>\n<li><b>Dimensiones<\/b>: Largo \u2013 27 cm, Ancho \u2013 27 cm, Alto \u2013 4.2 cm<\/li>\n<li><b>Material<\/b>: Porcelana de Alta Calidad<\/li>\n<li><b>Acabado<\/b>: Esmaltado<\/li>\n<li><b>Caracter\u00edsticas<\/b>: Apto para Lavavajillas, Apto para Microondas, Resistente al Horno (hasta 200\u00b0C), Apto para Alimentos<\/li>\n<li><b>Nota<\/b>: Las piezas terminadas a mano pueden presentar ligeras irregularidades, lo que forma parte de su car\u00e1cter \u00fanico.<\/li>\n<\/ul>\n<p>Abraza el arte de la gastronom\u00eda con el <b>plato In D\u00e9<\/b>, donde cada comida se convierte en una hermosa composici\u00f3n de luz y sombra.<\/p>\n","protected":false},"excerpt":{"rendered":"<p>Plato In D\u00e9 de Ann Demeulemeester para Serax \u2013 Colecci\u00f3n de Claroscuro en Porcelana Experimenta la fascinante mezcla de luz y sombra con el plato In D\u00e9, de la innovadora colecci\u00f3n de claroscuro creada por Ann Demeulemeester para Serax. Este elegante plato de porcelana traduce el juego de claroscuro\u2014luz y sombra\u2014en vajilla, creando una impresionante [&hellip;]<\/p>\n","protected":false},"featured_media":295245,"comment_status":"open","ping_status":"closed","template":"","meta":{"_et_pb_use_builder":"","_et_pb_old_content":"","_et_gb_content_width":""},"product_brand":[],"product_cat":[779],"product_tag":[],"class_list":{"0":"post-295243","1":"product","2":"type-product","3":"status-publish","4":"has-post-thumbnail","6":"product_cat-placas","8":"first","9":"instock","10":"shipping-taxable","11":"purchasable","12":"product-type-simple"},"_links":{"self":[{"href":"https:\/\/chulointeriors.com\/es\/wp-json\/wp\/v2\/product\/295243","targetHints":{"allow":["GET"]}}],"collection":[{"href":"https:\/\/chulointeriors.com\/es\/wp-json\/wp\/v2\/product"}],"about":[{"href":"https:\/\/chulointeriors.com\/es\/wp-json\/wp\/v2\/types\/product"}],"replies":[{"embeddable":true,"href":"https:\/\/chulointeriors.com\/es\/wp-json\/wp\/v2\/comments?post=295243"}],"wp:featuredmedia":[{"embeddable":true,"href":"https:\/\/chulointeriors.com\/es\/wp-json\/wp\/v2\/media\/295245"}],"wp:attachment":[{"href":"https:\/\/chulointeriors.com\/es\/wp-json\/wp\/v2\/media?parent=295243"}],"wp:term":[{"taxonomy":"product_brand","embeddable":true,"href":"https:\/\/chulointeriors.com\/es\/wp-json\/wp\/v2\/product_brand?post=295243"},{"taxonomy":"product_cat","embeddable":true,"href":"https:\/\/chulointeriors.com\/es\/wp-json\/wp\/v2\/product_cat?post=295243"},{"taxonomy":"product_tag","embeddable":true,"href":"https:\/\/chulointeriors.com\/es\/wp-json\/wp\/v2\/product_tag?post=295243"}],"curies":[{"name":"wp","href":"https:\/\/api.w.org\/{rel}","templated":true}]}}