{"id":295237,"date":"2024-10-21T13:36:43","date_gmt":"2024-10-21T11:36:43","guid":{"rendered":"https:\/\/chulointeriors.com\/?post_type=product&#038;p=295237"},"modified":"2025-04-04T11:27:05","modified_gmt":"2025-04-04T09:27:05","slug":"cuchara-espresso-zoe-acero-mate-serax","status":"publish","type":"product","link":"https:\/\/chulointeriors.com\/es\/product\/cuchara-espresso-zoe-acero-mate-serax\/","title":{"rendered":"Cucharilla de Espresso Serax Zo\u00eb &#8211; Acero mate Serax"},"content":{"rendered":"<p><b>Cucharilla de Espresso Serax Zo\u00eb \u2013 Dise\u00f1ada por Ann Demeulemeester<\/b><b><\/b><\/p>\n<p>Completa la decoraci\u00f3n de tu mesa con la <b>cucharilla de espresso Serax Zo\u00eb<\/b>, una pieza bellamente dise\u00f1ada de la <b>colecci\u00f3n Zo\u00eb<\/b> por la estilista y dise\u00f1adora belga <b>Ann Demeulemeester<\/b> para <b>Serax<\/b>. La <b>colecci\u00f3n Zo\u00eb<\/b> se caracteriza por su <b>dise\u00f1o elegante e innovador<\/b>, donde los cubiertos adquieren una forma at\u00edpica pero gr\u00e1cil, fusionando estilo y funcionalidad a la perfecci\u00f3n. Esta cucharilla de espresso es el toque final perfecto para tu caf\u00e9 o postres, aportando sofisticaci\u00f3n a tu mesa.<\/p>\n<p>Con una longitud de <b>10.5 cm<\/b> y un ancho de <b>1.8 cm<\/b>, la <b>cucharilla de espresso Zo\u00eb<\/b> est\u00e1 dise\u00f1ada para ofrecer facilidad de uso mientras mantiene una est\u00e9tica moderna y elegante. Fabricada con <b>acero<\/b> de alta calidad con un <b>acabado mate<\/b>, es duradera y apta para lavavajillas, lo que la hace ideal para el uso diario. Ya sea para servir espresso o postres delicados, esta cucharilla de espresso es el complemento perfecto para tu colecci\u00f3n de cubiertos.<\/p>\n<ul>\n<li><b>Dimensiones<\/b>: Largo \u2013 10.5 cm, Ancho \u2013 1.8 cm, Peso \u2013 0.12 kg<\/li>\n<li><b>Material<\/b>: Acero de Alta Calidad<\/li>\n<li><b>Color<\/b>: Acero Mate Serax<\/li>\n<li><b>Caracter\u00edsticas<\/b>: Apta para Lavavajillas, Forma Sinuosa y Elegante<\/li>\n<li><b>Uso<\/b>: Apta para Uso Alimentario<\/li>\n<\/ul>\n<p>Mejora tus momentos de espresso con la <b>cucharilla de espresso Serax Zo\u00eb<\/b>, una combinaci\u00f3n armoniosa de dise\u00f1o contempor\u00e1neo y funcionalidad. Compra ahora y a\u00f1ade un toque de elegancia a tu mesa.<\/p>\n","protected":false},"excerpt":{"rendered":"<p>Cucharilla de Espresso Serax Zo\u00eb \u2013 Dise\u00f1ada por Ann Demeulemeester Completa la decoraci\u00f3n de tu mesa con la cucharilla de espresso Serax Zo\u00eb, una pieza bellamente dise\u00f1ada de la colecci\u00f3n Zo\u00eb por la estilista y dise\u00f1adora belga Ann Demeulemeester para Serax. La colecci\u00f3n Zo\u00eb se caracteriza por su dise\u00f1o elegante e innovador, donde los cubiertos [&hellip;]<\/p>\n","protected":false},"featured_media":295239,"comment_status":"open","ping_status":"closed","template":"","meta":{"_et_pb_use_builder":"","_et_pb_old_content":"","_et_gb_content_width":""},"product_brand":[],"product_cat":[2361],"product_tag":[],"class_list":{"0":"post-295237","1":"product","2":"type-product","3":"status-publish","4":"has-post-thumbnail","6":"product_cat-cuchara","8":"first","9":"instock","10":"shipping-taxable","11":"purchasable","12":"product-type-simple"},"_links":{"self":[{"href":"https:\/\/chulointeriors.com\/es\/wp-json\/wp\/v2\/product\/295237","targetHints":{"allow":["GET"]}}],"collection":[{"href":"https:\/\/chulointeriors.com\/es\/wp-json\/wp\/v2\/product"}],"about":[{"href":"https:\/\/chulointeriors.com\/es\/wp-json\/wp\/v2\/types\/product"}],"replies":[{"embeddable":true,"href":"https:\/\/chulointeriors.com\/es\/wp-json\/wp\/v2\/comments?post=295237"}],"wp:featuredmedia":[{"embeddable":true,"href":"https:\/\/chulointeriors.com\/es\/wp-json\/wp\/v2\/media\/295239"}],"wp:attachment":[{"href":"https:\/\/chulointeriors.com\/es\/wp-json\/wp\/v2\/media?parent=295237"}],"wp:term":[{"taxonomy":"product_brand","embeddable":true,"href":"https:\/\/chulointeriors.com\/es\/wp-json\/wp\/v2\/product_brand?post=295237"},{"taxonomy":"product_cat","embeddable":true,"href":"https:\/\/chulointeriors.com\/es\/wp-json\/wp\/v2\/product_cat?post=295237"},{"taxonomy":"product_tag","embeddable":true,"href":"https:\/\/chulointeriors.com\/es\/wp-json\/wp\/v2\/product_tag?post=295237"}],"curies":[{"name":"wp","href":"https:\/\/api.w.org\/{rel}","templated":true}]}}