{"id":295184,"date":"2024-10-09T11:33:31","date_gmt":"2024-10-09T09:33:31","guid":{"rendered":"https:\/\/chulointeriors.com\/?post_type=product&#038;p=295184"},"modified":"2024-10-09T11:36:53","modified_gmt":"2024-10-09T09:36:53","slug":"adorno-de-alce-hecho-a-mano-elch","status":"publish","type":"product","link":"https:\/\/chulointeriors.com\/es\/product\/adorno-de-alce-hecho-a-mano-elch\/","title":{"rendered":"Adorno de alce hecho a mano ELCH"},"content":{"rendered":"<p><b>Adorno de Alce de Porcelana de Hueso Hecho a Mano \u2013 ELCH<\/b><b><\/b><\/p>\n<p>Aporta un toque de encanto forestal a tu decoraci\u00f3n con el <b>adorno de alce ELCH<\/b> de Klatt Objects. Elaborado con la mejor <b>porcelana de hueso<\/b>, este <b>adorno de alce hecho a mano<\/b> captura la majestuosa silueta de un alce con un acabado blanco minimalista. Con su textura finamente detallada y su dise\u00f1o elegante, esta pieza es perfecta tanto para decoraciones navide\u00f1as como para exhibiciones durante todo el a\u00f1o, a\u00f1adiendo un toque de elegancia inspirada en la naturaleza a cualquier entorno.<\/p>\n<p>Dise\u00f1ado para colgarse bellamente en \u00e1rboles de Navidad, ramas o ganchos de pared, el <b>adorno ELCH<\/b> es una adici\u00f3n vers\u00e1til a tu colecci\u00f3n decorativa. Su superficie suave y forma realista lo convierten en una pieza destacada, resaltando la habilidad artesanal de cada objeto hecho a mano. Ideal como regalo o como recuerdo personal, este <b>adorno de alce<\/b> celebra la belleza de la naturaleza con un toque art\u00edstico.<\/p>\n<ul>\n<li><b>Material<\/b>: Porcelana de Hueso de Alta Calidad<\/li>\n<li><b>Color<\/b>: Blanco<\/li>\n<li><b>Caracter\u00edsticas<\/b>: Hecho a Mano, Forma Realista de Alce<\/li>\n<li><b>Instrucciones de Cuidado<\/b>: Limpiar suavemente con un pa\u00f1o seco y suave<\/li>\n<\/ul>\n<p>Aporta un acento refinado e inspirado en la naturaleza a tu hogar con el <b>adorno de alce ELCH<\/b>, una perfecta combinaci\u00f3n de dise\u00f1o sofisticado y calidad artesanal.<\/p>\n","protected":false},"excerpt":{"rendered":"<p>Adorno de Alce de Porcelana de Hueso Hecho a Mano \u2013 ELCH Aporta un toque de encanto forestal a tu decoraci\u00f3n con el adorno de alce ELCH de Klatt Objects. Elaborado con la mejor porcelana de hueso, este adorno de alce hecho a mano captura la majestuosa silueta de un alce con un acabado blanco [&hellip;]<\/p>\n","protected":false},"featured_media":295186,"comment_status":"open","ping_status":"closed","template":"","meta":{"_et_pb_use_builder":"","_et_pb_old_content":"","_et_gb_content_width":""},"product_brand":[],"product_cat":[757],"product_tag":[],"class_list":{"0":"post-295184","1":"product","2":"type-product","3":"status-publish","4":"has-post-thumbnail","6":"product_cat-esculturas","8":"first","9":"instock","10":"sale","11":"shipping-taxable","12":"purchasable","13":"product-type-simple"},"_links":{"self":[{"href":"https:\/\/chulointeriors.com\/es\/wp-json\/wp\/v2\/product\/295184","targetHints":{"allow":["GET"]}}],"collection":[{"href":"https:\/\/chulointeriors.com\/es\/wp-json\/wp\/v2\/product"}],"about":[{"href":"https:\/\/chulointeriors.com\/es\/wp-json\/wp\/v2\/types\/product"}],"replies":[{"embeddable":true,"href":"https:\/\/chulointeriors.com\/es\/wp-json\/wp\/v2\/comments?post=295184"}],"wp:featuredmedia":[{"embeddable":true,"href":"https:\/\/chulointeriors.com\/es\/wp-json\/wp\/v2\/media\/295186"}],"wp:attachment":[{"href":"https:\/\/chulointeriors.com\/es\/wp-json\/wp\/v2\/media?parent=295184"}],"wp:term":[{"taxonomy":"product_brand","embeddable":true,"href":"https:\/\/chulointeriors.com\/es\/wp-json\/wp\/v2\/product_brand?post=295184"},{"taxonomy":"product_cat","embeddable":true,"href":"https:\/\/chulointeriors.com\/es\/wp-json\/wp\/v2\/product_cat?post=295184"},{"taxonomy":"product_tag","embeddable":true,"href":"https:\/\/chulointeriors.com\/es\/wp-json\/wp\/v2\/product_tag?post=295184"}],"curies":[{"name":"wp","href":"https:\/\/api.w.org\/{rel}","templated":true}]}}