{"id":295180,"date":"2024-10-09T11:26:48","date_gmt":"2024-10-09T09:26:48","guid":{"rendered":"https:\/\/chulointeriors.com\/?post_type=product&#038;p=295180"},"modified":"2024-10-09T11:30:32","modified_gmt":"2024-10-09T09:30:32","slug":"eichhornchen-adorno-de-ardilla-hecho-a-mano","status":"publish","type":"product","link":"https:\/\/chulointeriors.com\/es\/product\/eichhornchen-adorno-de-ardilla-hecho-a-mano\/","title":{"rendered":"EICHH\u00d6RNCHEN Adorno de ardilla hecho a mano"},"content":{"rendered":"<p><b>Adorno de Ardilla de Porcelana de Hueso Hecho a Mano \u2013 EICHH\u00d6RNCHEN<\/b><b><\/b><\/p>\n<p>Aporta un toque encantador de la naturaleza a tu decoraci\u00f3n con el <b>adorno de ardilla EICHH\u00d6RNCHEN<\/b> de Klatt Objects. Elaborado con la mejor <b>porcelana de hueso<\/b>, este adorno hecho a mano captura la esencia juguetona y encantadora de una ardilla sosteniendo una bellota. Con su acabado blanco minimalista y sus delicados detalles, es perfecto para a\u00f1adir un acento sutil pero llamativo a la decoraci\u00f3n de tu hogar o a la decoraci\u00f3n navide\u00f1a.<\/p>\n<p>De tama\u00f1o ideal para colgar en \u00e1rboles de Navidad, ramas o exhibiciones decorativas, este <b>adorno de ardilla de porcelana de hueso<\/b> combina la artesan\u00eda elegante con la inspiraci\u00f3n natural. La superficie suave y los contornos finos destacan la calidad de la porcelana de hueso, convirti\u00e9ndolo en una pieza atemporal para quienes aprecian la decoraci\u00f3n hecha a mano y con gran atenci\u00f3n al detalle.<\/p>\n<ul>\n<li><b>Material<\/b>: Porcelana de Hueso de Alta Calidad<\/li>\n<li><b>Color<\/b>: Blanco<\/li>\n<li><b>Caracter\u00edsticas<\/b>: Hecho a Mano, Ardilla Detallada Sosteniendo una Bellota<\/li>\n<li><b>Instrucciones de Cuidado<\/b>: Limpiar suavemente con un pa\u00f1o seco y suave<\/li>\n<\/ul>\n<p>Aporta un toque de encanto del bosque a tu hogar con el <b>adorno de ardilla EICHH\u00d6RNCHEN<\/b>, una elecci\u00f3n perfecta tanto para ocasiones festivas como para la decoraci\u00f3n durante todo el a\u00f1o.<\/p>\n","protected":false},"excerpt":{"rendered":"<p>Adorno de Ardilla de Porcelana de Hueso Hecho a Mano \u2013 EICHH\u00d6RNCHEN Aporta un toque encantador de la naturaleza a tu decoraci\u00f3n con el adorno de ardilla EICHH\u00d6RNCHEN de Klatt Objects. Elaborado con la mejor porcelana de hueso, este adorno hecho a mano captura la esencia juguetona y encantadora de una ardilla sosteniendo una bellota. [&hellip;]<\/p>\n","protected":false},"featured_media":295182,"comment_status":"open","ping_status":"closed","template":"","meta":{"_et_pb_use_builder":"","_et_pb_old_content":"","_et_gb_content_width":""},"product_brand":[],"product_cat":[757],"product_tag":[],"class_list":{"0":"post-295180","1":"product","2":"type-product","3":"status-publish","4":"has-post-thumbnail","6":"product_cat-esculturas","8":"first","9":"instock","10":"sale","11":"shipping-taxable","12":"purchasable","13":"product-type-simple"},"_links":{"self":[{"href":"https:\/\/chulointeriors.com\/es\/wp-json\/wp\/v2\/product\/295180","targetHints":{"allow":["GET"]}}],"collection":[{"href":"https:\/\/chulointeriors.com\/es\/wp-json\/wp\/v2\/product"}],"about":[{"href":"https:\/\/chulointeriors.com\/es\/wp-json\/wp\/v2\/types\/product"}],"replies":[{"embeddable":true,"href":"https:\/\/chulointeriors.com\/es\/wp-json\/wp\/v2\/comments?post=295180"}],"wp:featuredmedia":[{"embeddable":true,"href":"https:\/\/chulointeriors.com\/es\/wp-json\/wp\/v2\/media\/295182"}],"wp:attachment":[{"href":"https:\/\/chulointeriors.com\/es\/wp-json\/wp\/v2\/media?parent=295180"}],"wp:term":[{"taxonomy":"product_brand","embeddable":true,"href":"https:\/\/chulointeriors.com\/es\/wp-json\/wp\/v2\/product_brand?post=295180"},{"taxonomy":"product_cat","embeddable":true,"href":"https:\/\/chulointeriors.com\/es\/wp-json\/wp\/v2\/product_cat?post=295180"},{"taxonomy":"product_tag","embeddable":true,"href":"https:\/\/chulointeriors.com\/es\/wp-json\/wp\/v2\/product_tag?post=295180"}],"curies":[{"name":"wp","href":"https:\/\/api.w.org\/{rel}","templated":true}]}}