{"id":295111,"date":"2024-10-08T19:24:17","date_gmt":"2024-10-08T17:24:17","guid":{"rendered":"https:\/\/chulointeriors.com\/?post_type=product&#038;p=295111"},"modified":"2024-10-08T19:30:35","modified_gmt":"2024-10-08T17:30:35","slug":"pinus-maritima-adorno-de-pina","status":"publish","type":"product","link":"https:\/\/chulointeriors.com\/es\/product\/pinus-maritima-adorno-de-pina\/","title":{"rendered":"PINUS maritima &#8211; Adorno de pi\u00f1a"},"content":{"rendered":"<p><b>Adorno de Pi\u00f1a de Porcelana de Hueso Hecho a Mano \u2013 PINUS maritima<\/b><b><\/b><\/p>\n<p>Aporta un toque de elegancia natural a tu hogar con el <b>adorno de pi\u00f1a PINUS maritima<\/b> de Klatt Objects. Este <b>adorno decorativo de pi\u00f1a hecho a mano<\/b> est\u00e1 elaborado con fina <b>porcelana de hueso<\/b>, capturando los intrincados detalles y la textura delicada de una pi\u00f1a real. Con su acabado blanco suave, complementa sin esfuerzo una variedad de estilos de interiores, a\u00f1adiendo un elemento sofisticado y org\u00e1nico a cualquier espacio.<\/p>\n<p>Con unas dimensiones de <b>13,5 cm de alto y 5,5 cm de largo y ancho<\/b>, este hermoso <b>adorno de porcelana de hueso hecho a mano<\/b> es ideal para decorar estantes, repisas o como parte de un centro de mesa navide\u00f1o. Cada pieza se elabora individualmente, convirti\u00e9ndola no solo en un objeto decorativo atemporal, sino tambi\u00e9n en una pieza de colecci\u00f3n \u00fanica que destaca por su maestr\u00eda artesanal.<\/p>\n<ul>\n<li><b>Material<\/b>: Porcelana de Hueso Fina<\/li>\n<li><b>Color<\/b>: Blanco<\/li>\n<li><b>Dimensiones<\/b>: Largo \u2013 5,5 cm, Ancho \u2013 5,5 cm, Alto \u2013 13,5 cm<\/li>\n<li><b>Caracter\u00edsticas<\/b>: Hecho a Mano, Forma Natural de Pi\u00f1a<\/li>\n<li><b>Instrucciones de Cuidado<\/b>: Limpiar suavemente con un pa\u00f1o seco y suave<\/li>\n<\/ul>\n<p>Realza tu decoraci\u00f3n con este exquisito <b>adorno de pi\u00f1a de Klatt Objects hecho a mano<\/b>, perfecto para a\u00f1adir un toque refinado e inspirado en la naturaleza a cualquier ambiente.<\/p>\n","protected":false},"excerpt":{"rendered":"<p>Adorno de Pi\u00f1a de Porcelana de Hueso Hecho a Mano \u2013 PINUS maritima Aporta un toque de elegancia natural a tu hogar con el adorno de pi\u00f1a PINUS maritima de Klatt Objects. Este adorno decorativo de pi\u00f1a hecho a mano est\u00e1 elaborado con fina porcelana de hueso, capturando los intrincados detalles y la textura delicada [&hellip;]<\/p>\n","protected":false},"featured_media":295113,"comment_status":"open","ping_status":"closed","template":"","meta":{"_et_pb_use_builder":"","_et_pb_old_content":"","_et_gb_content_width":""},"product_brand":[],"product_cat":[757],"product_tag":[],"class_list":{"0":"post-295111","1":"product","2":"type-product","3":"status-publish","4":"has-post-thumbnail","6":"product_cat-esculturas","8":"first","9":"instock","10":"sale","11":"shipping-taxable","12":"purchasable","13":"product-type-simple"},"_links":{"self":[{"href":"https:\/\/chulointeriors.com\/es\/wp-json\/wp\/v2\/product\/295111","targetHints":{"allow":["GET"]}}],"collection":[{"href":"https:\/\/chulointeriors.com\/es\/wp-json\/wp\/v2\/product"}],"about":[{"href":"https:\/\/chulointeriors.com\/es\/wp-json\/wp\/v2\/types\/product"}],"replies":[{"embeddable":true,"href":"https:\/\/chulointeriors.com\/es\/wp-json\/wp\/v2\/comments?post=295111"}],"wp:featuredmedia":[{"embeddable":true,"href":"https:\/\/chulointeriors.com\/es\/wp-json\/wp\/v2\/media\/295113"}],"wp:attachment":[{"href":"https:\/\/chulointeriors.com\/es\/wp-json\/wp\/v2\/media?parent=295111"}],"wp:term":[{"taxonomy":"product_brand","embeddable":true,"href":"https:\/\/chulointeriors.com\/es\/wp-json\/wp\/v2\/product_brand?post=295111"},{"taxonomy":"product_cat","embeddable":true,"href":"https:\/\/chulointeriors.com\/es\/wp-json\/wp\/v2\/product_cat?post=295111"},{"taxonomy":"product_tag","embeddable":true,"href":"https:\/\/chulointeriors.com\/es\/wp-json\/wp\/v2\/product_tag?post=295111"}],"curies":[{"name":"wp","href":"https:\/\/api.w.org\/{rel}","templated":true}]}}