{"id":294993,"date":"2025-03-12T14:50:54","date_gmt":"2025-03-12T12:50:54","guid":{"rendered":"https:\/\/chulointeriors.com\/?post_type=product&#038;p=294993"},"modified":"2025-01-21T17:14:15","modified_gmt":"2025-01-21T15:14:15","slug":"pintura-alegra-n-1-con-marco","status":"publish","type":"product","link":"https:\/\/chulointeriors.com\/es\/product\/pintura-alegra-n-1-con-marco\/","title":{"rendered":"Pintura Alegra n.1 con marco"},"content":{"rendered":"<p>A\u00f1ada un estallido de color y creatividad a su espacio con el cuadro abstracto <strong>Alegra N1<\/strong> de Chulointeriors. Esta obra de arte pintada a mano presenta una impresionante combinaci\u00f3n de tonos azules, verdes y blancos, con sutiles toques de rosa y naranja para crear una composici\u00f3n vibrante pero armoniosa.<\/p>\n<p>Elaborado con acr\u00edlico de alta calidad sobre lienzo, esta pieza abstracta aporta energ\u00eda y profundidad a cualquier habitaci\u00f3n, por lo que es un punto focal perfecto para salas de estar, dormitorios u oficinas. El cuadro est\u00e1 enmarcado en un acabado color madera, que complementa los vibrantes tonos de la obra y a\u00f1ade un toque de elegancia natural.<\/p>\n<p>Con su mezcla \u00fanica de colores y estilo art\u00edstico,<strong> Alegra N1<\/strong> captura la esencia del arte abstracto moderno, aportando sofisticaci\u00f3n y un toque de color a su decoraci\u00f3n.<\/p>\n<p><b>Detalles:<\/b><\/p>\n<ul>\n<li><strong>T\u00e9cnica<\/strong>: Acr\u00edlico sobre lienzo<\/li>\n<li><strong>Marco<\/strong>: Acabado color madera<\/li>\n<\/ul>\n<p>Transforme su hogar con la belleza din\u00e1mica del cuadro abstracto Alegra N1, donde el arte se une al estilo moderno.<\/p>\n","protected":false},"excerpt":{"rendered":"<p>A\u00f1ada un estallido de color y creatividad a su espacio con el cuadro abstracto Alegra N1 de Chulointeriors. Esta obra de arte pintada a mano presenta una impresionante combinaci\u00f3n de tonos azules, verdes y blancos, con sutiles toques de rosa y naranja para crear una composici\u00f3n vibrante pero armoniosa. Elaborado con acr\u00edlico de alta calidad [&hellip;]<\/p>\n","protected":false},"featured_media":294995,"comment_status":"open","ping_status":"closed","template":"","meta":{"_et_pb_use_builder":"","_et_pb_old_content":"","_et_gb_content_width":""},"product_brand":[],"product_cat":[787],"product_tag":[],"class_list":{"0":"post-294993","1":"product","2":"type-product","3":"status-publish","4":"has-post-thumbnail","6":"product_cat-pinturas","8":"first","9":"instock","10":"shipping-taxable","11":"purchasable","12":"product-type-simple"},"_links":{"self":[{"href":"https:\/\/chulointeriors.com\/es\/wp-json\/wp\/v2\/product\/294993","targetHints":{"allow":["GET"]}}],"collection":[{"href":"https:\/\/chulointeriors.com\/es\/wp-json\/wp\/v2\/product"}],"about":[{"href":"https:\/\/chulointeriors.com\/es\/wp-json\/wp\/v2\/types\/product"}],"replies":[{"embeddable":true,"href":"https:\/\/chulointeriors.com\/es\/wp-json\/wp\/v2\/comments?post=294993"}],"wp:featuredmedia":[{"embeddable":true,"href":"https:\/\/chulointeriors.com\/es\/wp-json\/wp\/v2\/media\/294995"}],"wp:attachment":[{"href":"https:\/\/chulointeriors.com\/es\/wp-json\/wp\/v2\/media?parent=294993"}],"wp:term":[{"taxonomy":"product_brand","embeddable":true,"href":"https:\/\/chulointeriors.com\/es\/wp-json\/wp\/v2\/product_brand?post=294993"},{"taxonomy":"product_cat","embeddable":true,"href":"https:\/\/chulointeriors.com\/es\/wp-json\/wp\/v2\/product_cat?post=294993"},{"taxonomy":"product_tag","embeddable":true,"href":"https:\/\/chulointeriors.com\/es\/wp-json\/wp\/v2\/product_tag?post=294993"}],"curies":[{"name":"wp","href":"https:\/\/api.w.org\/{rel}","templated":true}]}}