{"id":294964,"date":"2024-08-27T13:19:04","date_gmt":"2024-08-27T11:19:04","guid":{"rendered":"https:\/\/chulointeriors.com\/?post_type=product&#038;p=294964"},"modified":"2024-08-27T13:24:19","modified_gmt":"2024-08-27T11:24:19","slug":"jarron-cebra-coco-31","status":"publish","type":"product","link":"https:\/\/chulointeriors.com\/es\/product\/jarron-cebra-coco-31\/","title":{"rendered":"Jarr\u00f3n cebra coco #31"},"content":{"rendered":"<p>Presentamos el <strong>Jarr\u00f3n Cebra Coco<\/strong>, una exquisita pieza elaborada con paja de trigo natural en nuestro taller de Gata de Gorgos. Este jarr\u00f3n muestra la belleza de la naturaleza y el arte, moldeado mediante una t\u00e9cnica tradicional de alfarer\u00eda en llamativos tonos blancos y negros que evocan la elegancia de las rayas de cebra.<\/p>\n<p>Cada jarr\u00f3n es una creaci\u00f3n \u00fanica, hecha a mano con esmero, lo que garantiza sutiles variaciones que le a\u00f1aden encanto. Con una generosa altura de 65 cm y una anchura de 30 cm, el Jarr\u00f3n Cebra Coco se convierte en una audaz declaraci\u00f3n de intenciones en cualquier espacio, ya sea como pieza decorativa independiente o lleno de sus arreglos florales favoritos.<\/p>\n<p>Fabricado 100% con paja de trigo, este jarr\u00f3n no es s\u00f3lo un objeto decorativo, sino un testimonio de artesan\u00eda sostenible. Mejore su hogar con el jarr\u00f3n Coconut Zebra, donde los materiales naturales se unen al dise\u00f1o contempor\u00e1neo.<\/p>\n","protected":false},"excerpt":{"rendered":"<p>Presentamos el Jarr\u00f3n Cebra Coco, una exquisita pieza elaborada con paja de trigo natural en nuestro taller de Gata de Gorgos. Este jarr\u00f3n muestra la belleza de la naturaleza y el arte, moldeado mediante una t\u00e9cnica tradicional de alfarer\u00eda en llamativos tonos blancos y negros que evocan la elegancia de las rayas de cebra. Cada [&hellip;]<\/p>\n","protected":false},"featured_media":294966,"comment_status":"open","ping_status":"closed","template":"","meta":{"_et_pb_use_builder":"","_et_pb_old_content":"","_et_gb_content_width":""},"product_brand":[],"product_cat":[758],"product_tag":[],"class_list":{"0":"post-294964","1":"product","2":"type-product","3":"status-publish","4":"has-post-thumbnail","6":"product_cat-jarrones","8":"first","9":"instock","10":"shipping-taxable","11":"purchasable","12":"product-type-simple"},"_links":{"self":[{"href":"https:\/\/chulointeriors.com\/es\/wp-json\/wp\/v2\/product\/294964","targetHints":{"allow":["GET"]}}],"collection":[{"href":"https:\/\/chulointeriors.com\/es\/wp-json\/wp\/v2\/product"}],"about":[{"href":"https:\/\/chulointeriors.com\/es\/wp-json\/wp\/v2\/types\/product"}],"replies":[{"embeddable":true,"href":"https:\/\/chulointeriors.com\/es\/wp-json\/wp\/v2\/comments?post=294964"}],"wp:featuredmedia":[{"embeddable":true,"href":"https:\/\/chulointeriors.com\/es\/wp-json\/wp\/v2\/media\/294966"}],"wp:attachment":[{"href":"https:\/\/chulointeriors.com\/es\/wp-json\/wp\/v2\/media?parent=294964"}],"wp:term":[{"taxonomy":"product_brand","embeddable":true,"href":"https:\/\/chulointeriors.com\/es\/wp-json\/wp\/v2\/product_brand?post=294964"},{"taxonomy":"product_cat","embeddable":true,"href":"https:\/\/chulointeriors.com\/es\/wp-json\/wp\/v2\/product_cat?post=294964"},{"taxonomy":"product_tag","embeddable":true,"href":"https:\/\/chulointeriors.com\/es\/wp-json\/wp\/v2\/product_tag?post=294964"}],"curies":[{"name":"wp","href":"https:\/\/api.w.org\/{rel}","templated":true}]}}