{"id":294780,"date":"2024-08-02T11:41:14","date_gmt":"2024-08-02T09:41:14","guid":{"rendered":"https:\/\/chulointeriors.com\/?post_type=product&#038;p=294780"},"modified":"2024-08-02T11:47:11","modified_gmt":"2024-08-02T09:47:11","slug":"mesa-de-centro-irregular-de-roble-natural-150","status":"publish","type":"product","link":"https:\/\/chulointeriors.com\/es\/product\/mesa-de-centro-irregular-de-roble-natural-150\/","title":{"rendered":"Mesa de centro irregular de roble natural 150"},"content":{"rendered":"<p>Presentamos nuestra exquisita mesa de centro de forma irregular de Chulointeriors, una mezcla perfecta de sencillez y elegancia dise\u00f1ada para aportar armon\u00eda a su espacio vital. Fabricada en madera de roble natural, esta mesa de centro cuenta con una forma irregular \u00fanica y l\u00edneas suavemente curvadas, creando un ambiente sereno y acogedor ideal para relajarse.<\/p>\n<p>Su forma org\u00e1nica y su dise\u00f1o minimalista la convierten en una pieza destacada que a\u00f1ade un toque de belleza natural a cualquier habitaci\u00f3n. Sus bordes suaves y curvados y sus c\u00e1lidos tonos de madera realzan su atractivo est\u00e9tico, convirti\u00e9ndola en un complemento vers\u00e1til tanto para interiores contempor\u00e1neos como tradicionales.<\/p>\n<p>Esta mesa de centro forma parte de una colecci\u00f3n y est\u00e1 disponible en varios tama\u00f1os, lo que le permite crear un conjunto cohesionado o utilizarla como pieza independiente. Cada mesa se vende por separado, lo que proporciona flexibilidad para personalizar su espacio vital seg\u00fan sus necesidades.<\/p>\n<p><b>Dimensiones:<\/b> 150 x 80 x 28 cm<\/p>\n<p>Eleve la decoraci\u00f3n de su hogar con la mesa de centro de forma irregular de Chulointeriors, donde la sencillez se une a la sofisticaci\u00f3n. Ya sea sola o combinada con otras mesas de la colecci\u00f3n, esta pieza promete aportar tranquilidad y estilo a su sal\u00f3n.<\/p>\n","protected":false},"excerpt":{"rendered":"<p>Presentamos nuestra exquisita mesa de centro de forma irregular de Chulointeriors, una mezcla perfecta de sencillez y elegancia dise\u00f1ada para aportar armon\u00eda a su espacio vital. Fabricada en madera de roble natural, esta mesa de centro cuenta con una forma irregular \u00fanica y l\u00edneas suavemente curvadas, creando un ambiente sereno y acogedor ideal para relajarse. [&hellip;]<\/p>\n","protected":false},"featured_media":294782,"comment_status":"open","ping_status":"closed","template":"","meta":{"_et_pb_use_builder":"","_et_pb_old_content":"","_et_gb_content_width":""},"product_brand":[],"product_cat":[773],"product_tag":[],"class_list":{"0":"post-294780","1":"product","2":"type-product","3":"status-publish","4":"has-post-thumbnail","6":"product_cat-tablas","8":"first","9":"instock","10":"shipping-taxable","11":"purchasable","12":"product-type-simple"},"_links":{"self":[{"href":"https:\/\/chulointeriors.com\/es\/wp-json\/wp\/v2\/product\/294780","targetHints":{"allow":["GET"]}}],"collection":[{"href":"https:\/\/chulointeriors.com\/es\/wp-json\/wp\/v2\/product"}],"about":[{"href":"https:\/\/chulointeriors.com\/es\/wp-json\/wp\/v2\/types\/product"}],"replies":[{"embeddable":true,"href":"https:\/\/chulointeriors.com\/es\/wp-json\/wp\/v2\/comments?post=294780"}],"wp:featuredmedia":[{"embeddable":true,"href":"https:\/\/chulointeriors.com\/es\/wp-json\/wp\/v2\/media\/294782"}],"wp:attachment":[{"href":"https:\/\/chulointeriors.com\/es\/wp-json\/wp\/v2\/media?parent=294780"}],"wp:term":[{"taxonomy":"product_brand","embeddable":true,"href":"https:\/\/chulointeriors.com\/es\/wp-json\/wp\/v2\/product_brand?post=294780"},{"taxonomy":"product_cat","embeddable":true,"href":"https:\/\/chulointeriors.com\/es\/wp-json\/wp\/v2\/product_cat?post=294780"},{"taxonomy":"product_tag","embeddable":true,"href":"https:\/\/chulointeriors.com\/es\/wp-json\/wp\/v2\/product_tag?post=294780"}],"curies":[{"name":"wp","href":"https:\/\/api.w.org\/{rel}","templated":true}]}}