{"id":294770,"date":"2024-08-02T11:16:03","date_gmt":"2024-08-02T09:16:03","guid":{"rendered":"https:\/\/chulointeriors.com\/?post_type=product&#038;p=294770"},"modified":"2024-08-02T11:36:21","modified_gmt":"2024-08-02T09:36:21","slug":"mesa-redonda-de-madera-de-roble-en-blanco-grisaceo","status":"publish","type":"product","link":"https:\/\/chulointeriors.com\/es\/product\/mesa-redonda-de-madera-de-roble-en-blanco-grisaceo\/","title":{"rendered":"Mesa redonda de madera de roble en blanco gris\u00e1ceo"},"content":{"rendered":"<p>Mejore su espacio vital con la elegancia atemporal y el dise\u00f1o moderno de nuestra Mesa Redonda de Chulointeriors. Fabricada en madera de roble de alta calidad y acabada en un elegante tono blanco-gris, esta mesa es el complemento perfecto para cualquier hogar contempor\u00e1neo.<\/p>\n<p>El elegante dise\u00f1o redondo de la mesa ofrece una armoniosa combinaci\u00f3n de forma y funcionalidad, convirti\u00e9ndola en la pieza central ideal para su sal\u00f3n. Su est\u00e9tica minimalista garantiza que complemente varios estilos de decoraci\u00f3n al tiempo que a\u00f1ade un toque de sofisticaci\u00f3n. El acabado blanco-gris resalta las vetas naturales de la madera de roble, proporcionando un aspecto sutil pero llamativo que eleva el ambiente general de su espacio.<\/p>\n<p>Esta mesa redonda combina a la perfecci\u00f3n con nuestros nuevos modelos TAK y XEI, permiti\u00e9ndole crear un conjunto de muebles cohesivo y elegante. Su robusta construcci\u00f3n garantiza su durabilidad, mientras que su dise\u00f1o moderno y atemporal la convierte en una pieza vers\u00e1til que puede adaptarse a las cambiantes tendencias de interior.<\/p>\n<p><b>Dimensiones:<\/b> 120 x 120 x 35 cm<\/p>\n<p>Complete su sal\u00f3n con la mesa redonda Chulointeriors, donde el estilo moderno se une al atractivo atemporal. Esta mesa promete ser un complemento funcional y elegante para su hogar, realzando su decoraci\u00f3n con su refinado dise\u00f1o y su artesan\u00eda de calidad.<\/p>\n","protected":false},"excerpt":{"rendered":"<p>Mejore su espacio vital con la elegancia atemporal y el dise\u00f1o moderno de nuestra Mesa Redonda de Chulointeriors. Fabricada en madera de roble de alta calidad y acabada en un elegante tono blanco-gris, esta mesa es el complemento perfecto para cualquier hogar contempor\u00e1neo. El elegante dise\u00f1o redondo de la mesa ofrece una armoniosa combinaci\u00f3n de [&hellip;]<\/p>\n","protected":false},"featured_media":294772,"comment_status":"open","ping_status":"closed","template":"","meta":{"_et_pb_use_builder":"","_et_pb_old_content":"","_et_gb_content_width":""},"product_brand":[],"product_cat":[773],"product_tag":[],"class_list":{"0":"post-294770","1":"product","2":"type-product","3":"status-publish","4":"has-post-thumbnail","6":"product_cat-tablas","8":"first","9":"instock","10":"shipping-taxable","11":"purchasable","12":"product-type-simple"},"_links":{"self":[{"href":"https:\/\/chulointeriors.com\/es\/wp-json\/wp\/v2\/product\/294770","targetHints":{"allow":["GET"]}}],"collection":[{"href":"https:\/\/chulointeriors.com\/es\/wp-json\/wp\/v2\/product"}],"about":[{"href":"https:\/\/chulointeriors.com\/es\/wp-json\/wp\/v2\/types\/product"}],"replies":[{"embeddable":true,"href":"https:\/\/chulointeriors.com\/es\/wp-json\/wp\/v2\/comments?post=294770"}],"wp:featuredmedia":[{"embeddable":true,"href":"https:\/\/chulointeriors.com\/es\/wp-json\/wp\/v2\/media\/294772"}],"wp:attachment":[{"href":"https:\/\/chulointeriors.com\/es\/wp-json\/wp\/v2\/media?parent=294770"}],"wp:term":[{"taxonomy":"product_brand","embeddable":true,"href":"https:\/\/chulointeriors.com\/es\/wp-json\/wp\/v2\/product_brand?post=294770"},{"taxonomy":"product_cat","embeddable":true,"href":"https:\/\/chulointeriors.com\/es\/wp-json\/wp\/v2\/product_cat?post=294770"},{"taxonomy":"product_tag","embeddable":true,"href":"https:\/\/chulointeriors.com\/es\/wp-json\/wp\/v2\/product_tag?post=294770"}],"curies":[{"name":"wp","href":"https:\/\/api.w.org\/{rel}","templated":true}]}}