{"id":294764,"date":"2025-03-31T15:55:10","date_gmt":"2025-03-31T13:55:10","guid":{"rendered":"https:\/\/chulointeriors.com\/?post_type=product&#038;p=294764"},"modified":"2025-04-08T15:07:33","modified_gmt":"2025-04-08T13:07:33","slug":"mesa-de-madera-y-metal","status":"publish","type":"product","link":"https:\/\/chulointeriors.com\/es\/product\/mesa-de-madera-y-metal\/","title":{"rendered":"Mesa de madera y metal"},"content":{"rendered":"<p>Presentamos la mezcla perfecta de elegancia y encanto industrial con nuestra mesa auxiliar de Chulointeriors. Esta mesa auxiliar est\u00e1 dise\u00f1ada para elevar la est\u00e9tica de cualquier habitaci\u00f3n a la vez que ofrece funcionalidad y estilo. Dominada por su hermoso color cobre, esta mesa es una pieza destacada que combina la calidez de la madera de roble con la elegancia del metal.<\/p>\n<p>La mesa presenta un robusto tablero de madera de roble, acabado con un sofisticado revestimiento met\u00e1lico que realza su durabilidad y atractivo visual. Las patas met\u00e1licas proporcionan una robusta estructura de soporte, garantizando estabilidad y longevidad. El dise\u00f1o sencillo pero pr\u00e1ctico de esta mesa la convierte en un complemento vers\u00e1til para su hogar, adecuado para diversos usos como mesa de centro, mesilla de noche o pieza de acento en su sal\u00f3n u oficina.<\/p>\n<p>El estilo industrial de esta mesa auxiliar, caracterizado por sus l\u00edneas limpias y su acabado en cobre, aporta un toque de modernidad y sofisticaci\u00f3n a tu espacio. Sus dimensiones compactas (130 x 70 x 42 cm) la convierten en una opci\u00f3n ideal tanto para estancias peque\u00f1as como grandes, ya que ofrece una amplia superficie sin sobrecargar la decoraci\u00f3n.<\/p>\n<p><b>Dimensiones:<\/b> 130 x 70 x 42 cm<\/p>\n<p>Transforme su hogar con la mesa auxiliar Chulointeriors, donde la elegancia se une al estilo industrial. Esta mesa promete ser un complemento elegante y funcional para cualquier sal\u00f3n contempor\u00e1neo.<\/p>\n","protected":false},"excerpt":{"rendered":"<p>Presentamos la mezcla perfecta de elegancia y encanto industrial con nuestra mesa auxiliar de Chulointeriors. Esta mesa auxiliar est\u00e1 dise\u00f1ada para elevar la est\u00e9tica de cualquier habitaci\u00f3n a la vez que ofrece funcionalidad y estilo. Dominada por su hermoso color cobre, esta mesa es una pieza destacada que combina la calidez de la madera de [&hellip;]<\/p>\n","protected":false},"featured_media":294766,"comment_status":"open","ping_status":"closed","template":"","meta":{"_et_pb_use_builder":"","_et_pb_old_content":"","_et_gb_content_width":""},"product_brand":[],"product_cat":[773],"product_tag":[],"class_list":{"0":"post-294764","1":"product","2":"type-product","3":"status-publish","4":"has-post-thumbnail","6":"product_cat-tablas","8":"first","9":"instock","10":"shipping-taxable","11":"purchasable","12":"product-type-simple"},"_links":{"self":[{"href":"https:\/\/chulointeriors.com\/es\/wp-json\/wp\/v2\/product\/294764","targetHints":{"allow":["GET"]}}],"collection":[{"href":"https:\/\/chulointeriors.com\/es\/wp-json\/wp\/v2\/product"}],"about":[{"href":"https:\/\/chulointeriors.com\/es\/wp-json\/wp\/v2\/types\/product"}],"replies":[{"embeddable":true,"href":"https:\/\/chulointeriors.com\/es\/wp-json\/wp\/v2\/comments?post=294764"}],"wp:featuredmedia":[{"embeddable":true,"href":"https:\/\/chulointeriors.com\/es\/wp-json\/wp\/v2\/media\/294766"}],"wp:attachment":[{"href":"https:\/\/chulointeriors.com\/es\/wp-json\/wp\/v2\/media?parent=294764"}],"wp:term":[{"taxonomy":"product_brand","embeddable":true,"href":"https:\/\/chulointeriors.com\/es\/wp-json\/wp\/v2\/product_brand?post=294764"},{"taxonomy":"product_cat","embeddable":true,"href":"https:\/\/chulointeriors.com\/es\/wp-json\/wp\/v2\/product_cat?post=294764"},{"taxonomy":"product_tag","embeddable":true,"href":"https:\/\/chulointeriors.com\/es\/wp-json\/wp\/v2\/product_tag?post=294764"}],"curies":[{"name":"wp","href":"https:\/\/api.w.org\/{rel}","templated":true}]}}